{"id":12787,"date":"2025-04-14T08:54:45","date_gmt":"2025-04-14T08:54:45","guid":{"rendered":"https:\/\/new.onedrone.com\/?page_id=12787"},"modified":"2026-01-15T10:45:04","modified_gmt":"2026-01-15T10:45:04","slug":"politika-zasebnosti","status":"publish","type":"page","link":"https:\/\/onedrone.com\/sl\/politika-zasebnosti\/","title":{"rendered":"Politika zasebnosti"},"content":{"rendered":"\t\t<div data-elementor-type=\"wp-page\" data-elementor-id=\"12787\" class=\"elementor elementor-12787 elementor-3\" data-elementor-post-type=\"page\">\n\t\t\t\t<div class=\"elementor-element elementor-element-669e8089 solutions-header e-flex e-con-boxed e-con e-parent\" data-id=\"669e8089\" data-element_type=\"container\" data-e-type=\"container\" data-settings=\"{&quot;background_background&quot;:&quot;classic&quot;}\">\n\t\t\t\t\t<div class=\"e-con-inner\">\n\t\t<div class=\"elementor-element elementor-element-21f59d94 e-con-full e-flex e-con e-child\" data-id=\"21f59d94\" data-element_type=\"container\" data-e-type=\"container\">\n\t\t\t\t<div class=\"elementor-element elementor-element-11e3901 elementor-widget elementor-widget-heading\" data-id=\"11e3901\" data-element_type=\"widget\" data-e-type=\"widget\" id=\"2line-title\" data-widget_type=\"heading.default\">\n\t\t\t\t<div class=\"elementor-widget-container\">\n\t\t\t\t\t<h1 class=\"elementor-heading-title elementor-size-default\">Politika zasebnosti<\/h1>\t\t\t\t<\/div>\n\t\t\t\t<\/div>\n\t\t\t\t<\/div>\n\t\t\t\t\t<\/div>\n\t\t\t\t<\/div>\n\t\t<div class=\"elementor-element elementor-element-6d01aaee e-flex e-con-boxed e-con e-parent\" data-id=\"6d01aaee\" data-element_type=\"container\" data-e-type=\"container\">\n\t\t\t\t\t<div class=\"e-con-inner\">\n\t\t\t\t<div class=\"elementor-element elementor-element-78f15c7a elementor-widget elementor-widget-text-editor\" data-id=\"78f15c7a\" data-element_type=\"widget\" data-e-type=\"widget\" data-widget_type=\"text-editor.default\">\n\t\t\t\t<div class=\"elementor-widget-container\">\n\t\t\t\t\t\t\t\t\t<strong>Veljavnost, sprejem in uporaba politike varstva zasebnosti<\/strong> I. Politika varstva zasebnosti velja za vsakogar, ki se skladno s Splo\u0161nimi pogoji poslovanja in uporabe spletnega mesta onedrone.si \u0161teje za uporabnika ter za celotno spletno mesto, vklju\u010dno z njegovimi podstranmi. Uporabnik je vsaka pravna ali fizi\u010dna oseba, ki uporablja oziroma obi\u0161\u010de spletno mesto (v nadaljevanju: uporabnik). Z uporabo spletnega mesta uporabnik potrjuje, da se strinja s to Politiko varstva zasebnosti. Ponudnik si pridru\u017euje pravico, da kadarkoli in brez vnaprej\u0161njega obvestila spremeni katerokoli dolo\u010dbo te Politike varstva zasebnosti. Uporabnik se z nadaljnjo uporabo spletnega mesta strinja s spremembami. <strong>Varstvo osebnih podatkov oziroma zasebnosti<\/strong> II. Uporabnik se strinja, da OneDrone za namene svojega poslovanja zbira in obdeluje njegove osebne podatke, ki jih je posredoval ob prijavi na elektronske novice in\/ali pri izpolnitvi kontaktnega obrazca. Z osebnimi podatki, zbranimi na spletnem mestu, upravlja OneDrone d.o.o., Cesta Andreja Bitenca 36, 1210 Ljubljana \u2013 \u0160entvid. Vsi podatki, zbrani na spletnem mestu, se obravnavajo v skladu s to Politiko varstva zasebnosti, ki je javno dostopna na spletnem mestu in velja od 1. 11. 2021. <strong>Namen zbiranja osebnih podatkov<\/strong> III. OneDrone zbira in obdeluje osebne podatke uporabnikov z namenom obve\u0161\u010danja uporabnika o novostih in upravljanja z oddanimi povpra\u0161evanji. IV. Podatki se shranjujejo v bazi, ki je upravljana v skladu s politiko podjetja in v skladu z varnostno politiko izvajalca, v \u010dasu trajanja razmerja med uporabnikom in ponudnikom in \u0161e 5 let po prenehanju njunega razmerja. Uporabnik lahko kadarkoli pisno zahteva izbris svojih podatkov iz baze. Podatki se po izbrisu ne shranjujejo v bazi. OneDrone o zahtevi odlo\u010di v roku osmih delovnih dni. Uporabnik poda zahtevo za izbris svojih podatkov tako, da v prejetih elektronskih novicah klikne na povezavo za odjavo s seznama prejemnikov sporo\u010dil ali po\u0161lje zahtevo za izbris na naslov elektronske po\u0161te info@onedrone.si. V. Skladno z dolo\u010dili ZVOP-1 ima uporabnik pravico pri podjetju preveriti pravilnost izvajanja zavarovanja in obdelovanja osebnih podatkov. Uporabnik mora z zahtevo pregled prostorov in opreme vsaj pet delovnih dni vnaprej napovedati. Zaradi zavarovanja poslovne skrivnosti in drugih ob\u010dutljivih podatkov ponudnika se pregled izvede ob prisotnosti poobla\u0161\u010dene osebe podjetja. <strong>Zavarovanje osebnih podatkov<\/strong> VI. Varovanje osebnih podatkov se izvaja skladno s 1. odstavkom 25. \u010dlena ZVOP-1. Osebni podatki so zavarovani v okviru pravnih, organizacijskih in ustreznih logi\u010dno-tehni\u010dnih postopkov in ukrepov za prepre\u010ditev naklju\u010dnega ali namernega nepoobla\u0161\u010denega uni\u010devanja podatkov, njihovih sprememb ali izgub ter nepoobla\u0161\u010dene obdelave teh podatkov tako, da se: \u2013 varujejo prostori, oprema in sistemska programska oprema, vklju\u010dno z vhodno-izhodnimi enotami; \u2013 varuje aplikativna programska oprema, s katero se obdelujejo osebni podatki; \u2013 prepre\u010duje nepoobla\u0161\u010den dostop do osebnih podatkov pri njihovem prenosu, vklju\u010dno s prenosom po telekomunikacijskih sredstvih in omre\u017ejih; \u2013 zagotavlja u\u010dinkovit na\u010din blokiranja, uni\u010denja, izbrisa ali anonimiziranja osebnih podatkov;omogo\u010da poznej\u0161e ugotavljanje, kdaj so bili posamezni osebni podatki uporabljeni in vneseni v zbirko podatkov in kdo je to storil, in sicer za obdobje, za katero se posamezni podatki shranjujejo. <strong>Kon\u010dne dolo\u010dbe<\/strong> VII. Ta Politika varstva zasebnosti velja od 1. 11. 2021 dalje.\t\t\t\t\t\t\t\t<\/div>\n\t\t\t\t<\/div>\n\t\t\t\t\t<\/div>\n\t\t\t\t<\/div>\n\t\t\t\t<\/div>\n\t\t","protected":false},"excerpt":{"rendered":"<p>Veljavnost, sprejem in uporaba politike varstva zasebnosti I. Politika varstva zasebnosti velja za vsakogar, ki se skladno s Splo\u0161nimi pogoji poslovanja in uporabe spletnega mesta onedrone.si \u0161teje za uporabnika ter za celotno spletno mesto, vklju\u010dno z njegovimi podstranmi. Uporabnik je vsaka pravna ali fizi\u010dna oseba, ki uporablja oziroma obi\u0161\u010de spletno mesto (v nadaljevanju: uporabnik). Z [&hellip;]<\/p>\n","protected":false},"author":2,"featured_media":0,"parent":0,"menu_order":53,"comment_status":"closed","ping_status":"open","template":"","meta":{"_acf_changed":false,"footnotes":""},"class_list":["post-12787","page","type-page","status-publish","hentry"],"acf":[],"yoast_head":"<!-- This site is optimized with the Yoast SEO plugin v27.5 - https:\/\/yoast.com\/product\/yoast-seo-wordpress\/ -->\n<title>Politika zasebnosti - OneDrone<\/title>\n<meta name=\"robots\" content=\"index, follow, max-snippet:-1, max-image-preview:large, max-video-preview:-1\" \/>\n<link rel=\"canonical\" href=\"https:\/\/onedrone.com\/sl\/politika-zasebnosti\/\" \/>\n<meta property=\"og:locale\" content=\"sl_SI\" \/>\n<meta property=\"og:type\" content=\"article\" \/>\n<meta property=\"og:title\" content=\"Politika zasebnosti - OneDrone\" \/>\n<meta property=\"og:description\" content=\"Veljavnost, sprejem in uporaba politike varstva zasebnosti I. Politika varstva zasebnosti velja za vsakogar, ki se skladno s Splo\u0161nimi pogoji poslovanja in uporabe spletnega mesta onedrone.si \u0161teje za uporabnika ter za celotno spletno mesto, vklju\u010dno z njegovimi podstranmi. Uporabnik je vsaka pravna ali fizi\u010dna oseba, ki uporablja oziroma obi\u0161\u010de spletno mesto (v nadaljevanju: uporabnik). Z [&hellip;]\" \/>\n<meta property=\"og:url\" content=\"https:\/\/onedrone.com\/sl\/politika-zasebnosti\/\" \/>\n<meta property=\"og:site_name\" content=\"OneDrone\" \/>\n<meta property=\"article:publisher\" content=\"https:\/\/www.facebook.com\/onedrone.si\/\" \/>\n<meta property=\"article:modified_time\" content=\"2026-01-15T10:45:04+00:00\" \/>\n<meta name=\"twitter:card\" content=\"summary_large_image\" \/>\n<meta name=\"twitter:label1\" content=\"Est. reading time\" \/>\n\t<meta name=\"twitter:data1\" content=\"3 minute\" \/>\n<script type=\"application\/ld+json\" class=\"yoast-schema-graph\">{\"@context\":\"https:\\\/\\\/schema.org\",\"@graph\":[{\"@type\":\"WebPage\",\"@id\":\"https:\\\/\\\/onedrone.com\\\/sl\\\/politika-zasebnosti\\\/\",\"url\":\"https:\\\/\\\/onedrone.com\\\/sl\\\/politika-zasebnosti\\\/\",\"name\":\"Politika zasebnosti - OneDrone\",\"isPartOf\":{\"@id\":\"https:\\\/\\\/onedrone.com\\\/sl\\\/#website\"},\"datePublished\":\"2025-04-14T08:54:45+00:00\",\"dateModified\":\"2026-01-15T10:45:04+00:00\",\"breadcrumb\":{\"@id\":\"https:\\\/\\\/onedrone.com\\\/sl\\\/politika-zasebnosti\\\/#breadcrumb\"},\"inLanguage\":\"sl-SI\",\"potentialAction\":[{\"@type\":\"ReadAction\",\"target\":[\"https:\\\/\\\/onedrone.com\\\/sl\\\/politika-zasebnosti\\\/\"]}]},{\"@type\":\"BreadcrumbList\",\"@id\":\"https:\\\/\\\/onedrone.com\\\/sl\\\/politika-zasebnosti\\\/#breadcrumb\",\"itemListElement\":[{\"@type\":\"ListItem\",\"position\":1,\"name\":\"Domov\",\"item\":\"https:\\\/\\\/onedrone.com\\\/sl\\\/\"},{\"@type\":\"ListItem\",\"position\":2,\"name\":\"Politika zasebnosti\"}]},{\"@type\":\"WebSite\",\"@id\":\"https:\\\/\\\/onedrone.com\\\/sl\\\/#website\",\"url\":\"https:\\\/\\\/onedrone.com\\\/sl\\\/\",\"name\":\"OneDrone\",\"description\":\"Your Drone adventure starts here\",\"publisher\":{\"@id\":\"https:\\\/\\\/onedrone.com\\\/sl\\\/#organization\"},\"potentialAction\":[{\"@type\":\"SearchAction\",\"target\":{\"@type\":\"EntryPoint\",\"urlTemplate\":\"https:\\\/\\\/onedrone.com\\\/sl\\\/?s={search_term_string}\"},\"query-input\":{\"@type\":\"PropertyValueSpecification\",\"valueRequired\":true,\"valueName\":\"search_term_string\"}}],\"inLanguage\":\"sl-SI\"},{\"@type\":\"Organization\",\"@id\":\"https:\\\/\\\/onedrone.com\\\/sl\\\/#organization\",\"name\":\"OneDrone\",\"url\":\"https:\\\/\\\/onedrone.com\\\/sl\\\/\",\"logo\":{\"@type\":\"ImageObject\",\"inLanguage\":\"sl-SI\",\"@id\":\"https:\\\/\\\/onedrone.com\\\/sl\\\/#\\\/schema\\\/logo\\\/image\\\/\",\"url\":\"https:\\\/\\\/onedrone.com\\\/wp-content\\\/uploads\\\/2025\\\/09\\\/black.svg\",\"contentUrl\":\"https:\\\/\\\/onedrone.com\\\/wp-content\\\/uploads\\\/2025\\\/09\\\/black.svg\",\"width\":1932,\"height\":464,\"caption\":\"OneDrone\"},\"image\":{\"@id\":\"https:\\\/\\\/onedrone.com\\\/sl\\\/#\\\/schema\\\/logo\\\/image\\\/\"},\"sameAs\":[\"https:\\\/\\\/www.facebook.com\\\/onedrone.si\\\/\"]}]}<\/script>\n<!-- \/ Yoast SEO plugin. -->","yoast_head_json":{"title":"Politika zasebnosti - OneDrone","robots":{"index":"index","follow":"follow","max-snippet":"max-snippet:-1","max-image-preview":"max-image-preview:large","max-video-preview":"max-video-preview:-1"},"canonical":"https:\/\/onedrone.com\/sl\/politika-zasebnosti\/","og_locale":"sl_SI","og_type":"article","og_title":"Politika zasebnosti - OneDrone","og_description":"Veljavnost, sprejem in uporaba politike varstva zasebnosti I. Politika varstva zasebnosti velja za vsakogar, ki se skladno s Splo\u0161nimi pogoji poslovanja in uporabe spletnega mesta onedrone.si \u0161teje za uporabnika ter za celotno spletno mesto, vklju\u010dno z njegovimi podstranmi. Uporabnik je vsaka pravna ali fizi\u010dna oseba, ki uporablja oziroma obi\u0161\u010de spletno mesto (v nadaljevanju: uporabnik). Z [&hellip;]","og_url":"https:\/\/onedrone.com\/sl\/politika-zasebnosti\/","og_site_name":"OneDrone","article_publisher":"https:\/\/www.facebook.com\/onedrone.si\/","article_modified_time":"2026-01-15T10:45:04+00:00","twitter_card":"summary_large_image","twitter_misc":{"Est. reading time":"3 minute"},"schema":{"@context":"https:\/\/schema.org","@graph":[{"@type":"WebPage","@id":"https:\/\/onedrone.com\/sl\/politika-zasebnosti\/","url":"https:\/\/onedrone.com\/sl\/politika-zasebnosti\/","name":"Politika zasebnosti - OneDrone","isPartOf":{"@id":"https:\/\/onedrone.com\/sl\/#website"},"datePublished":"2025-04-14T08:54:45+00:00","dateModified":"2026-01-15T10:45:04+00:00","breadcrumb":{"@id":"https:\/\/onedrone.com\/sl\/politika-zasebnosti\/#breadcrumb"},"inLanguage":"sl-SI","potentialAction":[{"@type":"ReadAction","target":["https:\/\/onedrone.com\/sl\/politika-zasebnosti\/"]}]},{"@type":"BreadcrumbList","@id":"https:\/\/onedrone.com\/sl\/politika-zasebnosti\/#breadcrumb","itemListElement":[{"@type":"ListItem","position":1,"name":"Domov","item":"https:\/\/onedrone.com\/sl\/"},{"@type":"ListItem","position":2,"name":"Politika zasebnosti"}]},{"@type":"WebSite","@id":"https:\/\/onedrone.com\/sl\/#website","url":"https:\/\/onedrone.com\/sl\/","name":"OneDrone","description":"Your Drone adventure starts here","publisher":{"@id":"https:\/\/onedrone.com\/sl\/#organization"},"potentialAction":[{"@type":"SearchAction","target":{"@type":"EntryPoint","urlTemplate":"https:\/\/onedrone.com\/sl\/?s={search_term_string}"},"query-input":{"@type":"PropertyValueSpecification","valueRequired":true,"valueName":"search_term_string"}}],"inLanguage":"sl-SI"},{"@type":"Organization","@id":"https:\/\/onedrone.com\/sl\/#organization","name":"OneDrone","url":"https:\/\/onedrone.com\/sl\/","logo":{"@type":"ImageObject","inLanguage":"sl-SI","@id":"https:\/\/onedrone.com\/sl\/#\/schema\/logo\/image\/","url":"https:\/\/onedrone.com\/wp-content\/uploads\/2025\/09\/black.svg","contentUrl":"https:\/\/onedrone.com\/wp-content\/uploads\/2025\/09\/black.svg","width":1932,"height":464,"caption":"OneDrone"},"image":{"@id":"https:\/\/onedrone.com\/sl\/#\/schema\/logo\/image\/"},"sameAs":["https:\/\/www.facebook.com\/onedrone.si\/"]}]}},"_links":{"self":[{"href":"https:\/\/onedrone.com\/sl\/wp-json\/wp\/v2\/pages\/12787","targetHints":{"allow":["GET"]}}],"collection":[{"href":"https:\/\/onedrone.com\/sl\/wp-json\/wp\/v2\/pages"}],"about":[{"href":"https:\/\/onedrone.com\/sl\/wp-json\/wp\/v2\/types\/page"}],"author":[{"embeddable":true,"href":"https:\/\/onedrone.com\/sl\/wp-json\/wp\/v2\/users\/2"}],"replies":[{"embeddable":true,"href":"https:\/\/onedrone.com\/sl\/wp-json\/wp\/v2\/comments?post=12787"}],"version-history":[{"count":12,"href":"https:\/\/onedrone.com\/sl\/wp-json\/wp\/v2\/pages\/12787\/revisions"}],"predecessor-version":[{"id":19553,"href":"https:\/\/onedrone.com\/sl\/wp-json\/wp\/v2\/pages\/12787\/revisions\/19553"}],"wp:attachment":[{"href":"https:\/\/onedrone.com\/sl\/wp-json\/wp\/v2\/media?parent=12787"}],"curies":[{"name":"wp","href":"https:\/\/api.w.org\/{rel}","templated":true}]}}