{"id":18408,"date":"2025-04-14T08:54:45","date_gmt":"2025-04-14T08:54:45","guid":{"rendered":"https:\/\/onedrone.com\/politika-zasebnosti\/"},"modified":"2026-01-12T10:50:08","modified_gmt":"2026-01-12T10:50:08","slug":"politika-zasebnosti","status":"publish","type":"page","link":"https:\/\/onedrone.com\/me\/politika-zasebnosti\/","title":{"rendered":"Politika privatnosti"},"content":{"rendered":"\t\t<div data-elementor-type=\"wp-page\" data-elementor-id=\"18408\" class=\"elementor elementor-18408 elementor-3\" data-elementor-post-type=\"page\">\n\t\t\t\t<div class=\"elementor-element elementor-element-669e8089 solutions-header e-flex e-con-boxed e-con e-parent\" data-id=\"669e8089\" data-element_type=\"container\" data-e-type=\"container\" data-settings=\"{&quot;background_background&quot;:&quot;classic&quot;}\">\n\t\t\t\t\t<div class=\"e-con-inner\">\n\t\t<div class=\"elementor-element elementor-element-21f59d94 e-con-full e-flex e-con e-child\" data-id=\"21f59d94\" data-element_type=\"container\" data-e-type=\"container\">\n\t\t\t\t<div class=\"elementor-element elementor-element-11e3901 elementor-widget elementor-widget-heading\" data-id=\"11e3901\" data-element_type=\"widget\" data-e-type=\"widget\" id=\"2line-title\" data-widget_type=\"heading.default\">\n\t\t\t\t<div class=\"elementor-widget-container\">\n\t\t\t\t\t<h1 class=\"elementor-heading-title elementor-size-default\">Politika privatnosti<\/h1>\t\t\t\t<\/div>\n\t\t\t\t<\/div>\n\t\t\t\t<\/div>\n\t\t\t\t\t<\/div>\n\t\t\t\t<\/div>\n\t\t<div class=\"elementor-element elementor-element-6d01aaee e-flex e-con-boxed e-con e-parent\" data-id=\"6d01aaee\" data-element_type=\"container\" data-e-type=\"container\">\n\t\t\t\t\t<div class=\"e-con-inner\">\n\t\t\t\t<div class=\"elementor-element elementor-element-78f15c7a elementor-widget elementor-widget-text-editor\" data-id=\"78f15c7a\" data-element_type=\"widget\" data-e-type=\"widget\" data-widget_type=\"text-editor.default\">\n\t\t\t\t<div class=\"elementor-widget-container\">\n\t\t\t\t\t\t\t\t\t<strong>Va\u017eenje, prihvatanje i primjena politike za\u0161tite privatnosti<\/strong>\n\nI.\nPolitika za\u0161tite privatnosti primjenjuje se na svako lice koje se, u skladu sa Op\u0161tim uslovima poslovanja i kori\u0161\u0107enja web-sajta onedrone.si, smatra korisnikom, kao i na cjelokupan web-sajt, uklju\u010duju\u0107i sve njegove podstranice.\n\nKorisnik je svako pravno ili fizi\u010dko lice koje koristi ili posje\u0107uje web-sajt (u daljem tekstu: korisnik).\n\nKori\u0161\u0107enjem web-sajta korisnik potvr\u0111uje da je saglasan sa ovom Politikom za\u0161tite privatnosti.\n\nPru\u017ealac usluge zadr\u017eava pravo da u bilo kom trenutku i bez prethodne najave izmijeni bilo koju odredbu ove Politike za\u0161tite privatnosti. Nastavkom kori\u0161\u0107enja web-sajta korisnik prihvata izvr\u0161ene izmjene.\n\n<strong>Za\u0161tita li\u010dnih podataka odnosno privatnosti<\/strong>\n\nII.\nKorisnik je saglasan da OneDrone, u svrhu svog poslovanja, prikuplja i obra\u0111uje njegove li\u010dne podatke koje je dostavio prilikom prijave na elektronske novosti i\/ili popunjavanja kontakt obrasca.\n\nUpravlja\u010d li\u010dnih podataka prikupljenih putem web-sajta je OneDrone d.o.o., Cesta Andreja Bitenca 36, 1210 Ljubljana \u2013 \u0160entvid.\n\nSvi podaci prikupljeni putem web-sajta obra\u0111uju se u skladu sa ovom Politikom za\u0161tite privatnosti, koja je javno dostupna na web-sajtu i va\u017ei od 1. 11. 2021.\n\n<strong>Svrha prikupljanja li\u010dnih podataka<\/strong>\n\nIII.\nOneDrone prikuplja i obra\u0111uje li\u010dne podatke korisnika u svrhu informisanja korisnika o novostima i upravljanja dostavljenim upitima.\n\nIV.\nPodaci se \u010duvaju u bazi podataka koja se vodi u skladu sa internom politikom kompanije i bezbjednosnom politikom pru\u017eaoca usluga, tokom trajanja odnosa izme\u0111u korisnika i pru\u017eaoca usluga, kao i jo\u0161 5 godina nakon prestanka tog odnosa.\n\nKorisnik mo\u017ee u svakom trenutku pisanim putem zatra\u017eiti brisanje svojih podataka iz baze. Nakon brisanja, podaci se vi\u0161e ne \u010duvaju u bazi. OneDrone odlu\u010duje o zahtjevu u roku od osam radnih dana. Korisnik mo\u017ee podnijeti zahtjev za brisanje svojih podataka klikom na link za odjavu u primljenim elektronskim porukama ili slanjem zahtjeva na e-mail adresu info@onedrone.si.\n\nV.\nU skladu sa odredbama ZVOP-1, korisnik ima pravo da kod kompanije provjeri pravilnost sprovo\u0111enja mjera za\u0161tite i obrade li\u010dnih podataka. Korisnik mora najaviti zahtjev za pregled prostorija i opreme najmanje pet radnih dana unaprijed. Radi za\u0161tite poslovne tajne i drugih osjetljivih podataka pru\u017eaoca usluga, pregled se vr\u0161i u prisustvu ovla\u0161\u0107enog lica kompanije.\n\n<strong>Obezbje\u0111enje li\u010dnih podataka<\/strong>\n\nVI.\nZa\u0161tita li\u010dnih podataka sprovodi se u skladu sa stavom 1 \u010dlana 25 ZVOP-1. Li\u010dni podaci su za\u0161ti\u0107eni kroz pravne, organizacione i odgovaraju\u0107e tehni\u010dko-logi\u010dke postupke i mjere radi spre\u010davanja slu\u010dajnog ili namjernog neovla\u0161\u0107enog uni\u0161tavanja podataka, njihove izmjene ili gubitka, kao i neovla\u0161\u0107ene obrade, na na\u010din da se:\n\u2013 \u0161tite prostorije, oprema i sistemski softver, uklju\u010duju\u0107i ulazno-izlazne jedinice;\n\u2013 \u0161titi aplikativni softver kojim se obra\u0111uju li\u010dni podaci;\n\u2013 sprje\u010dava neovla\u0161\u0107en pristup li\u010dnim podacima tokom njihovog prenosa, uklju\u010duju\u0107i prenos putem telekomunikacionih sredstava i mre\u017ea;\n\u2013 obezbje\u0111uje efikasan na\u010din blokiranja, uni\u0161tavanja, brisanja ili anonimizacije li\u010dnih podataka;\n\u2013 omogu\u0107ava naknadno utvr\u0111ivanje kada su pojedini li\u010dni podaci kori\u0161\u0107eni i uneseni u bazu podataka i ko je to u\u010dinio, za period za koji se podaci \u010duvaju.\n\n<strong>Zavr\u0161ne odredbe<\/strong>\n\nVII.\nOva Politika za\u0161tite privatnosti va\u017ei od 1. 11. 2021.\n\t\t\t\t\t\t\t\t<\/div>\n\t\t\t\t<\/div>\n\t\t\t\t\t<\/div>\n\t\t\t\t<\/div>\n\t\t\t\t<\/div>\n\t\t","protected":false},"excerpt":{"rendered":"<p>Va\u017eenje, prihvatanje i primjena politike za\u0161tite privatnosti I. Politika za\u0161tite privatnosti primjenjuje se na svako lice koje se, u skladu sa Op\u0161tim uslovima poslovanja i kori\u0161\u0107enja web-sajta onedrone.si, smatra korisnikom, kao i na cjelokupan web-sajt, uklju\u010duju\u0107i sve njegove podstranice. Korisnik je svako pravno ili fizi\u010dko lice koje koristi ili posje\u0107uje web-sajt (u daljem tekstu: korisnik). [&hellip;]<\/p>\n","protected":false},"author":2,"featured_media":0,"parent":0,"menu_order":50,"comment_status":"closed","ping_status":"open","template":"","meta":{"_acf_changed":false,"footnotes":""},"class_list":["post-18408","page","type-page","status-publish","hentry"],"acf":[],"yoast_head":"<!-- This site is optimized with the Yoast SEO plugin v27.4 - https:\/\/yoast.com\/product\/yoast-seo-wordpress\/ -->\n<title>Politika privatnosti - OneDrone<\/title>\n<meta name=\"robots\" content=\"index, follow, max-snippet:-1, max-image-preview:large, max-video-preview:-1\" \/>\n<link rel=\"canonical\" href=\"https:\/\/onedrone.com\/me\/politika-zasebnosti\/\" \/>\n<meta property=\"og:locale\" content=\"en_US\" \/>\n<meta property=\"og:type\" content=\"article\" \/>\n<meta property=\"og:title\" content=\"Politika privatnosti - OneDrone\" \/>\n<meta property=\"og:description\" content=\"Va\u017eenje, prihvatanje i primjena politike za\u0161tite privatnosti I. Politika za\u0161tite privatnosti primjenjuje se na svako lice koje se, u skladu sa Op\u0161tim uslovima poslovanja i kori\u0161\u0107enja web-sajta onedrone.si, smatra korisnikom, kao i na cjelokupan web-sajt, uklju\u010duju\u0107i sve njegove podstranice. Korisnik je svako pravno ili fizi\u010dko lice koje koristi ili posje\u0107uje web-sajt (u daljem tekstu: korisnik). [&hellip;]\" \/>\n<meta property=\"og:url\" content=\"https:\/\/onedrone.com\/me\/politika-zasebnosti\/\" \/>\n<meta property=\"og:site_name\" content=\"OneDrone\" \/>\n<meta property=\"article:publisher\" content=\"https:\/\/www.facebook.com\/onedrone.si\/\" \/>\n<meta property=\"article:modified_time\" content=\"2026-01-12T10:50:08+00:00\" \/>\n<meta name=\"twitter:card\" content=\"summary_large_image\" \/>\n<meta name=\"twitter:label1\" content=\"Est. reading time\" \/>\n\t<meta name=\"twitter:data1\" content=\"3 minutes\" \/>\n<script type=\"application\/ld+json\" class=\"yoast-schema-graph\">{\"@context\":\"https:\\\/\\\/schema.org\",\"@graph\":[{\"@type\":\"WebPage\",\"@id\":\"https:\\\/\\\/onedrone.com\\\/me\\\/politika-zasebnosti\\\/\",\"url\":\"https:\\\/\\\/onedrone.com\\\/me\\\/politika-zasebnosti\\\/\",\"name\":\"Politika privatnosti - OneDrone\",\"isPartOf\":{\"@id\":\"https:\\\/\\\/onedrone.com\\\/me\\\/#website\"},\"datePublished\":\"2025-04-14T08:54:45+00:00\",\"dateModified\":\"2026-01-12T10:50:08+00:00\",\"breadcrumb\":{\"@id\":\"https:\\\/\\\/onedrone.com\\\/me\\\/politika-zasebnosti\\\/#breadcrumb\"},\"inLanguage\":\"sr-ME\",\"potentialAction\":[{\"@type\":\"ReadAction\",\"target\":[\"https:\\\/\\\/onedrone.com\\\/me\\\/politika-zasebnosti\\\/\"]}]},{\"@type\":\"BreadcrumbList\",\"@id\":\"https:\\\/\\\/onedrone.com\\\/me\\\/politika-zasebnosti\\\/#breadcrumb\",\"itemListElement\":[{\"@type\":\"ListItem\",\"position\":1,\"name\":\"Po\u010detna\",\"item\":\"https:\\\/\\\/onedrone.com\\\/me\\\/\"},{\"@type\":\"ListItem\",\"position\":2,\"name\":\"Politika privatnosti\"}]},{\"@type\":\"WebSite\",\"@id\":\"https:\\\/\\\/onedrone.com\\\/me\\\/#website\",\"url\":\"https:\\\/\\\/onedrone.com\\\/me\\\/\",\"name\":\"OneDrone\",\"description\":\"Your Drone adventure starts here\",\"publisher\":{\"@id\":\"https:\\\/\\\/onedrone.com\\\/me\\\/#organization\"},\"potentialAction\":[{\"@type\":\"SearchAction\",\"target\":{\"@type\":\"EntryPoint\",\"urlTemplate\":\"https:\\\/\\\/onedrone.com\\\/me\\\/?s={search_term_string}\"},\"query-input\":{\"@type\":\"PropertyValueSpecification\",\"valueRequired\":true,\"valueName\":\"search_term_string\"}}],\"inLanguage\":\"sr-ME\"},{\"@type\":\"Organization\",\"@id\":\"https:\\\/\\\/onedrone.com\\\/me\\\/#organization\",\"name\":\"OneDrone\",\"url\":\"https:\\\/\\\/onedrone.com\\\/me\\\/\",\"logo\":{\"@type\":\"ImageObject\",\"inLanguage\":\"sr-ME\",\"@id\":\"https:\\\/\\\/onedrone.com\\\/me\\\/#\\\/schema\\\/logo\\\/image\\\/\",\"url\":\"https:\\\/\\\/onedrone.com\\\/wp-content\\\/uploads\\\/2025\\\/09\\\/black.svg\",\"contentUrl\":\"https:\\\/\\\/onedrone.com\\\/wp-content\\\/uploads\\\/2025\\\/09\\\/black.svg\",\"width\":1932,\"height\":464,\"caption\":\"OneDrone\"},\"image\":{\"@id\":\"https:\\\/\\\/onedrone.com\\\/me\\\/#\\\/schema\\\/logo\\\/image\\\/\"},\"sameAs\":[\"https:\\\/\\\/www.facebook.com\\\/onedrone.si\\\/\"]}]}<\/script>\n<!-- \/ Yoast SEO plugin. -->","yoast_head_json":{"title":"Politika privatnosti - OneDrone","robots":{"index":"index","follow":"follow","max-snippet":"max-snippet:-1","max-image-preview":"max-image-preview:large","max-video-preview":"max-video-preview:-1"},"canonical":"https:\/\/onedrone.com\/me\/politika-zasebnosti\/","og_locale":"en_US","og_type":"article","og_title":"Politika privatnosti - OneDrone","og_description":"Va\u017eenje, prihvatanje i primjena politike za\u0161tite privatnosti I. Politika za\u0161tite privatnosti primjenjuje se na svako lice koje se, u skladu sa Op\u0161tim uslovima poslovanja i kori\u0161\u0107enja web-sajta onedrone.si, smatra korisnikom, kao i na cjelokupan web-sajt, uklju\u010duju\u0107i sve njegove podstranice. Korisnik je svako pravno ili fizi\u010dko lice koje koristi ili posje\u0107uje web-sajt (u daljem tekstu: korisnik). [&hellip;]","og_url":"https:\/\/onedrone.com\/me\/politika-zasebnosti\/","og_site_name":"OneDrone","article_publisher":"https:\/\/www.facebook.com\/onedrone.si\/","article_modified_time":"2026-01-12T10:50:08+00:00","twitter_card":"summary_large_image","twitter_misc":{"Est. reading time":"3 minutes"},"schema":{"@context":"https:\/\/schema.org","@graph":[{"@type":"WebPage","@id":"https:\/\/onedrone.com\/me\/politika-zasebnosti\/","url":"https:\/\/onedrone.com\/me\/politika-zasebnosti\/","name":"Politika privatnosti - OneDrone","isPartOf":{"@id":"https:\/\/onedrone.com\/me\/#website"},"datePublished":"2025-04-14T08:54:45+00:00","dateModified":"2026-01-12T10:50:08+00:00","breadcrumb":{"@id":"https:\/\/onedrone.com\/me\/politika-zasebnosti\/#breadcrumb"},"inLanguage":"sr-ME","potentialAction":[{"@type":"ReadAction","target":["https:\/\/onedrone.com\/me\/politika-zasebnosti\/"]}]},{"@type":"BreadcrumbList","@id":"https:\/\/onedrone.com\/me\/politika-zasebnosti\/#breadcrumb","itemListElement":[{"@type":"ListItem","position":1,"name":"Po\u010detna","item":"https:\/\/onedrone.com\/me\/"},{"@type":"ListItem","position":2,"name":"Politika privatnosti"}]},{"@type":"WebSite","@id":"https:\/\/onedrone.com\/me\/#website","url":"https:\/\/onedrone.com\/me\/","name":"OneDrone","description":"Your Drone adventure starts here","publisher":{"@id":"https:\/\/onedrone.com\/me\/#organization"},"potentialAction":[{"@type":"SearchAction","target":{"@type":"EntryPoint","urlTemplate":"https:\/\/onedrone.com\/me\/?s={search_term_string}"},"query-input":{"@type":"PropertyValueSpecification","valueRequired":true,"valueName":"search_term_string"}}],"inLanguage":"sr-ME"},{"@type":"Organization","@id":"https:\/\/onedrone.com\/me\/#organization","name":"OneDrone","url":"https:\/\/onedrone.com\/me\/","logo":{"@type":"ImageObject","inLanguage":"sr-ME","@id":"https:\/\/onedrone.com\/me\/#\/schema\/logo\/image\/","url":"https:\/\/onedrone.com\/wp-content\/uploads\/2025\/09\/black.svg","contentUrl":"https:\/\/onedrone.com\/wp-content\/uploads\/2025\/09\/black.svg","width":1932,"height":464,"caption":"OneDrone"},"image":{"@id":"https:\/\/onedrone.com\/me\/#\/schema\/logo\/image\/"},"sameAs":["https:\/\/www.facebook.com\/onedrone.si\/"]}]}},"_links":{"self":[{"href":"https:\/\/onedrone.com\/me\/wp-json\/wp\/v2\/pages\/18408","targetHints":{"allow":["GET"]}}],"collection":[{"href":"https:\/\/onedrone.com\/me\/wp-json\/wp\/v2\/pages"}],"about":[{"href":"https:\/\/onedrone.com\/me\/wp-json\/wp\/v2\/types\/page"}],"author":[{"embeddable":true,"href":"https:\/\/onedrone.com\/me\/wp-json\/wp\/v2\/users\/2"}],"replies":[{"embeddable":true,"href":"https:\/\/onedrone.com\/me\/wp-json\/wp\/v2\/comments?post=18408"}],"version-history":[{"count":4,"href":"https:\/\/onedrone.com\/me\/wp-json\/wp\/v2\/pages\/18408\/revisions"}],"predecessor-version":[{"id":18413,"href":"https:\/\/onedrone.com\/me\/wp-json\/wp\/v2\/pages\/18408\/revisions\/18413"}],"wp:attachment":[{"href":"https:\/\/onedrone.com\/me\/wp-json\/wp\/v2\/media?parent=18408"}],"curies":[{"name":"wp","href":"https:\/\/api.w.org\/{rel}","templated":true}]}}