{"id":18396,"date":"2025-10-27T08:42:55","date_gmt":"2025-10-27T08:42:55","guid":{"rendered":"https:\/\/onedrone.com\/pravilnik-o-piskotkih\/"},"modified":"2026-01-12T10:27:01","modified_gmt":"2026-01-12T10:27:01","slug":"pravilnik-o-piskotkih","status":"publish","type":"page","link":"https:\/\/onedrone.com\/me\/pravilnik-o-piskotkih\/","title":{"rendered":"Pravilnik o kola\u010di\u0107ima"},"content":{"rendered":"\t\t<div data-elementor-type=\"wp-page\" data-elementor-id=\"18396\" class=\"elementor elementor-18396 elementor-12793\" data-elementor-post-type=\"page\">\n\t\t\t\t<div class=\"elementor-element elementor-element-79f784b1 solutions-header e-flex e-con-boxed e-con e-parent\" data-id=\"79f784b1\" data-element_type=\"container\" data-e-type=\"container\" data-settings=\"{&quot;background_background&quot;:&quot;classic&quot;}\">\n\t\t\t\t\t<div class=\"e-con-inner\">\n\t\t<div class=\"elementor-element elementor-element-3646f91b e-con-full e-flex e-con e-child\" data-id=\"3646f91b\" data-element_type=\"container\" data-e-type=\"container\">\n\t\t\t\t<div class=\"elementor-element elementor-element-1f69dec2 elementor-widget elementor-widget-heading\" data-id=\"1f69dec2\" data-element_type=\"widget\" data-e-type=\"widget\" id=\"2line-title\" data-widget_type=\"heading.default\">\n\t\t\t\t<div class=\"elementor-widget-container\">\n\t\t\t\t\t<h1 class=\"elementor-heading-title elementor-size-default\">Pravilnik o kola\u010di\u0107ima<\/h1>\t\t\t\t<\/div>\n\t\t\t\t<\/div>\n\t\t\t\t<\/div>\n\t\t\t\t\t<\/div>\n\t\t\t\t<\/div>\n\t\t<div class=\"elementor-element elementor-element-b7f57fa e-flex e-con-boxed e-con e-parent\" data-id=\"b7f57fa\" data-element_type=\"container\" data-e-type=\"container\">\n\t\t\t\t\t<div class=\"e-con-inner\">\n\t\t\t\t<div class=\"elementor-element elementor-element-a8a520c elementor-widget elementor-widget-text-editor\" data-id=\"a8a520c\" data-element_type=\"widget\" data-e-type=\"widget\" data-widget_type=\"text-editor.default\">\n\t\t\t\t<div class=\"elementor-widget-container\">\n\t\t\t\t\t\t\t\t\t<p data-start=\"1805\" data-end=\"1910\">Kola\u010di\u0107i su male tekstualne datoteke koje web-sajtovi koriste radi unapre\u0111enja korisni\u010dkog iskustva.<br \/>U su\u0161tini, koriste se za \u010duvanje va\u0161ih pode\u0161avanja za web-sajt, kao \u0161to su adresa ili izbor \u017eeljenog jezika.<br \/>Na taj na\u010din kola\u010di\u0107i omogu\u0107avaju web-sajtu da prika\u017ee informacije prilago\u0111ene va\u0161im potrebama.<br \/>Podaci se mogu sa\u010duvati samo uz va\u0161u saglasnost \u2013 web-sajtovi bez va\u0161eg odobrenja ne mogu ostvariti<br \/>pristup podacima, niti imaju pristup drugim datotekama na va\u0161em ra\u010dunaru ili mobilnom ure\u0111aju.<\/p><p data-start=\"1805\" data-end=\"1910\">Ovaj web-sajt koristi razli\u010dite vrste kola\u010di\u0107a. Sljede\u0107i kola\u010di\u0107i se koriste radi obezbje\u0111ivanja<br \/>funkcionisanja svih funkcija web-sajta:<\/p><p data-start=\"1805\" data-end=\"1910\"><strong>Neophodni kola\u010di\u0107i<\/strong><\/p><p data-start=\"1805\" data-end=\"1910\">Omogu\u0107avaju kori\u0161\u0107enje nu\u017eno potrebnih komponenti za ispravno funkcionisanje web-sajta.<br \/>Bez ovih kola\u010di\u0107a, usluge koje \u017eelite da koristite na ovom web-sajtu ne bi pravilno funkcionisale<br \/>(npr. prijava, proces kupovine i sl.).<\/p><p data-start=\"1805\" data-end=\"1910\"><strong>Analiti\u010dki kola\u010di\u0107i<\/strong><\/p><p data-start=\"1805\" data-end=\"1910\">Koriste se za pra\u0107enje posje\u0107enosti i pona\u0161anja korisnika na web-sajtu u cilju unapre\u0111enja<br \/>korisni\u010dkog iskustva. Na osnovu prikupljenih podataka nije mogu\u0107e identifikovati korisnike,<br \/>a podaci se koriste isklju\u010divo u statisti\u010dke svrhe. Ovaj web-sajt koristi Google Analytics.<\/p><p data-start=\"1805\" data-end=\"1910\"><strong>Marketin\u0161ki kola\u010di\u0107i<\/strong><\/p><p data-start=\"1805\" data-end=\"1910\">Ovi kola\u010di\u0107i prikupljaju informacije o va\u0161im posjetama web-sajtovima. Ovu vrstu kola\u010di\u0107a<br \/>naj\u010de\u0161\u0107e koriste ogla\u0161iva\u010dke i dru\u0161tvene mre\u017ee (tre\u0107e strane) kako bi vam prikazale<br \/>ciljanije oglase, ograni\u010dile ponavljanje oglasa ili mjerile efikasnost ogla\u0161iva\u010dkih kampanja.<br \/>Ovi kola\u010di\u0107i mogu omogu\u0107iti pra\u0107enje va\u0161ih aktivnosti na internetu.<br \/>Njihova svrha je prikazivanje oglasa koji su za pojedina\u010dnog korisnika prikladniji i interesantniji.<\/p><p data-start=\"1805\" data-end=\"1910\">Detaljan opis svakog pojedina\u010dnog kola\u010di\u0107a i vrijeme njegovog postavljanja prikazani su u sljede\u0107oj tabeli:<\/p><div style=\"overflow-x: auto; -webkit-overflow-scrolling: touch; margin-bottom: 1em;\"><table><tbody><tr><td><strong>Naziv kola\u010di\u0107a<\/strong><\/td><td><strong>Usluga<\/strong><\/td><td><strong>Vrsta<\/strong><\/td><td><strong>Trajanje<\/strong><\/td><td><strong>Opis<\/strong><\/td><\/tr><tr><td>\u00a0<\/td><td>Onedrone.si<\/td><td>Neophodni kola\u010di\u0107i<\/td><td>1 godina<\/td><td>Koristi se za \u010duvanje korisni\u010dkih izbora u vezi sa kola\u010di\u0107ima. Trajanje kola\u010di\u0107a odre\u0111uje korisnik.<\/td><\/tr><tr><td>\u00a0<\/td><td>Onedrone.si<\/td><td>Neophodni kola\u010di\u0107i<\/td><td>\u00a0<\/td><td>\u00a0<\/td><\/tr><tr><td>_ga<\/td><td>Google Analytics<\/td><td>Kola\u010di\u0107i za statisti\u010dko pra\u0107enje<\/td><td>2 godine<\/td><td>Registruje jedinstveni identifikator (ID) koji se koristi za izradu statisti\u010dkih podataka o na\u010dinu kori\u0161\u0107enja web-sajta od strane posjetilaca.<\/td><\/tr><tr><td>_gat<\/td><td>Google Analytics<\/td><td>Kola\u010di\u0107i za statisti\u010dko pra\u0107enje<\/td><td>Sesija<\/td><td>Aplikacija Google Analytics koristi kola\u010di\u0107 za regulisanje broja zahtjeva.<\/td><\/tr><tr><td>_gid<\/td><td>Google Analytics<\/td><td>Kola\u010di\u0107i za statisti\u010dko pra\u0107enje<\/td><td>Sesija<\/td><td>Registruje jedinstveni identifikator (ID) koji se koristi za izradu statisti\u010dkih podataka o na\u010dinu kori\u0161\u0107enja web-sajta.<\/td><\/tr><\/tbody><\/table><\/div><p data-start=\"32\" data-end=\"255\"><strong>Onemogu\u0107avanje kola\u010di\u0107a<\/strong><\/p><p data-start=\"32\" data-end=\"255\">Ve\u0107ina web-pregleda\u010da automatski prihvata kola\u010di\u0107e. U pode\u0161avanjima pregleda\u010da mo\u017eete ih<br \/>u bilo kom trenutku onemogu\u0107iti. Informacije o pode\u0161avanjima kola\u010di\u0107a u pojedinim pregleda\u010dima<br \/>dostupne su na sljede\u0107im linkovima:<\/p><p><a href=\"https:\/\/support.google.com\/chrome\/answer\/95647?hl=sl-sl&amp;p=cpn_cookies\">Chrome<\/a><\/p><p><a href=\"http:\/\/support.mozilla.org\/sl\/kb\/Kako%20aktivirate%20in%20deaktivirate%20pi%C5%A1kote\">Firefox<\/a><\/p><p><a href=\"http:\/\/windows.microsoft.com\/sl-si\/windows-vista\/block-or-allow-cookies\">Internet Explorer<\/a><\/p><p><a href=\"http:\/\/www.opera.com\/help\/tutorials\/security\/privacy\/\">Opera<\/a><\/p><p><a href=\"http:\/\/www.apple.com\/support\/safari\/\">Safari<\/a><\/p>\t\t\t\t\t\t\t\t<\/div>\n\t\t\t\t<\/div>\n\t\t\t\t\t<\/div>\n\t\t\t\t<\/div>\n\t\t\t\t<\/div>\n\t\t","protected":false},"excerpt":{"rendered":"<p>Kola\u010di\u0107i su male tekstualne datoteke koje web-sajtovi koriste radi unapre\u0111enja korisni\u010dkog iskustva.U su\u0161tini, koriste se za \u010duvanje va\u0161ih pode\u0161avanja za web-sajt, kao \u0161to su adresa ili izbor \u017eeljenog jezika.Na taj na\u010din kola\u010di\u0107i omogu\u0107avaju web-sajtu da prika\u017ee informacije prilago\u0111ene va\u0161im potrebama.Podaci se mogu sa\u010duvati samo uz va\u0161u saglasnost \u2013 web-sajtovi bez va\u0161eg odobrenja ne mogu ostvaritipristup [&hellip;]<\/p>\n","protected":false},"author":2,"featured_media":0,"parent":0,"menu_order":38,"comment_status":"closed","ping_status":"closed","template":"","meta":{"_acf_changed":false,"footnotes":""},"class_list":["post-18396","page","type-page","status-publish","hentry"],"acf":[],"yoast_head":"<!-- This site is optimized with the Yoast SEO plugin v27.4 - https:\/\/yoast.com\/product\/yoast-seo-wordpress\/ -->\n<title>Pravilnik o kola\u010di\u0107ima - OneDrone<\/title>\n<meta name=\"robots\" content=\"index, follow, max-snippet:-1, max-image-preview:large, max-video-preview:-1\" \/>\n<link rel=\"canonical\" href=\"https:\/\/onedrone.com\/me\/pravilnik-o-piskotkih\/\" \/>\n<meta property=\"og:locale\" content=\"en_US\" \/>\n<meta property=\"og:type\" content=\"article\" \/>\n<meta property=\"og:title\" content=\"Pravilnik o kola\u010di\u0107ima - OneDrone\" \/>\n<meta property=\"og:description\" content=\"Kola\u010di\u0107i su male tekstualne datoteke koje web-sajtovi koriste radi unapre\u0111enja korisni\u010dkog iskustva.U su\u0161tini, koriste se za \u010duvanje va\u0161ih pode\u0161avanja za web-sajt, kao \u0161to su adresa ili izbor \u017eeljenog jezika.Na taj na\u010din kola\u010di\u0107i omogu\u0107avaju web-sajtu da prika\u017ee informacije prilago\u0111ene va\u0161im potrebama.Podaci se mogu sa\u010duvati samo uz va\u0161u saglasnost \u2013 web-sajtovi bez va\u0161eg odobrenja ne mogu ostvaritipristup [&hellip;]\" \/>\n<meta property=\"og:url\" content=\"https:\/\/onedrone.com\/me\/pravilnik-o-piskotkih\/\" \/>\n<meta property=\"og:site_name\" content=\"OneDrone\" \/>\n<meta property=\"article:publisher\" content=\"https:\/\/www.facebook.com\/onedrone.si\/\" \/>\n<meta property=\"article:modified_time\" content=\"2026-01-12T10:27:01+00:00\" \/>\n<meta name=\"twitter:card\" content=\"summary_large_image\" \/>\n<meta name=\"twitter:label1\" content=\"Est. reading time\" \/>\n\t<meta name=\"twitter:data1\" content=\"2 minutes\" \/>\n<script type=\"application\/ld+json\" class=\"yoast-schema-graph\">{\"@context\":\"https:\\\/\\\/schema.org\",\"@graph\":[{\"@type\":\"WebPage\",\"@id\":\"https:\\\/\\\/onedrone.com\\\/me\\\/pravilnik-o-piskotkih\\\/\",\"url\":\"https:\\\/\\\/onedrone.com\\\/me\\\/pravilnik-o-piskotkih\\\/\",\"name\":\"Pravilnik o kola\u010di\u0107ima - OneDrone\",\"isPartOf\":{\"@id\":\"https:\\\/\\\/onedrone.com\\\/me\\\/#website\"},\"datePublished\":\"2025-10-27T08:42:55+00:00\",\"dateModified\":\"2026-01-12T10:27:01+00:00\",\"breadcrumb\":{\"@id\":\"https:\\\/\\\/onedrone.com\\\/me\\\/pravilnik-o-piskotkih\\\/#breadcrumb\"},\"inLanguage\":\"sr-ME\",\"potentialAction\":[{\"@type\":\"ReadAction\",\"target\":[\"https:\\\/\\\/onedrone.com\\\/me\\\/pravilnik-o-piskotkih\\\/\"]}]},{\"@type\":\"BreadcrumbList\",\"@id\":\"https:\\\/\\\/onedrone.com\\\/me\\\/pravilnik-o-piskotkih\\\/#breadcrumb\",\"itemListElement\":[{\"@type\":\"ListItem\",\"position\":1,\"name\":\"Po\u010detna\",\"item\":\"https:\\\/\\\/onedrone.com\\\/me\\\/\"},{\"@type\":\"ListItem\",\"position\":2,\"name\":\"Pravilnik o kola\u010di\u0107ima\"}]},{\"@type\":\"WebSite\",\"@id\":\"https:\\\/\\\/onedrone.com\\\/me\\\/#website\",\"url\":\"https:\\\/\\\/onedrone.com\\\/me\\\/\",\"name\":\"OneDrone\",\"description\":\"Your Drone adventure starts here\",\"publisher\":{\"@id\":\"https:\\\/\\\/onedrone.com\\\/me\\\/#organization\"},\"potentialAction\":[{\"@type\":\"SearchAction\",\"target\":{\"@type\":\"EntryPoint\",\"urlTemplate\":\"https:\\\/\\\/onedrone.com\\\/me\\\/?s={search_term_string}\"},\"query-input\":{\"@type\":\"PropertyValueSpecification\",\"valueRequired\":true,\"valueName\":\"search_term_string\"}}],\"inLanguage\":\"sr-ME\"},{\"@type\":\"Organization\",\"@id\":\"https:\\\/\\\/onedrone.com\\\/me\\\/#organization\",\"name\":\"OneDrone\",\"url\":\"https:\\\/\\\/onedrone.com\\\/me\\\/\",\"logo\":{\"@type\":\"ImageObject\",\"inLanguage\":\"sr-ME\",\"@id\":\"https:\\\/\\\/onedrone.com\\\/me\\\/#\\\/schema\\\/logo\\\/image\\\/\",\"url\":\"https:\\\/\\\/onedrone.com\\\/wp-content\\\/uploads\\\/2025\\\/09\\\/black.svg\",\"contentUrl\":\"https:\\\/\\\/onedrone.com\\\/wp-content\\\/uploads\\\/2025\\\/09\\\/black.svg\",\"width\":1932,\"height\":464,\"caption\":\"OneDrone\"},\"image\":{\"@id\":\"https:\\\/\\\/onedrone.com\\\/me\\\/#\\\/schema\\\/logo\\\/image\\\/\"},\"sameAs\":[\"https:\\\/\\\/www.facebook.com\\\/onedrone.si\\\/\"]}]}<\/script>\n<!-- \/ Yoast SEO plugin. -->","yoast_head_json":{"title":"Pravilnik o kola\u010di\u0107ima - OneDrone","robots":{"index":"index","follow":"follow","max-snippet":"max-snippet:-1","max-image-preview":"max-image-preview:large","max-video-preview":"max-video-preview:-1"},"canonical":"https:\/\/onedrone.com\/me\/pravilnik-o-piskotkih\/","og_locale":"en_US","og_type":"article","og_title":"Pravilnik o kola\u010di\u0107ima - OneDrone","og_description":"Kola\u010di\u0107i su male tekstualne datoteke koje web-sajtovi koriste radi unapre\u0111enja korisni\u010dkog iskustva.U su\u0161tini, koriste se za \u010duvanje va\u0161ih pode\u0161avanja za web-sajt, kao \u0161to su adresa ili izbor \u017eeljenog jezika.Na taj na\u010din kola\u010di\u0107i omogu\u0107avaju web-sajtu da prika\u017ee informacije prilago\u0111ene va\u0161im potrebama.Podaci se mogu sa\u010duvati samo uz va\u0161u saglasnost \u2013 web-sajtovi bez va\u0161eg odobrenja ne mogu ostvaritipristup [&hellip;]","og_url":"https:\/\/onedrone.com\/me\/pravilnik-o-piskotkih\/","og_site_name":"OneDrone","article_publisher":"https:\/\/www.facebook.com\/onedrone.si\/","article_modified_time":"2026-01-12T10:27:01+00:00","twitter_card":"summary_large_image","twitter_misc":{"Est. reading time":"2 minutes"},"schema":{"@context":"https:\/\/schema.org","@graph":[{"@type":"WebPage","@id":"https:\/\/onedrone.com\/me\/pravilnik-o-piskotkih\/","url":"https:\/\/onedrone.com\/me\/pravilnik-o-piskotkih\/","name":"Pravilnik o kola\u010di\u0107ima - OneDrone","isPartOf":{"@id":"https:\/\/onedrone.com\/me\/#website"},"datePublished":"2025-10-27T08:42:55+00:00","dateModified":"2026-01-12T10:27:01+00:00","breadcrumb":{"@id":"https:\/\/onedrone.com\/me\/pravilnik-o-piskotkih\/#breadcrumb"},"inLanguage":"sr-ME","potentialAction":[{"@type":"ReadAction","target":["https:\/\/onedrone.com\/me\/pravilnik-o-piskotkih\/"]}]},{"@type":"BreadcrumbList","@id":"https:\/\/onedrone.com\/me\/pravilnik-o-piskotkih\/#breadcrumb","itemListElement":[{"@type":"ListItem","position":1,"name":"Po\u010detna","item":"https:\/\/onedrone.com\/me\/"},{"@type":"ListItem","position":2,"name":"Pravilnik o kola\u010di\u0107ima"}]},{"@type":"WebSite","@id":"https:\/\/onedrone.com\/me\/#website","url":"https:\/\/onedrone.com\/me\/","name":"OneDrone","description":"Your Drone adventure starts here","publisher":{"@id":"https:\/\/onedrone.com\/me\/#organization"},"potentialAction":[{"@type":"SearchAction","target":{"@type":"EntryPoint","urlTemplate":"https:\/\/onedrone.com\/me\/?s={search_term_string}"},"query-input":{"@type":"PropertyValueSpecification","valueRequired":true,"valueName":"search_term_string"}}],"inLanguage":"sr-ME"},{"@type":"Organization","@id":"https:\/\/onedrone.com\/me\/#organization","name":"OneDrone","url":"https:\/\/onedrone.com\/me\/","logo":{"@type":"ImageObject","inLanguage":"sr-ME","@id":"https:\/\/onedrone.com\/me\/#\/schema\/logo\/image\/","url":"https:\/\/onedrone.com\/wp-content\/uploads\/2025\/09\/black.svg","contentUrl":"https:\/\/onedrone.com\/wp-content\/uploads\/2025\/09\/black.svg","width":1932,"height":464,"caption":"OneDrone"},"image":{"@id":"https:\/\/onedrone.com\/me\/#\/schema\/logo\/image\/"},"sameAs":["https:\/\/www.facebook.com\/onedrone.si\/"]}]}},"_links":{"self":[{"href":"https:\/\/onedrone.com\/me\/wp-json\/wp\/v2\/pages\/18396","targetHints":{"allow":["GET"]}}],"collection":[{"href":"https:\/\/onedrone.com\/me\/wp-json\/wp\/v2\/pages"}],"about":[{"href":"https:\/\/onedrone.com\/me\/wp-json\/wp\/v2\/types\/page"}],"author":[{"embeddable":true,"href":"https:\/\/onedrone.com\/me\/wp-json\/wp\/v2\/users\/2"}],"replies":[{"embeddable":true,"href":"https:\/\/onedrone.com\/me\/wp-json\/wp\/v2\/comments?post=18396"}],"version-history":[{"count":4,"href":"https:\/\/onedrone.com\/me\/wp-json\/wp\/v2\/pages\/18396\/revisions"}],"predecessor-version":[{"id":18401,"href":"https:\/\/onedrone.com\/me\/wp-json\/wp\/v2\/pages\/18396\/revisions\/18401"}],"wp:attachment":[{"href":"https:\/\/onedrone.com\/me\/wp-json\/wp\/v2\/media?parent=18396"}],"curies":[{"name":"wp","href":"https:\/\/api.w.org\/{rel}","templated":true}]}}