{"id":18390,"date":"2025-05-05T22:45:02","date_gmt":"2025-05-05T22:45:02","guid":{"rendered":"https:\/\/onedrone.com\/prijava\/"},"modified":"2026-01-15T10:45:03","modified_gmt":"2026-01-15T10:45:03","slug":"prijava","status":"publish","type":"page","link":"https:\/\/onedrone.com\/me\/prijava\/","title":{"rendered":"Prijava"},"content":{"rendered":"\t\t<div data-elementor-type=\"wp-page\" data-elementor-id=\"18390\" class=\"elementor elementor-18390 elementor-788\" data-elementor-post-type=\"page\">\n\t\t\t\t<div class=\"elementor-element elementor-element-f25d794 solutions-header e-flex e-con-boxed e-con e-parent\" data-id=\"f25d794\" data-element_type=\"container\" data-e-type=\"container\" data-settings=\"{&quot;background_background&quot;:&quot;classic&quot;}\">\n\t\t\t\t\t<div class=\"e-con-inner\">\n\t\t<div class=\"elementor-element elementor-element-b3b1f27 e-con-full e-flex e-con e-child\" data-id=\"b3b1f27\" data-element_type=\"container\" data-e-type=\"container\">\n\t\t\t\t<div class=\"elementor-element elementor-element-6d2ba85 elementor-widget elementor-widget-heading\" data-id=\"6d2ba85\" data-element_type=\"widget\" data-e-type=\"widget\" data-widget_type=\"heading.default\">\n\t\t\t\t<div class=\"elementor-widget-container\">\n\t\t\t\t\t<h1 class=\"elementor-heading-title elementor-size-default\">Prijava<\/h1>\t\t\t\t<\/div>\n\t\t\t\t<\/div>\n\t\t\t\t<\/div>\n\t\t\t\t\t<\/div>\n\t\t\t\t<\/div>\n\t\t<div class=\"elementor-element elementor-element-153b931 e-grid e-con-boxed e-con e-parent\" data-id=\"153b931\" data-element_type=\"container\" data-e-type=\"container\">\n\t\t\t\t\t<div class=\"e-con-inner\">\n\t\t\t\t<div class=\"elementor-element elementor-element-6d16a68 elementor-widget__width-initial elementor-widget elementor-widget-text-editor\" data-id=\"6d16a68\" data-element_type=\"widget\" data-e-type=\"widget\" data-widget_type=\"text-editor.default\">\n\t\t\t\t<div class=\"elementor-widget-container\">\n\t\t\t\t\t\t\t\t\t<p>Ovaj portal je namijenjen korisnicima OneDrone Fleet Managementa. Prijavite se za efikasno upravljanje svojim operacijama bespilotnih letjelica \u2013 od pra\u0107enja letova i odr\u017eavanja do nadzora uskla\u0111enosti, dokumentacije i rada tima. Sve na jednom mjestu \u2013 bezbjedno, pregledno i uvijek a\u017eurirano.<\/p>\t\t\t\t\t\t\t\t<\/div>\n\t\t\t\t<\/div>\n\t\t<div class=\"elementor-element elementor-element-3c71673 e-con-full e-flex e-con e-child\" data-id=\"3c71673\" data-element_type=\"container\" data-e-type=\"container\">\n\t\t\t\t<div class=\"elementor-element elementor-element-f205ff8 btn-global elementor-widget elementor-widget-button\" data-id=\"f205ff8\" data-element_type=\"widget\" data-e-type=\"widget\" data-widget_type=\"button.default\">\n\t\t\t\t<div class=\"elementor-widget-container\">\n\t\t\t\t\t\t\t\t\t<div class=\"elementor-button-wrapper\">\n\t\t\t\t\t<a class=\"elementor-button elementor-button-link elementor-size-sm\" href=\"\/sl\/storitve\/#fleet-management\">\n\t\t\t\t\t\t<span class=\"elementor-button-content-wrapper\">\n\t\t\t\t\t\t\t\t\t<span class=\"elementor-button-text\">Vi\u0161e<\/span>\n\t\t\t\t\t<\/span>\n\t\t\t\t\t<\/a>\n\t\t\t\t<\/div>\n\t\t\t\t\t\t\t\t<\/div>\n\t\t\t\t<\/div>\n\t\t\t\t<\/div>\n\t\t\t\t\t<\/div>\n\t\t\t\t<\/div>\n\t\t<div class=\"elementor-element elementor-element-008aa6f e-grid e-con-boxed e-con e-parent\" data-id=\"008aa6f\" data-element_type=\"container\" data-e-type=\"container\">\n\t\t\t\t\t<div class=\"e-con-inner\">\n\t\t<div class=\"elementor-element elementor-element-f1cbd9c e-con-full e-flex e-con e-child\" data-id=\"f1cbd9c\" data-element_type=\"container\" data-e-type=\"container\">\n\t\t\t\t<div class=\"elementor-element elementor-element-844d574 elementor-widget elementor-widget-heading\" data-id=\"844d574\" data-element_type=\"widget\" data-e-type=\"widget\" data-widget_type=\"heading.default\">\n\t\t\t\t<div class=\"elementor-widget-container\">\n\t\t\t\t\t<h2 class=\"elementor-heading-title elementor-size-default\">Fokusirajte se na letenje. Za sve ostalo brinemo mi.<\/h2>\t\t\t\t<\/div>\n\t\t\t\t<\/div>\n\t\t\t\t<\/div>\n\t\t<div class=\"elementor-element elementor-element-d7d09c4 e-con-full e-flex e-con e-child\" data-id=\"d7d09c4\" data-element_type=\"container\" data-e-type=\"container\">\n\t\t\t\t<div class=\"elementor-element elementor-element-0d09fe2 elementor-button-align-end elementor-widget elementor-widget-login\" data-id=\"0d09fe2\" data-element_type=\"widget\" data-e-type=\"widget\" id=\"login-en-button\" data-widget_type=\"login.default\">\n\t\t\t\t<div class=\"elementor-widget-container\">\n\t\t\t\t\t\t\t<form class=\"elementor-login elementor-form\" method=\"post\" action=\"https:\/\/onedrone.com\/wp-login.php\" aria-label=\"Login form\">\n\t\t\t<input type=\"hidden\" name=\"redirect_to\" value=\"\/me\/wp-json\/wp\/v2\/pages\/18390\">\n\t\t\t<div class=\"elementor-form-fields-wrapper\">\n\t\t\t\t<div class=\"elementor-field-type-text elementor-field-group elementor-column elementor-col-100 elementor-field-required\">\n\t\t\t\t\t<label for=\"user-0d09fe2\" class=\"elementor-field-label elementor-screen-only\">Uporabni\u0161ko ime ali email<\/label>\n\t\t\t\t\t<input size=\"1\" type=\"text\" name=\"log\" id=\"user-0d09fe2\" placeholder=\"Uporabni\u0161ko ime ali email\" class=\"elementor-field elementor-field-textual elementor-size-sm\">\n\t\t\t\t<\/div>\n\t\t\t\t<div class=\"elementor-field-type-text elementor-field-group elementor-column elementor-col-100 elementor-field-required\">\n\t\t\t\t\t<label for=\"password-0d09fe2\" class=\"elementor-field-label elementor-screen-only\">Geslo<\/label>\n\t\t\t\t\t<input size=\"1\" type=\"password\" name=\"pwd\" id=\"password-0d09fe2\" placeholder=\"Geslo\" class=\"elementor-field elementor-field-textual elementor-size-sm\">\n\t\t\t\t<\/div>\n\n\t\t\t\t\t\t\t\t\t<div class=\"elementor-field-type-checkbox elementor-field-group elementor-column elementor-col-100 elementor-remember-me\">\n\t\t\t\t\t\t<label for=\"elementor-login-remember-me\">\n\t\t\t\t\t\t\t<input type=\"checkbox\" id=\"elementor-login-remember-me\" name=\"rememberme\" value=\"forever\">\n\t\t\t\t\t\t\tRemember Me\t\t\t\t\t\t<\/label>\n\t\t\t\t\t<\/div>\n\t\t\t\t\n\t\t\t\t<div class=\"elementor-field-group elementor-column elementor-field-type-submit elementor-col-100\">\n\t\t\t\t\t<button type=\"submit\" class=\"elementor-size-sm elementor-button\" name=\"wp-submit\">\n\t\t\t\t\t\t\t\t\t\t\t\t\t\t\t<span class=\"elementor-button-text\">Prijava<\/span>\n\t\t\t\t\t\t\t\t\t\t\t\t<\/button>\n\t\t\t\t<\/div>\n\n\t\t\t\t\t\t\t\t\t<div class=\"elementor-field-group elementor-column elementor-col-100\">\n\t\t\t\t\t\t\t\t\t\t\t\t\t\t\t\t\t\t\t\t<a class=\"elementor-lost-password\" href=\"https:\/\/onedrone.com\/wp-login.php?action=lostpassword&redirect_to=%2Fme%2Fwp-json%2Fwp%2Fv2%2Fpages%2F18390\">\n\t\t\t\t\t\t\t\tLost your password?\t\t\t\t\t\t\t<\/a>\n\t\t\t\t\t\t\n\t\t\t\t\t\t\t\t\t\t\t<\/div>\n\t\t\t\t\t\t\t<\/div>\n\t\t<\/form>\n\t\t\t\t\t\t<\/div>\n\t\t\t\t<\/div>\n\t\t\t\t<\/div>\n\t\t\t\t\t<\/div>\n\t\t\t\t<\/div>\n\t\t\t\t<\/div>\n\t\t","protected":false},"excerpt":{"rendered":"<p>Ovaj portal je namijenjen korisnicima OneDrone Fleet Managementa. Prijavite se za efikasno upravljanje svojim operacijama bespilotnih letjelica \u2013 od pra\u0107enja letova i odr\u017eavanja do nadzora uskla\u0111enosti, dokumentacije i rada tima. Sve na jednom mjestu \u2013 bezbjedno, pregledno i uvijek a\u017eurirano. Vi\u0161e Fokusirajte se na letenje. Za sve ostalo brinemo mi.<\/p>\n","protected":false},"author":1,"featured_media":0,"parent":0,"menu_order":30,"comment_status":"closed","ping_status":"closed","template":"","meta":{"_acf_changed":false,"footnotes":""},"class_list":["post-18390","page","type-page","status-publish","hentry"],"acf":[],"yoast_head":"<!-- This site is optimized with the Yoast SEO plugin v27.5 - https:\/\/yoast.com\/product\/yoast-seo-wordpress\/ -->\n<title>Prijava - OneDrone<\/title>\n<meta name=\"robots\" content=\"index, follow, max-snippet:-1, max-image-preview:large, max-video-preview:-1\" \/>\n<link rel=\"canonical\" href=\"https:\/\/onedrone.com\/me\/prijava\/\" \/>\n<meta property=\"og:locale\" content=\"en_US\" \/>\n<meta property=\"og:type\" content=\"article\" \/>\n<meta property=\"og:title\" content=\"Prijava - OneDrone\" \/>\n<meta property=\"og:description\" content=\"Ovaj portal je namijenjen korisnicima OneDrone Fleet Managementa. Prijavite se za efikasno upravljanje svojim operacijama bespilotnih letjelica \u2013 od pra\u0107enja letova i odr\u017eavanja do nadzora uskla\u0111enosti, dokumentacije i rada tima. Sve na jednom mjestu \u2013 bezbjedno, pregledno i uvijek a\u017eurirano. Vi\u0161e Fokusirajte se na letenje. Za sve ostalo brinemo mi.\" \/>\n<meta property=\"og:url\" content=\"https:\/\/onedrone.com\/me\/prijava\/\" \/>\n<meta property=\"og:site_name\" content=\"OneDrone\" \/>\n<meta property=\"article:publisher\" content=\"https:\/\/www.facebook.com\/onedrone.si\/\" \/>\n<meta property=\"article:modified_time\" content=\"2026-01-15T10:45:03+00:00\" \/>\n<meta name=\"twitter:card\" content=\"summary_large_image\" \/>\n<script type=\"application\/ld+json\" class=\"yoast-schema-graph\">{\"@context\":\"https:\\\/\\\/schema.org\",\"@graph\":[{\"@type\":\"WebPage\",\"@id\":\"https:\\\/\\\/onedrone.com\\\/me\\\/prijava\\\/\",\"url\":\"https:\\\/\\\/onedrone.com\\\/me\\\/prijava\\\/\",\"name\":\"Prijava - OneDrone\",\"isPartOf\":{\"@id\":\"https:\\\/\\\/onedrone.com\\\/me\\\/#website\"},\"datePublished\":\"2025-05-05T22:45:02+00:00\",\"dateModified\":\"2026-01-15T10:45:03+00:00\",\"breadcrumb\":{\"@id\":\"https:\\\/\\\/onedrone.com\\\/me\\\/prijava\\\/#breadcrumb\"},\"inLanguage\":\"sr-ME\",\"potentialAction\":[{\"@type\":\"ReadAction\",\"target\":[\"https:\\\/\\\/onedrone.com\\\/me\\\/prijava\\\/\"]}]},{\"@type\":\"BreadcrumbList\",\"@id\":\"https:\\\/\\\/onedrone.com\\\/me\\\/prijava\\\/#breadcrumb\",\"itemListElement\":[{\"@type\":\"ListItem\",\"position\":1,\"name\":\"Po\u010detna\",\"item\":\"https:\\\/\\\/onedrone.com\\\/me\\\/\"},{\"@type\":\"ListItem\",\"position\":2,\"name\":\"Prijava\"}]},{\"@type\":\"WebSite\",\"@id\":\"https:\\\/\\\/onedrone.com\\\/me\\\/#website\",\"url\":\"https:\\\/\\\/onedrone.com\\\/me\\\/\",\"name\":\"OneDrone\",\"description\":\"Your Drone adventure starts here\",\"publisher\":{\"@id\":\"https:\\\/\\\/onedrone.com\\\/me\\\/#organization\"},\"potentialAction\":[{\"@type\":\"SearchAction\",\"target\":{\"@type\":\"EntryPoint\",\"urlTemplate\":\"https:\\\/\\\/onedrone.com\\\/me\\\/?s={search_term_string}\"},\"query-input\":{\"@type\":\"PropertyValueSpecification\",\"valueRequired\":true,\"valueName\":\"search_term_string\"}}],\"inLanguage\":\"sr-ME\"},{\"@type\":\"Organization\",\"@id\":\"https:\\\/\\\/onedrone.com\\\/me\\\/#organization\",\"name\":\"OneDrone\",\"url\":\"https:\\\/\\\/onedrone.com\\\/me\\\/\",\"logo\":{\"@type\":\"ImageObject\",\"inLanguage\":\"sr-ME\",\"@id\":\"https:\\\/\\\/onedrone.com\\\/me\\\/#\\\/schema\\\/logo\\\/image\\\/\",\"url\":\"https:\\\/\\\/onedrone.com\\\/wp-content\\\/uploads\\\/2025\\\/09\\\/black.svg\",\"contentUrl\":\"https:\\\/\\\/onedrone.com\\\/wp-content\\\/uploads\\\/2025\\\/09\\\/black.svg\",\"width\":1932,\"height\":464,\"caption\":\"OneDrone\"},\"image\":{\"@id\":\"https:\\\/\\\/onedrone.com\\\/me\\\/#\\\/schema\\\/logo\\\/image\\\/\"},\"sameAs\":[\"https:\\\/\\\/www.facebook.com\\\/onedrone.si\\\/\"]}]}<\/script>\n<!-- \/ Yoast SEO plugin. -->","yoast_head_json":{"title":"Prijava - OneDrone","robots":{"index":"index","follow":"follow","max-snippet":"max-snippet:-1","max-image-preview":"max-image-preview:large","max-video-preview":"max-video-preview:-1"},"canonical":"https:\/\/onedrone.com\/me\/prijava\/","og_locale":"en_US","og_type":"article","og_title":"Prijava - OneDrone","og_description":"Ovaj portal je namijenjen korisnicima OneDrone Fleet Managementa. Prijavite se za efikasno upravljanje svojim operacijama bespilotnih letjelica \u2013 od pra\u0107enja letova i odr\u017eavanja do nadzora uskla\u0111enosti, dokumentacije i rada tima. Sve na jednom mjestu \u2013 bezbjedno, pregledno i uvijek a\u017eurirano. Vi\u0161e Fokusirajte se na letenje. Za sve ostalo brinemo mi.","og_url":"https:\/\/onedrone.com\/me\/prijava\/","og_site_name":"OneDrone","article_publisher":"https:\/\/www.facebook.com\/onedrone.si\/","article_modified_time":"2026-01-15T10:45:03+00:00","twitter_card":"summary_large_image","schema":{"@context":"https:\/\/schema.org","@graph":[{"@type":"WebPage","@id":"https:\/\/onedrone.com\/me\/prijava\/","url":"https:\/\/onedrone.com\/me\/prijava\/","name":"Prijava - OneDrone","isPartOf":{"@id":"https:\/\/onedrone.com\/me\/#website"},"datePublished":"2025-05-05T22:45:02+00:00","dateModified":"2026-01-15T10:45:03+00:00","breadcrumb":{"@id":"https:\/\/onedrone.com\/me\/prijava\/#breadcrumb"},"inLanguage":"sr-ME","potentialAction":[{"@type":"ReadAction","target":["https:\/\/onedrone.com\/me\/prijava\/"]}]},{"@type":"BreadcrumbList","@id":"https:\/\/onedrone.com\/me\/prijava\/#breadcrumb","itemListElement":[{"@type":"ListItem","position":1,"name":"Po\u010detna","item":"https:\/\/onedrone.com\/me\/"},{"@type":"ListItem","position":2,"name":"Prijava"}]},{"@type":"WebSite","@id":"https:\/\/onedrone.com\/me\/#website","url":"https:\/\/onedrone.com\/me\/","name":"OneDrone","description":"Your Drone adventure starts here","publisher":{"@id":"https:\/\/onedrone.com\/me\/#organization"},"potentialAction":[{"@type":"SearchAction","target":{"@type":"EntryPoint","urlTemplate":"https:\/\/onedrone.com\/me\/?s={search_term_string}"},"query-input":{"@type":"PropertyValueSpecification","valueRequired":true,"valueName":"search_term_string"}}],"inLanguage":"sr-ME"},{"@type":"Organization","@id":"https:\/\/onedrone.com\/me\/#organization","name":"OneDrone","url":"https:\/\/onedrone.com\/me\/","logo":{"@type":"ImageObject","inLanguage":"sr-ME","@id":"https:\/\/onedrone.com\/me\/#\/schema\/logo\/image\/","url":"https:\/\/onedrone.com\/wp-content\/uploads\/2025\/09\/black.svg","contentUrl":"https:\/\/onedrone.com\/wp-content\/uploads\/2025\/09\/black.svg","width":1932,"height":464,"caption":"OneDrone"},"image":{"@id":"https:\/\/onedrone.com\/me\/#\/schema\/logo\/image\/"},"sameAs":["https:\/\/www.facebook.com\/onedrone.si\/"]}]}},"_links":{"self":[{"href":"https:\/\/onedrone.com\/me\/wp-json\/wp\/v2\/pages\/18390","targetHints":{"allow":["GET"]}}],"collection":[{"href":"https:\/\/onedrone.com\/me\/wp-json\/wp\/v2\/pages"}],"about":[{"href":"https:\/\/onedrone.com\/me\/wp-json\/wp\/v2\/types\/page"}],"author":[{"embeddable":true,"href":"https:\/\/onedrone.com\/me\/wp-json\/wp\/v2\/users\/1"}],"replies":[{"embeddable":true,"href":"https:\/\/onedrone.com\/me\/wp-json\/wp\/v2\/comments?post=18390"}],"version-history":[{"count":7,"href":"https:\/\/onedrone.com\/me\/wp-json\/wp\/v2\/pages\/18390\/revisions"}],"predecessor-version":[{"id":19550,"href":"https:\/\/onedrone.com\/me\/wp-json\/wp\/v2\/pages\/18390\/revisions\/19550"}],"wp:attachment":[{"href":"https:\/\/onedrone.com\/me\/wp-json\/wp\/v2\/media?parent=18390"}],"curies":[{"name":"wp","href":"https:\/\/api.w.org\/{rel}","templated":true}]}}