{"id":18268,"date":"2025-10-27T08:42:55","date_gmt":"2025-10-27T08:42:55","guid":{"rendered":"https:\/\/onedrone.com\/pravilnik-o-piskotkih\/"},"modified":"2026-02-06T11:35:05","modified_gmt":"2026-02-06T11:35:05","slug":"pravila-o-kolacicima","status":"publish","type":"page","link":"https:\/\/onedrone.com\/hr\/pravila-o-kolacicima\/","title":{"rendered":"Pravila o kola\u010di\u0107ima"},"content":{"rendered":"\t\t<div data-elementor-type=\"wp-page\" data-elementor-id=\"18268\" class=\"elementor elementor-18268 elementor-12793\" data-elementor-post-type=\"page\">\n\t\t\t\t<div class=\"elementor-element elementor-element-79f784b1 solutions-header e-flex e-con-boxed e-con e-parent\" data-id=\"79f784b1\" data-element_type=\"container\" data-e-type=\"container\" data-settings=\"{&quot;background_background&quot;:&quot;classic&quot;}\">\n\t\t\t\t\t<div class=\"e-con-inner\">\n\t\t<div class=\"elementor-element elementor-element-3646f91b e-con-full e-flex e-con e-child\" data-id=\"3646f91b\" data-element_type=\"container\" data-e-type=\"container\">\n\t\t\t\t<div class=\"elementor-element elementor-element-1f69dec2 elementor-widget elementor-widget-heading\" data-id=\"1f69dec2\" data-element_type=\"widget\" data-e-type=\"widget\" id=\"2line-title\" data-widget_type=\"heading.default\">\n\t\t\t\t<div class=\"elementor-widget-container\">\n\t\t\t\t\t<h1 class=\"elementor-heading-title elementor-size-default\">Pravila o kola\u010di\u0107ima<\/h1>\t\t\t\t<\/div>\n\t\t\t\t<\/div>\n\t\t\t\t<\/div>\n\t\t\t\t\t<\/div>\n\t\t\t\t<\/div>\n\t\t<div class=\"elementor-element elementor-element-b7f57fa e-flex e-con-boxed e-con e-parent\" data-id=\"b7f57fa\" data-element_type=\"container\" data-e-type=\"container\">\n\t\t\t\t\t<div class=\"e-con-inner\">\n\t\t\t\t<div class=\"elementor-element elementor-element-a8a520c elementor-widget elementor-widget-text-editor\" data-id=\"a8a520c\" data-element_type=\"widget\" data-e-type=\"widget\" data-widget_type=\"text-editor.default\">\n\t\t\t\t<div class=\"elementor-widget-container\">\n\t\t\t\t\t\t\t\t\t<p data-start=\"1805\" data-end=\"1910\">Pi\u0161kotki so majhne besedilne datoteke, ki jih spletna mesta uporabljajo za izbolj\u0161anje uporabni\u0161ke izku\u0161nje. Gre pravzaprav za shranjevanje va\u0161ih nastavitev za spletno mesto, kot sta naslov ali izbira \u017eelenega jezika. Pi\u0161kotki tako omogo\u010dajo spletnemu mestu, da prika\u017ee informacije, prilagojene va\u0161im potrebam. Informacije se lahko shranijo le, \u010de to dovolite \u2013 spletna mesta brez va\u0161e odobritve ne morejo pridobiti dostopa do podatkov, prav tako nimajo dostopa do drugih datotek na va\u0161em ra\u010dunalniku ali mobilni napravi.<\/p><p data-start=\"1805\" data-end=\"1910\">To spletno mesto uporablja razli\u010dne vrste pi\u0161kotkov. Naslednji pi\u0161kotki se uporabljajo za zagotavljanje delovanja vseh funkcij spletnega mesta:<\/p><p data-start=\"1805\" data-end=\"1910\"><strong>Nujno potrebni pi\u0161kotki<\/strong><\/p><p data-start=\"1805\" data-end=\"1910\">Omogo\u010dajo uporabo nujno potrebnih komponent za pravilno delovanje spletne strani. Brez teh pi\u0161kotkov storitve, ki jih \u017eelite uporabljati na tej spletni strani, ne bi delovale pravilno (npr. prijava, nakupni proces ipd.).<\/p><p data-start=\"1805\" data-end=\"1910\"><strong>Analiti\u010dni pi\u0161kotki<\/strong><\/p><p data-start=\"1805\" data-end=\"1910\">Potrebujemo jih za spremljanje obiska in vedenja uporabnikov na spletnem mestu z namenom izbolj\u0161anja uporabni\u0161ke izku\u0161nje. Na podlagi zbranih podatkov ni mogo\u010de identificirati uporabnikov, podatki pa se uporabljajo izklju\u010dno za statisti\u010dne namene. To spletno mesto uporablja Google Analytics.<\/p><p data-start=\"1805\" data-end=\"1910\"><strong>Marketin\u0161ki pi\u0161kotki <\/strong><\/p><p data-start=\"1805\" data-end=\"1910\">Ti pi\u0161kotki zbirajo informacije o va\u0161ih obiskih spletnih mest. To vrsto pi\u0161kotkov najpogosteje uporabljajo ogla\u0161evalske in dru\u017ebene mre\u017ee (tretje osebe), da bi vam prikazale bolj ciljno usmerjene oglase, omejile ponavljanje oglasov ali merile u\u010dinkovitost ogla\u0161evalskih kampanj. Ti pi\u0161kotki lahko omogo\u010dajo sledenje va\u0161im dejanjem na spletu. Namen teh pi\u0161kotkov je prikazovanje oglasov, ki so za posameznega uporabnika primernej\u0161i in zanimivej\u0161i.<\/p><p data-start=\"1805\" data-end=\"1910\">Natan\u010den opis posameznega pi\u0161kotka in \u010das njegove namestitve sta razvidna iz naslednje tabele:<\/p><div style=\"overflow-x: auto; -webkit-overflow-scrolling: touch; margin-bottom: 1em;\"><table><tbody><tr><td><strong>Ime pi\u0161kotka<\/strong><\/td><td><strong>Storitev<\/strong><\/td><td><strong>Vrsta<\/strong><\/td><td><strong>Veljavnost<\/strong><\/td><td><strong>Opis<\/strong><\/td><\/tr><tr><td>\u00a0<\/td><td>Onedrone.si<\/td><td>Nujno potrebni pi\u0161kotki<\/td><td>1 leto<\/td><td>Uporablja se za shranjevanje uporabnikovih izbir glede pi\u0161kotkov. Veljavnost pi\u0161kotka dolo\u010di uporabnik.<\/td><\/tr><tr><td>\u00a0<\/td><td>Onedrone.si<\/td><td>Nujno potrebni pi\u0161kotki<\/td><td>\u00a0<\/td><td>\u00a0<\/td><\/tr><tr><td>_ga<\/td><td>Google Analytics<\/td><td>Pi\u0161kotki za sledenje statistiki<\/td><td>2 leti<\/td><td>Opravi registracijo edinstvene identitete (ID), ki se uporabi pri ustvarjanju statisti\u010dnih podatkov o tem, kako obiskovalec uporablja spletno stran.<\/td><\/tr><tr><td>_gat<\/td><td>Google Analytics<\/td><td>Pi\u0161kotki za sledenje statistiki<\/td><td>Seja<\/td><td>Aplikacija Google Analytics uporablja pi\u0161kotek za uravnavanje \u0161tevila zahtevkov.<\/td><\/tr><tr><td>_gid<\/td><td>Google Analytics<\/td><td>Pi\u0161kotki za sledenje statistiki<\/td><td>Seja<\/td><td>Opravi registracijo edinstvene identitete (ID), ki se uporabi pri ustvarjanju statisti\u010dnih podatkov o tem, kako obiskovalec uporablja spletno stran.<\/td><\/tr><\/tbody><\/table><\/div><p data-start=\"32\" data-end=\"255\"><strong>Onemogo\u010denje pi\u0161kotkov<\/strong><\/p><p data-start=\"32\" data-end=\"255\">Ve\u010dina spletnih brskalnikov samodejno sprejema pi\u0161kotke. V nastavitvah brskalnika jih lahko kadar koli izklopite. Informacije o nastavitvah pi\u0161kotkov v posameznih brskalnikih so na voljo na spodnjih povezavah:<\/p><p><a href=\"https:\/\/support.google.com\/chrome\/answer\/95647?hl=sl-sl&amp;p=cpn_cookies\">Chrome<\/a><br \/><a href=\"http:\/\/support.mozilla.org\/sl\/kb\/Kako%20aktivirate%20in%20deaktivirate%20pi%C5%A1kote\">Firefox<\/a><br \/><a href=\"http:\/\/windows.microsoft.com\/sl-si\/windows-vista\/block-or-allow-cookies\">Internet Explorer<\/a><br \/><a href=\"http:\/\/www.opera.com\/help\/tutorials\/security\/privacy\/\">Opera<\/a><br \/><a href=\"http:\/\/www.apple.com\/support\/safari\/\">Safari<\/a><\/p><p>\u00a0<\/p>\t\t\t\t\t\t\t\t<\/div>\n\t\t\t\t<\/div>\n\t\t\t\t\t<\/div>\n\t\t\t\t<\/div>\n\t\t\t\t<\/div>\n\t\t","protected":false},"excerpt":{"rendered":"<p>Pi\u0161kotki so majhne besedilne datoteke, ki jih spletna mesta uporabljajo za izbolj\u0161anje uporabni\u0161ke izku\u0161nje. Gre pravzaprav za shranjevanje va\u0161ih nastavitev za spletno mesto, kot sta naslov ali izbira \u017eelenega jezika. Pi\u0161kotki tako omogo\u010dajo spletnemu mestu, da prika\u017ee informacije, prilagojene va\u0161im potrebam. Informacije se lahko shranijo le, \u010de to dovolite \u2013 spletna mesta brez va\u0161e odobritve [&hellip;]<\/p>\n","protected":false},"author":2,"featured_media":0,"parent":0,"menu_order":36,"comment_status":"closed","ping_status":"closed","template":"","meta":{"_acf_changed":false,"footnotes":""},"class_list":["post-18268","page","type-page","status-publish","hentry"],"acf":[],"yoast_head":"<!-- This site is optimized with the Yoast SEO plugin v27.4 - https:\/\/yoast.com\/product\/yoast-seo-wordpress\/ -->\n<title>Pravila o kola\u010di\u0107ima - OneDrone<\/title>\n<meta name=\"robots\" content=\"index, follow, max-snippet:-1, max-image-preview:large, max-video-preview:-1\" \/>\n<link rel=\"canonical\" href=\"https:\/\/onedrone.com\/hr\/pravila-o-kolacicima\/\" \/>\n<meta property=\"og:locale\" content=\"hr_HR\" \/>\n<meta property=\"og:type\" content=\"article\" \/>\n<meta property=\"og:title\" content=\"Pravila o kola\u010di\u0107ima - OneDrone\" \/>\n<meta property=\"og:description\" content=\"Pi\u0161kotki so majhne besedilne datoteke, ki jih spletna mesta uporabljajo za izbolj\u0161anje uporabni\u0161ke izku\u0161nje. Gre pravzaprav za shranjevanje va\u0161ih nastavitev za spletno mesto, kot sta naslov ali izbira \u017eelenega jezika. Pi\u0161kotki tako omogo\u010dajo spletnemu mestu, da prika\u017ee informacije, prilagojene va\u0161im potrebam. Informacije se lahko shranijo le, \u010de to dovolite \u2013 spletna mesta brez va\u0161e odobritve [&hellip;]\" \/>\n<meta property=\"og:url\" content=\"https:\/\/onedrone.com\/hr\/pravila-o-kolacicima\/\" \/>\n<meta property=\"og:site_name\" content=\"OneDrone\" \/>\n<meta property=\"article:publisher\" content=\"https:\/\/www.facebook.com\/onedrone.si\/\" \/>\n<meta property=\"article:modified_time\" content=\"2026-02-06T11:35:05+00:00\" \/>\n<meta name=\"twitter:card\" content=\"summary_large_image\" \/>\n<meta name=\"twitter:label1\" content=\"Procijenjeno vrijeme \u010ditanja\" \/>\n\t<meta name=\"twitter:data1\" content=\"2 minute\" \/>\n<script type=\"application\/ld+json\" class=\"yoast-schema-graph\">{\"@context\":\"https:\\\/\\\/schema.org\",\"@graph\":[{\"@type\":\"WebPage\",\"@id\":\"https:\\\/\\\/onedrone.com\\\/hr\\\/pravila-o-kolacicima\\\/\",\"url\":\"https:\\\/\\\/onedrone.com\\\/hr\\\/pravila-o-kolacicima\\\/\",\"name\":\"Pravila o kola\u010di\u0107ima - OneDrone\",\"isPartOf\":{\"@id\":\"https:\\\/\\\/onedrone.com\\\/hr\\\/#website\"},\"datePublished\":\"2025-10-27T08:42:55+00:00\",\"dateModified\":\"2026-02-06T11:35:05+00:00\",\"breadcrumb\":{\"@id\":\"https:\\\/\\\/onedrone.com\\\/hr\\\/pravila-o-kolacicima\\\/#breadcrumb\"},\"inLanguage\":\"hr\",\"potentialAction\":[{\"@type\":\"ReadAction\",\"target\":[\"https:\\\/\\\/onedrone.com\\\/hr\\\/pravila-o-kolacicima\\\/\"]}]},{\"@type\":\"BreadcrumbList\",\"@id\":\"https:\\\/\\\/onedrone.com\\\/hr\\\/pravila-o-kolacicima\\\/#breadcrumb\",\"itemListElement\":[{\"@type\":\"ListItem\",\"position\":1,\"name\":\"Po\u010detna\",\"item\":\"https:\\\/\\\/onedrone.com\\\/hr\\\/\"},{\"@type\":\"ListItem\",\"position\":2,\"name\":\"Pravila o kola\u010di\u0107ima\"}]},{\"@type\":\"WebSite\",\"@id\":\"https:\\\/\\\/onedrone.com\\\/hr\\\/#website\",\"url\":\"https:\\\/\\\/onedrone.com\\\/hr\\\/\",\"name\":\"OneDrone\",\"description\":\"Your Drone adventure starts here\",\"publisher\":{\"@id\":\"https:\\\/\\\/onedrone.com\\\/hr\\\/#organization\"},\"potentialAction\":[{\"@type\":\"SearchAction\",\"target\":{\"@type\":\"EntryPoint\",\"urlTemplate\":\"https:\\\/\\\/onedrone.com\\\/hr\\\/?s={search_term_string}\"},\"query-input\":{\"@type\":\"PropertyValueSpecification\",\"valueRequired\":true,\"valueName\":\"search_term_string\"}}],\"inLanguage\":\"hr\"},{\"@type\":\"Organization\",\"@id\":\"https:\\\/\\\/onedrone.com\\\/hr\\\/#organization\",\"name\":\"OneDrone\",\"url\":\"https:\\\/\\\/onedrone.com\\\/hr\\\/\",\"logo\":{\"@type\":\"ImageObject\",\"inLanguage\":\"hr\",\"@id\":\"https:\\\/\\\/onedrone.com\\\/hr\\\/#\\\/schema\\\/logo\\\/image\\\/\",\"url\":\"https:\\\/\\\/onedrone.com\\\/wp-content\\\/uploads\\\/2025\\\/09\\\/black.svg\",\"contentUrl\":\"https:\\\/\\\/onedrone.com\\\/wp-content\\\/uploads\\\/2025\\\/09\\\/black.svg\",\"width\":1932,\"height\":464,\"caption\":\"OneDrone\"},\"image\":{\"@id\":\"https:\\\/\\\/onedrone.com\\\/hr\\\/#\\\/schema\\\/logo\\\/image\\\/\"},\"sameAs\":[\"https:\\\/\\\/www.facebook.com\\\/onedrone.si\\\/\"]}]}<\/script>\n<!-- \/ Yoast SEO plugin. -->","yoast_head_json":{"title":"Pravila o kola\u010di\u0107ima - OneDrone","robots":{"index":"index","follow":"follow","max-snippet":"max-snippet:-1","max-image-preview":"max-image-preview:large","max-video-preview":"max-video-preview:-1"},"canonical":"https:\/\/onedrone.com\/hr\/pravila-o-kolacicima\/","og_locale":"hr_HR","og_type":"article","og_title":"Pravila o kola\u010di\u0107ima - OneDrone","og_description":"Pi\u0161kotki so majhne besedilne datoteke, ki jih spletna mesta uporabljajo za izbolj\u0161anje uporabni\u0161ke izku\u0161nje. Gre pravzaprav za shranjevanje va\u0161ih nastavitev za spletno mesto, kot sta naslov ali izbira \u017eelenega jezika. Pi\u0161kotki tako omogo\u010dajo spletnemu mestu, da prika\u017ee informacije, prilagojene va\u0161im potrebam. Informacije se lahko shranijo le, \u010de to dovolite \u2013 spletna mesta brez va\u0161e odobritve [&hellip;]","og_url":"https:\/\/onedrone.com\/hr\/pravila-o-kolacicima\/","og_site_name":"OneDrone","article_publisher":"https:\/\/www.facebook.com\/onedrone.si\/","article_modified_time":"2026-02-06T11:35:05+00:00","twitter_card":"summary_large_image","twitter_misc":{"Procijenjeno vrijeme \u010ditanja":"2 minute"},"schema":{"@context":"https:\/\/schema.org","@graph":[{"@type":"WebPage","@id":"https:\/\/onedrone.com\/hr\/pravila-o-kolacicima\/","url":"https:\/\/onedrone.com\/hr\/pravila-o-kolacicima\/","name":"Pravila o kola\u010di\u0107ima - OneDrone","isPartOf":{"@id":"https:\/\/onedrone.com\/hr\/#website"},"datePublished":"2025-10-27T08:42:55+00:00","dateModified":"2026-02-06T11:35:05+00:00","breadcrumb":{"@id":"https:\/\/onedrone.com\/hr\/pravila-o-kolacicima\/#breadcrumb"},"inLanguage":"hr","potentialAction":[{"@type":"ReadAction","target":["https:\/\/onedrone.com\/hr\/pravila-o-kolacicima\/"]}]},{"@type":"BreadcrumbList","@id":"https:\/\/onedrone.com\/hr\/pravila-o-kolacicima\/#breadcrumb","itemListElement":[{"@type":"ListItem","position":1,"name":"Po\u010detna","item":"https:\/\/onedrone.com\/hr\/"},{"@type":"ListItem","position":2,"name":"Pravila o kola\u010di\u0107ima"}]},{"@type":"WebSite","@id":"https:\/\/onedrone.com\/hr\/#website","url":"https:\/\/onedrone.com\/hr\/","name":"OneDrone","description":"Your Drone adventure starts here","publisher":{"@id":"https:\/\/onedrone.com\/hr\/#organization"},"potentialAction":[{"@type":"SearchAction","target":{"@type":"EntryPoint","urlTemplate":"https:\/\/onedrone.com\/hr\/?s={search_term_string}"},"query-input":{"@type":"PropertyValueSpecification","valueRequired":true,"valueName":"search_term_string"}}],"inLanguage":"hr"},{"@type":"Organization","@id":"https:\/\/onedrone.com\/hr\/#organization","name":"OneDrone","url":"https:\/\/onedrone.com\/hr\/","logo":{"@type":"ImageObject","inLanguage":"hr","@id":"https:\/\/onedrone.com\/hr\/#\/schema\/logo\/image\/","url":"https:\/\/onedrone.com\/wp-content\/uploads\/2025\/09\/black.svg","contentUrl":"https:\/\/onedrone.com\/wp-content\/uploads\/2025\/09\/black.svg","width":1932,"height":464,"caption":"OneDrone"},"image":{"@id":"https:\/\/onedrone.com\/hr\/#\/schema\/logo\/image\/"},"sameAs":["https:\/\/www.facebook.com\/onedrone.si\/"]}]}},"_links":{"self":[{"href":"https:\/\/onedrone.com\/hr\/wp-json\/wp\/v2\/pages\/18268","targetHints":{"allow":["GET"]}}],"collection":[{"href":"https:\/\/onedrone.com\/hr\/wp-json\/wp\/v2\/pages"}],"about":[{"href":"https:\/\/onedrone.com\/hr\/wp-json\/wp\/v2\/types\/page"}],"author":[{"embeddable":true,"href":"https:\/\/onedrone.com\/hr\/wp-json\/wp\/v2\/users\/2"}],"replies":[{"embeddable":true,"href":"https:\/\/onedrone.com\/hr\/wp-json\/wp\/v2\/comments?post=18268"}],"version-history":[{"count":2,"href":"https:\/\/onedrone.com\/hr\/wp-json\/wp\/v2\/pages\/18268\/revisions"}],"predecessor-version":[{"id":18270,"href":"https:\/\/onedrone.com\/hr\/wp-json\/wp\/v2\/pages\/18268\/revisions\/18270"}],"wp:attachment":[{"href":"https:\/\/onedrone.com\/hr\/wp-json\/wp\/v2\/media?parent=18268"}],"curies":[{"name":"wp","href":"https:\/\/api.w.org\/{rel}","templated":true}]}}