{"id":18262,"date":"2025-10-27T09:28:41","date_gmt":"2025-10-27T09:28:41","guid":{"rendered":"https:\/\/onedrone.com\/pogoji-uporabe\/"},"modified":"2026-02-06T11:35:25","modified_gmt":"2026-02-06T11:35:25","slug":"uvjeti-koristenja","status":"publish","type":"page","link":"https:\/\/onedrone.com\/hr\/uvjeti-koristenja\/","title":{"rendered":"Uvjeti kori\u0161tenja"},"content":{"rendered":"\t\t<div data-elementor-type=\"wp-page\" data-elementor-id=\"18262\" class=\"elementor elementor-18262 elementor-12822\" data-elementor-post-type=\"page\">\n\t\t\t\t<div class=\"elementor-element elementor-element-2d84ba61 solutions-header e-flex e-con-boxed e-con e-parent\" data-id=\"2d84ba61\" data-element_type=\"container\" data-e-type=\"container\" data-settings=\"{&quot;background_background&quot;:&quot;classic&quot;}\">\n\t\t\t\t\t<div class=\"e-con-inner\">\n\t\t<div class=\"elementor-element elementor-element-51d667a e-con-full e-flex e-con e-child\" data-id=\"51d667a\" data-element_type=\"container\" data-e-type=\"container\">\n\t\t\t\t<div class=\"elementor-element elementor-element-72d1f7c7 elementor-widget elementor-widget-heading\" data-id=\"72d1f7c7\" data-element_type=\"widget\" data-e-type=\"widget\" id=\"2line-title\" data-widget_type=\"heading.default\">\n\t\t\t\t<div class=\"elementor-widget-container\">\n\t\t\t\t\t<h1 class=\"elementor-heading-title elementor-size-default\">Uvjeti kori\u0161tenja<\/h1>\t\t\t\t<\/div>\n\t\t\t\t<\/div>\n\t\t\t\t<\/div>\n\t\t\t\t\t<\/div>\n\t\t\t\t<\/div>\n\t\t<div class=\"elementor-element elementor-element-82291e4 e-flex e-con-boxed e-con e-parent\" data-id=\"82291e4\" data-element_type=\"container\" data-e-type=\"container\">\n\t\t\t\t\t<div class=\"e-con-inner\">\n\t\t\t\t<div class=\"elementor-element elementor-element-350b35d elementor-widget elementor-widget-text-editor\" data-id=\"350b35d\" data-element_type=\"widget\" data-e-type=\"widget\" data-widget_type=\"text-editor.default\">\n\t\t\t\t<div class=\"elementor-widget-container\">\n\t\t\t\t\t\t\t\t\t<strong>Vrijedi od:<\/strong> listopad 2025<br>\n<strong>Tvrtka:<\/strong> ONEDRONE d.o.o., Stegne 21C, 1000 Ljubljana, Slovenija<br>\n<strong>E-mail:<\/strong> <a href=\"mailto:info@onedrone.si\">info@onedrone.si<\/a><br>\n<strong>PDV ID:<\/strong> SI88522253\n\n<p>\nDobrodo\u0161li na web-stranici ONEDRONE, dostupnoj na\n<a href=\"https:\/\/onedrone.com\">onedrone.com<\/a> i\n<a href=\"https:\/\/onedrone.com\">new.onedrone.com<\/a>.\nPristupanjem ili kori\u0161tenjem ove web-stranice potvr\u0111ujete da se sla\u017eete s ovim Uvjetima kori\u0161tenja.\nAko se s njima ne sla\u017eete, molimo vas da ne koristite ovu web-stranicu.\n<\/p>\n\n<hr \/>\n\n<h3>1. Svrha web-stranice<\/h3>\n<p>\nOva web-stranica pru\u017ea informacije o proizvodima, uslugama i edukacijskim te\u010dajevima tvrtke ONEDRONE.\nOdre\u0111eni dijelovi web-stranice mogu zahtijevati prijavu korisnika radi pristupa dodatnom sadr\u017eaju\nili upravljanja te\u010dajevima.\n<\/p>\n\n<h3>2. Pristup korisni\u010dkom ra\u010dunu<\/h3>\n<p>\nTrenutno se korisnici mogu prijaviti isklju\u010divo s korisni\u010dkim podacima koje im dodijeli ONEDRONE.\nSamostalna registracija jo\u0161 nije omogu\u0107ena.\n<\/p>\n<p>\nKorisnik je odgovoran za \u010duvanje svojih pristupnih podataka i za sve aktivnosti izvr\u0161ene putem\nnjegovog korisni\u010dkog ra\u010duna. Ako sumnjate na neovla\u0161tenu upotrebu, odmah nas obavijestite na\n<a href=\"mailto:info@onedrone.si\">info@onedrone.si<\/a>.\n<\/p>\n\n<h3>3. Usluge i narud\u017ebe<\/h3>\n<p>\nONEDRONE nudi stru\u010dne usluge i edukacijske te\u010dajeve. Narud\u017ebe se trenuta\u010dno obra\u0111uju ru\u010dno,\nputem komunikacije e-po\u0161tom. U budu\u0107nosti \u0107e biti omogu\u0107eno i online pla\u0107anje, pri \u010demu \u0107e\novi uvjeti biti odgovaraju\u0107e a\u017eurirani.\n<\/p>\n<p>\nSvi opisi usluga i cijene objavljeni na web-stranici imaju informativni karakter i ne predstavljaju\nobvezuju\u0107u ponudu. Ugovorni odnos izme\u0111u korisnika i ONEDRONE-a nastaje tek kada tvrtka\npisanim putem potvrdi narud\u017ebu (npr. putem e-po\u0161te).\n<\/p>\n\n<h3>4. Pla\u0107anja i otkazivanje<\/h3>\n<p>\nPla\u0107anja se trenuta\u010dno provode na temelju ra\u010duna ili uputa za pla\u0107anje koje ONEDRONE \u0161alje putem e-po\u0161te.\n<\/p>\n<p>\nNakon potvrde narud\u017ebe, otkazivanje je mogu\u0107e samo uz suglasnost obje strane.\nPovrati sredstava, kada su primjenjivi, provode se u skladu s odredbama Zakona o za\u0161titi potro\u0161a\u010da.\n<\/p>\n\n<h3>5. Autorska prava i intelektualno vlasni\u0161tvo<\/h3>\n<p>\nSav sadr\u017eaj na ovoj web-stranici, uklju\u010duju\u0107i tekstove, fotografije, videozapise, grafike,\nlogotipe i ostale materijale, intelektualno je vlasni\u0161tvo tvrtke ONEDRONE d.o.o. ili njezinih partnera.\n<\/p>\n<p>\nZabranjeno je kopiranje, preuzimanje, dijeljenje ili bilo kakva reprodukcija sadr\u017eaja bez prethodnog\npisanog odobrenja ONEDRONE-a.\n<\/p>\n\n<h3>6. Dopu\u0161tena upotreba<\/h3>\n<p>Korisnik se obvezuje da web-stranicu ne\u0107e koristiti za:<\/p>\n<ul>\n  <li>nezakonite, zlonamjerne ili \u0161tetne svrhe;<\/li>\n  <li>poku\u0161aje neovla\u0161tenog pristupa bilo kojem dijelu web-stranice ili njezinim sustavima;<\/li>\n  <li>kopiranje, umno\u017eavanje ili distribuciju sadr\u017eaja bez dopu\u0161tenja;<\/li>\n  <li>u\u010ditavanje ili slanje virusa ili drugog zlonamjernog koda.<\/li>\n<\/ul>\n<p>\nKr\u0161enje ovih pravila mo\u017ee rezultirati ukidanjem pristupa web-stranici ili pokretanjem odgovaraju\u0107ih\npravnih postupaka.\n<\/p>\n\n<h3>7. Poveznice na druge web-stranice<\/h3>\n<p>\nNa\u0161a web-stranica mo\u017ee sadr\u017eavati poveznice na vanjske web-stranice. Te poveznice slu\u017ee isklju\u010divo\nradi lak\u0161eg pristupa informacijama.\n<\/p>\n<p>\nONEDRONE ne preuzima odgovornost za sadr\u017eaj, to\u010dnost ili politiku privatnosti tih vanjskih web-stranica.\n<\/p>\n\n<h3>8. Ograni\u010denje odgovornosti<\/h3>\n<p>\nONEDRONE nastoji osigurati da su sve informacije na web-stranici to\u010dne i a\u017eurne, ali ne jam\u010di njihovu\npotpunost ili ispravnost.\n<\/p>\n<p>\nWeb-stranica i sav njezin sadr\u017eaj dostupni su \u201etakvi kakvi jesu\u201c.\nONEDRONE ne odgovara za bilo kakvu neizravnu ili posljedi\u010dnu \u0161tetu, gubitak podataka ili probleme u radu\nkoji mogu nastati kori\u0161tenjem ili nemogu\u0107no\u0161\u0107u kori\u0161tenja web-stranice.\n<\/p>\n\n<h3>9. Privatnost i kola\u010di\u0107i<\/h3>\n<p>\nVa\u0161i osobni podaci obra\u0111uju se u skladu s na\u0161om\n<a href=\"\/privacy-policy\">Politikom privatnosti<\/a> i\n<a href=\"\/cookie-policy\">Politikom kola\u010di\u0107a<\/a>, koje \u010dine sastavni dio ovih uvjeta.\n<\/p>\n\n<h3>10. Izmjene uvjeta<\/h3>\n<p>\nONEDRONE zadr\u017eava pravo u bilo kojem trenutku izmijeniti ili a\u017eurirati ove Uvjete kori\u0161tenja.\nNajnovija verzija uvijek \u0107e biti objavljena na web-stranici.\nDaljnje kori\u0161tenje web-stranice smatra se prihva\u0107anjem izmijenjenih uvjeta.\n<\/p>\n\n<h3>11. Mjerodavno pravo i nadle\u017enost<\/h3>\n<p>\nOvi uvjeti tuma\u010de se i primjenjuju u skladu sa zakonodavstvom Republike Slovenije.\nZa sve sporove povezane s kori\u0161tenjem ove web-stranice ili ovih uvjeta nadle\u017ean je sud u Ljubljani,\nSlovenija.\n<\/p>\n\n<h3>12. Kontakt<\/h3>\n<p>\nAko imate pitanja vezana uz ove uvjete, slobodno nas kontaktirajte na\n<a href=\"mailto:info@onedrone.si\">info@onedrone.si<\/a>.\n<\/p>\n\t\t\t\t\t\t\t\t<\/div>\n\t\t\t\t<\/div>\n\t\t\t\t\t<\/div>\n\t\t\t\t<\/div>\n\t\t\t\t<\/div>\n\t\t","protected":false},"excerpt":{"rendered":"<p>Vrijedi od: listopad 2025 Tvrtka: ONEDRONE d.o.o., Stegne 21C, 1000 Ljubljana, Slovenija E-mail: info@onedrone.si PDV ID: SI88522253 Dobrodo\u0161li na web-stranici ONEDRONE, dostupnoj na onedrone.com i new.onedrone.com. Pristupanjem ili kori\u0161tenjem ove web-stranice potvr\u0111ujete da se sla\u017eete s ovim Uvjetima kori\u0161tenja. Ako se s njima ne sla\u017eete, molimo vas da ne koristite ovu web-stranicu. 1. Svrha web-stranice [&hellip;]<\/p>\n","protected":false},"author":2,"featured_media":0,"parent":0,"menu_order":46,"comment_status":"closed","ping_status":"closed","template":"","meta":{"_acf_changed":false,"footnotes":""},"class_list":["post-18262","page","type-page","status-publish","hentry"],"acf":[],"yoast_head":"<!-- This site is optimized with the Yoast SEO plugin v27.5 - https:\/\/yoast.com\/product\/yoast-seo-wordpress\/ -->\n<title>Uvjeti kori\u0161tenja - OneDrone<\/title>\n<meta name=\"robots\" content=\"index, follow, max-snippet:-1, max-image-preview:large, max-video-preview:-1\" \/>\n<link rel=\"canonical\" href=\"https:\/\/onedrone.com\/hr\/uvjeti-koristenja\/\" \/>\n<meta property=\"og:locale\" content=\"hr_HR\" \/>\n<meta property=\"og:type\" content=\"article\" \/>\n<meta property=\"og:title\" content=\"Uvjeti kori\u0161tenja - OneDrone\" \/>\n<meta property=\"og:description\" content=\"Vrijedi od: listopad 2025 Tvrtka: ONEDRONE d.o.o., Stegne 21C, 1000 Ljubljana, Slovenija E-mail: info@onedrone.si PDV ID: SI88522253 Dobrodo\u0161li na web-stranici ONEDRONE, dostupnoj na onedrone.com i new.onedrone.com. Pristupanjem ili kori\u0161tenjem ove web-stranice potvr\u0111ujete da se sla\u017eete s ovim Uvjetima kori\u0161tenja. Ako se s njima ne sla\u017eete, molimo vas da ne koristite ovu web-stranicu. 1. Svrha web-stranice [&hellip;]\" \/>\n<meta property=\"og:url\" content=\"https:\/\/onedrone.com\/hr\/uvjeti-koristenja\/\" \/>\n<meta property=\"og:site_name\" content=\"OneDrone\" \/>\n<meta property=\"article:publisher\" content=\"https:\/\/www.facebook.com\/onedrone.si\/\" \/>\n<meta property=\"article:modified_time\" content=\"2026-02-06T11:35:25+00:00\" \/>\n<meta name=\"twitter:card\" content=\"summary_large_image\" \/>\n<meta name=\"twitter:label1\" content=\"Procijenjeno vrijeme \u010ditanja\" \/>\n\t<meta name=\"twitter:data1\" content=\"3 minute\" \/>\n<script type=\"application\/ld+json\" class=\"yoast-schema-graph\">{\"@context\":\"https:\\\/\\\/schema.org\",\"@graph\":[{\"@type\":\"WebPage\",\"@id\":\"https:\\\/\\\/onedrone.com\\\/hr\\\/uvjeti-koristenja\\\/\",\"url\":\"https:\\\/\\\/onedrone.com\\\/hr\\\/uvjeti-koristenja\\\/\",\"name\":\"Uvjeti kori\u0161tenja - OneDrone\",\"isPartOf\":{\"@id\":\"https:\\\/\\\/onedrone.com\\\/hr\\\/#website\"},\"datePublished\":\"2025-10-27T09:28:41+00:00\",\"dateModified\":\"2026-02-06T11:35:25+00:00\",\"breadcrumb\":{\"@id\":\"https:\\\/\\\/onedrone.com\\\/hr\\\/uvjeti-koristenja\\\/#breadcrumb\"},\"inLanguage\":\"hr\",\"potentialAction\":[{\"@type\":\"ReadAction\",\"target\":[\"https:\\\/\\\/onedrone.com\\\/hr\\\/uvjeti-koristenja\\\/\"]}]},{\"@type\":\"BreadcrumbList\",\"@id\":\"https:\\\/\\\/onedrone.com\\\/hr\\\/uvjeti-koristenja\\\/#breadcrumb\",\"itemListElement\":[{\"@type\":\"ListItem\",\"position\":1,\"name\":\"Po\u010detna\",\"item\":\"https:\\\/\\\/onedrone.com\\\/hr\\\/\"},{\"@type\":\"ListItem\",\"position\":2,\"name\":\"Uvjeti kori\u0161tenja\"}]},{\"@type\":\"WebSite\",\"@id\":\"https:\\\/\\\/onedrone.com\\\/hr\\\/#website\",\"url\":\"https:\\\/\\\/onedrone.com\\\/hr\\\/\",\"name\":\"OneDrone\",\"description\":\"Your Drone adventure starts here\",\"publisher\":{\"@id\":\"https:\\\/\\\/onedrone.com\\\/hr\\\/#organization\"},\"potentialAction\":[{\"@type\":\"SearchAction\",\"target\":{\"@type\":\"EntryPoint\",\"urlTemplate\":\"https:\\\/\\\/onedrone.com\\\/hr\\\/?s={search_term_string}\"},\"query-input\":{\"@type\":\"PropertyValueSpecification\",\"valueRequired\":true,\"valueName\":\"search_term_string\"}}],\"inLanguage\":\"hr\"},{\"@type\":\"Organization\",\"@id\":\"https:\\\/\\\/onedrone.com\\\/hr\\\/#organization\",\"name\":\"OneDrone\",\"url\":\"https:\\\/\\\/onedrone.com\\\/hr\\\/\",\"logo\":{\"@type\":\"ImageObject\",\"inLanguage\":\"hr\",\"@id\":\"https:\\\/\\\/onedrone.com\\\/hr\\\/#\\\/schema\\\/logo\\\/image\\\/\",\"url\":\"https:\\\/\\\/onedrone.com\\\/wp-content\\\/uploads\\\/2025\\\/09\\\/black.svg\",\"contentUrl\":\"https:\\\/\\\/onedrone.com\\\/wp-content\\\/uploads\\\/2025\\\/09\\\/black.svg\",\"width\":1932,\"height\":464,\"caption\":\"OneDrone\"},\"image\":{\"@id\":\"https:\\\/\\\/onedrone.com\\\/hr\\\/#\\\/schema\\\/logo\\\/image\\\/\"},\"sameAs\":[\"https:\\\/\\\/www.facebook.com\\\/onedrone.si\\\/\"]}]}<\/script>\n<!-- \/ Yoast SEO plugin. -->","yoast_head_json":{"title":"Uvjeti kori\u0161tenja - OneDrone","robots":{"index":"index","follow":"follow","max-snippet":"max-snippet:-1","max-image-preview":"max-image-preview:large","max-video-preview":"max-video-preview:-1"},"canonical":"https:\/\/onedrone.com\/hr\/uvjeti-koristenja\/","og_locale":"hr_HR","og_type":"article","og_title":"Uvjeti kori\u0161tenja - OneDrone","og_description":"Vrijedi od: listopad 2025 Tvrtka: ONEDRONE d.o.o., Stegne 21C, 1000 Ljubljana, Slovenija E-mail: info@onedrone.si PDV ID: SI88522253 Dobrodo\u0161li na web-stranici ONEDRONE, dostupnoj na onedrone.com i new.onedrone.com. Pristupanjem ili kori\u0161tenjem ove web-stranice potvr\u0111ujete da se sla\u017eete s ovim Uvjetima kori\u0161tenja. Ako se s njima ne sla\u017eete, molimo vas da ne koristite ovu web-stranicu. 1. Svrha web-stranice [&hellip;]","og_url":"https:\/\/onedrone.com\/hr\/uvjeti-koristenja\/","og_site_name":"OneDrone","article_publisher":"https:\/\/www.facebook.com\/onedrone.si\/","article_modified_time":"2026-02-06T11:35:25+00:00","twitter_card":"summary_large_image","twitter_misc":{"Procijenjeno vrijeme \u010ditanja":"3 minute"},"schema":{"@context":"https:\/\/schema.org","@graph":[{"@type":"WebPage","@id":"https:\/\/onedrone.com\/hr\/uvjeti-koristenja\/","url":"https:\/\/onedrone.com\/hr\/uvjeti-koristenja\/","name":"Uvjeti kori\u0161tenja - OneDrone","isPartOf":{"@id":"https:\/\/onedrone.com\/hr\/#website"},"datePublished":"2025-10-27T09:28:41+00:00","dateModified":"2026-02-06T11:35:25+00:00","breadcrumb":{"@id":"https:\/\/onedrone.com\/hr\/uvjeti-koristenja\/#breadcrumb"},"inLanguage":"hr","potentialAction":[{"@type":"ReadAction","target":["https:\/\/onedrone.com\/hr\/uvjeti-koristenja\/"]}]},{"@type":"BreadcrumbList","@id":"https:\/\/onedrone.com\/hr\/uvjeti-koristenja\/#breadcrumb","itemListElement":[{"@type":"ListItem","position":1,"name":"Po\u010detna","item":"https:\/\/onedrone.com\/hr\/"},{"@type":"ListItem","position":2,"name":"Uvjeti kori\u0161tenja"}]},{"@type":"WebSite","@id":"https:\/\/onedrone.com\/hr\/#website","url":"https:\/\/onedrone.com\/hr\/","name":"OneDrone","description":"Your Drone adventure starts here","publisher":{"@id":"https:\/\/onedrone.com\/hr\/#organization"},"potentialAction":[{"@type":"SearchAction","target":{"@type":"EntryPoint","urlTemplate":"https:\/\/onedrone.com\/hr\/?s={search_term_string}"},"query-input":{"@type":"PropertyValueSpecification","valueRequired":true,"valueName":"search_term_string"}}],"inLanguage":"hr"},{"@type":"Organization","@id":"https:\/\/onedrone.com\/hr\/#organization","name":"OneDrone","url":"https:\/\/onedrone.com\/hr\/","logo":{"@type":"ImageObject","inLanguage":"hr","@id":"https:\/\/onedrone.com\/hr\/#\/schema\/logo\/image\/","url":"https:\/\/onedrone.com\/wp-content\/uploads\/2025\/09\/black.svg","contentUrl":"https:\/\/onedrone.com\/wp-content\/uploads\/2025\/09\/black.svg","width":1932,"height":464,"caption":"OneDrone"},"image":{"@id":"https:\/\/onedrone.com\/hr\/#\/schema\/logo\/image\/"},"sameAs":["https:\/\/www.facebook.com\/onedrone.si\/"]}]}},"_links":{"self":[{"href":"https:\/\/onedrone.com\/hr\/wp-json\/wp\/v2\/pages\/18262","targetHints":{"allow":["GET"]}}],"collection":[{"href":"https:\/\/onedrone.com\/hr\/wp-json\/wp\/v2\/pages"}],"about":[{"href":"https:\/\/onedrone.com\/hr\/wp-json\/wp\/v2\/types\/page"}],"author":[{"embeddable":true,"href":"https:\/\/onedrone.com\/hr\/wp-json\/wp\/v2\/users\/2"}],"replies":[{"embeddable":true,"href":"https:\/\/onedrone.com\/hr\/wp-json\/wp\/v2\/comments?post=18262"}],"version-history":[{"count":5,"href":"https:\/\/onedrone.com\/hr\/wp-json\/wp\/v2\/pages\/18262\/revisions"}],"predecessor-version":[{"id":20289,"href":"https:\/\/onedrone.com\/hr\/wp-json\/wp\/v2\/pages\/18262\/revisions\/20289"}],"wp:attachment":[{"href":"https:\/\/onedrone.com\/hr\/wp-json\/wp\/v2\/media?parent=18262"}],"curies":[{"name":"wp","href":"https:\/\/api.w.org\/{rel}","templated":true}]}}