{"id":18256,"date":"2025-04-14T08:54:45","date_gmt":"2025-04-14T08:54:45","guid":{"rendered":"https:\/\/onedrone.com\/politika-zasebnosti\/"},"modified":"2026-02-06T11:35:33","modified_gmt":"2026-02-06T11:35:33","slug":"pravila-o-privatnosti","status":"publish","type":"page","link":"https:\/\/onedrone.com\/hr\/pravila-o-privatnosti\/","title":{"rendered":"Pravila o privatnosti"},"content":{"rendered":"\t\t<div data-elementor-type=\"wp-page\" data-elementor-id=\"18256\" class=\"elementor elementor-18256 elementor-3\" data-elementor-post-type=\"page\">\n\t\t\t\t<div class=\"elementor-element elementor-element-669e8089 solutions-header e-flex e-con-boxed e-con e-parent\" data-id=\"669e8089\" data-element_type=\"container\" data-e-type=\"container\" data-settings=\"{&quot;background_background&quot;:&quot;classic&quot;}\">\n\t\t\t\t\t<div class=\"e-con-inner\">\n\t\t<div class=\"elementor-element elementor-element-21f59d94 e-con-full e-flex e-con e-child\" data-id=\"21f59d94\" data-element_type=\"container\" data-e-type=\"container\">\n\t\t\t\t<div class=\"elementor-element elementor-element-11e3901 elementor-widget elementor-widget-heading\" data-id=\"11e3901\" data-element_type=\"widget\" data-e-type=\"widget\" id=\"2line-title\" data-widget_type=\"heading.default\">\n\t\t\t\t<div class=\"elementor-widget-container\">\n\t\t\t\t\t<h1 class=\"elementor-heading-title elementor-size-default\">Pravila o privatnosti<\/h1>\t\t\t\t<\/div>\n\t\t\t\t<\/div>\n\t\t\t\t<\/div>\n\t\t\t\t\t<\/div>\n\t\t\t\t<\/div>\n\t\t<div class=\"elementor-element elementor-element-6d01aaee e-flex e-con-boxed e-con e-parent\" data-id=\"6d01aaee\" data-element_type=\"container\" data-e-type=\"container\">\n\t\t\t\t\t<div class=\"e-con-inner\">\n\t\t\t\t<div class=\"elementor-element elementor-element-78f15c7a elementor-widget elementor-widget-text-editor\" data-id=\"78f15c7a\" data-element_type=\"widget\" data-e-type=\"widget\" data-widget_type=\"text-editor.default\">\n\t\t\t\t<div class=\"elementor-widget-container\">\n\t\t\t\t\t\t\t\t\t<h3 data-start=\"53\" data-end=\"110\"><span dir=\"auto\">Va\u017eenje, prihva\u0107anje i kori\u0161tenje Pravila o privatnosti<\/span><\/h3><p data-start=\"112\" data-end=\"334\"><strong data-start=\"112\" data-end=\"118\"><span dir=\"auto\">I.<\/span><\/strong><br data-start=\"118\" data-end=\"121\" \/><span dir=\"auto\">Ova Pravila o privatnosti primjenjuju se na svakoga tko se, u skladu s Op\u0107im uvjetima kori\u0161tenja web stranice\u00a0<\/span><em data-start=\"238\" data-end=\"251\"><span dir=\"auto\">onedrone.si<\/span><\/em><span dir=\"auto\">\u00a0, smatra korisnikom, kao i na cijelu web stranicu, uklju\u010duju\u0107i njezine podstranice.<\/span><\/p><p data-start=\"336\" data-end=\"431\"><span dir=\"auto\">Korisnik je svaka pravna ili fizi\u010dka osoba koja koristi ili posje\u0107uje web stranicu (u daljnjem tekstu: korisnik).<\/span><\/p><p data-start=\"433\" data-end=\"516\"><span dir=\"auto\">Kori\u0161tenjem web stranice korisnik potvr\u0111uje da se sla\u017ee s ovim Pravilima privatnosti.<\/span><\/p><p data-start=\"518\" data-end=\"702\"><span dir=\"auto\">Pru\u017eatelj usluga zadr\u017eava pravo izmjene bilo koje odredbe ove Politike privatnosti u bilo kojem trenutku i bez prethodne najave. Nastavkom kori\u0161tenja web stranice korisnik pristaje na promjene.<\/span><\/p><hr data-start=\"704\" data-end=\"707\" \/><h3 data-start=\"709\" data-end=\"754\"><span dir=\"auto\">Za\u0161tita osobnih podataka i privatnosti<\/span><\/h3><p data-start=\"756\" data-end=\"944\"><strong data-start=\"756\" data-end=\"763\"><span dir=\"auto\">II.<\/span><\/strong><br data-start=\"763\" data-end=\"766\" \/><span dir=\"auto\">Korisnik pristaje da OneDrone mo\u017ee prikupljati i obra\u0111ivati \u200b\u200bnjegove osobne podatke u poslovne svrhe, koje je dostavio prilikom pretplate na newsletter i\/ili prilikom ispunjavanja kontakt obrasca.<\/span><\/p><p data-start=\"946\" data-end=\"1073\"><span dir=\"auto\">Osobnim podacima prikupljenim na web stranici upravlja\u00a0<\/span><strong data-start=\"999\" data-end=\"1070\"><span dir=\"auto\">OneDrone doo, Cesta Andreja Bitenca 36, \u200b\u200b1210 Ljubljana \u2013 \u0160entvid<\/span><\/strong><span dir=\"auto\">\u00a0.<\/span><\/p><p data-start=\"1075\" data-end=\"1257\"><span dir=\"auto\">Svi podaci prikupljeni na web stranici obra\u0111uju se u skladu s ovom Politikom privatnosti koja je javno dostupna na web stranici i na snazi \u200b\u200bje od\u00a0<\/span><strong data-start=\"1234\" data-end=\"1254\"><span dir=\"auto\">1. studenog 2021<\/span><\/strong><span dir=\"auto\">\u00a0.<\/span><\/p><hr data-start=\"1259\" data-end=\"1262\" \/><h3 data-start=\"1264\" data-end=\"1305\"><span dir=\"auto\">Svrha prikupljanja osobnih podataka<\/span><\/h3><p data-start=\"1307\" data-end=\"1452\"><strong data-start=\"1307\" data-end=\"1315\"><span dir=\"auto\">III.<\/span><\/strong><br data-start=\"1315\" data-end=\"1318\" \/><span dir=\"auto\">OneDrone prikuplja i obra\u0111uje osobne podatke korisnika u svrhu informiranja korisnika o novostima i upravljanja podnesenim upitima.<\/span><\/p><hr data-start=\"1454\" data-end=\"1457\" \/><p data-start=\"1459\" data-end=\"1726\"><strong data-start=\"1459\" data-end=\"1466\"><span dir=\"auto\">IV.<\/span><\/strong><br data-start=\"1466\" data-end=\"1469\" \/><span dir=\"auto\">Podaci se pohranjuju u bazi podataka kojom se upravlja u skladu s politikom tvrtke i sigurnosnom politikom obra\u0111iva\u010da podataka, za vrijeme trajanja odnosa izme\u0111u korisnika i pru\u017eatelja usluga, te dodatnih pet godina nakon njegovog prestanka.<\/span><\/p><p data-start=\"1728\" data-end=\"1937\"><span dir=\"auto\">Korisnik mo\u017ee u bilo kojem trenutku pismeno zatra\u017eiti brisanje svojih podataka iz baze podataka. Nakon brisanja, podaci se vi\u0161e ne pohranjuju. OneDrone \u0107e o zahtjevu za brisanje odlu\u010diti u roku od osam radnih dana.<\/span><\/p><p data-start=\"1939\" data-end=\"2101\"><span dir=\"auto\">Korisnik mo\u017ee zatra\u017eiti brisanje svojih podataka klikom na poveznicu za odjavu u primljenim biltenima ili slanjem zahtjeva za brisanje na\u00a0<\/span><strong data-start=\"2078\" data-end=\"2098\"><a class=\"decorated-link cursor-pointer\" rel=\"noopener\" data-start=\"2080\" data-end=\"2096\"><span dir=\"auto\">info@onedrone.si<\/span><\/a><\/strong><span dir=\"auto\">\u00a0.<\/span><\/p><hr data-start=\"2103\" data-end=\"2106\" \/><p data-start=\"2108\" data-end=\"2422\"><strong data-start=\"2108\" data-end=\"2114\"><span dir=\"auto\">V.<\/span><\/strong><br data-start=\"2114\" data-end=\"2117\" \/><span dir=\"auto\">U skladu s odredbama Zakona o\u00a0<\/span><em data-start=\"2158\" data-end=\"2197\"><span dir=\"auto\">za\u0161titi osobnih podataka (ZVOP-1)<\/span><\/em><span dir=\"auto\">\u00a0, korisnik ima pravo provjeriti ispravnost za\u0161tite i obrade osobnih podataka unutar tvrtke. Korisnik mora najaviti pregled prostorija i opreme najmanje pet radnih dana unaprijed.<\/span><\/p><p data-start=\"2424\" data-end=\"2608\"><span dir=\"auto\">Iz razloga poslovne tajne i za\u0161tite drugih osjetljivih informacija, pregled \u0107e se provesti u prisutnosti ovla\u0161tenog predstavnika tvrtke.<\/span><\/p><hr data-start=\"2610\" data-end=\"2613\" \/><h3 data-start=\"2615\" data-end=\"2648\"><span dir=\"auto\">Za\u0161tita osobnih podataka<\/span><\/h3><p data-start=\"2650\" data-end=\"3034\"><strong data-start=\"2650\" data-end=\"2657\"><span dir=\"auto\">VI.<\/span><\/strong><br data-start=\"2657\" data-end=\"2660\" \/><span dir=\"auto\">Za\u0161tita osobnih podataka provodi se u skladu sa stavkom 1. \u010dlanka 25.\u00a0<\/span><em data-start=\"2751\" data-end=\"2759\"><span dir=\"auto\">ZVOP-1<\/span><\/em><span dir=\"auto\">\u00a0. Osobni podaci \u0161tite se pravnim, organizacijskim i odgovaraju\u0107im logi\u010dko-tehni\u010dkim postupcima i mjerama za sprje\u010davanje slu\u010dajnog ili namjernog neovla\u0161tenog uni\u0161tenja, izmjene ili gubitka podataka, kao i njihove neovla\u0161tene obrade, osiguravaju\u0107i da:<\/span><\/p><p data-start=\"3036\" data-end=\"3633\"><span dir=\"auto\">\u2013 prostorije, oprema i sistemski softver (uklju\u010duju\u0107i ulazno-izlazne jedinice) su za\u0161ti\u0107eni;<\/span><br data-start=\"3124\" data-end=\"3127\" \/><span dir=\"auto\">\u2013 aplikacijski softver koji se koristi za obradu osobnih podataka je za\u0161ti\u0107en;<\/span><br data-start=\"3197\" data-end=\"3200\" \/><span dir=\"auto\">\u2013 sprje\u010dava se neovla\u0161teni pristup osobnim podacima tijekom prijenosa, uklju\u010duju\u0107i prijenos putem telekomunikacijskih sustava i mre\u017ea;<\/span><br data-start=\"3341\" data-end=\"3344\" \/><span dir=\"auto\">\u2013 osiguravaju se u\u010dinkovite metode za blokiranje, uni\u0161tavanje, brisanje ili anonimizaciju osobnih podataka;<\/span><br data-start=\"3441\" data-end=\"3444\" \/><span dir=\"auto\">\u2013 mogu\u0107e je naknadno utvrditi kada su pojedina\u010dni osobni podaci kori\u0161teni ili uneseni u bazu podataka i tko je izvr\u0161io radnju, tijekom razdoblja \u010duvanja podataka.<\/span><\/p><hr data-start=\"3635\" data-end=\"3638\" \/><h3 data-start=\"3640\" data-end=\"3662\"><span dir=\"auto\">Zavr\u0161ne odredbe<\/span><\/h3><p data-start=\"3664\" data-end=\"3743\"><strong data-start=\"3664\" data-end=\"3672\"><span dir=\"auto\">VII.<\/span><\/strong><br data-start=\"3672\" data-end=\"3675\" \/><span dir=\"auto\">Ova Pravila o privatnosti na snazi \u200b\u200bsu od\u00a0<\/span><strong data-start=\"3720\" data-end=\"3740\"><span dir=\"auto\">1. studenog 2021<\/span><\/strong><span dir=\"auto\">\u00a0.<\/span><\/p>\t\t\t\t\t\t\t\t<\/div>\n\t\t\t\t<\/div>\n\t\t\t\t\t<\/div>\n\t\t\t\t<\/div>\n\t\t\t\t<\/div>\n\t\t","protected":false},"excerpt":{"rendered":"<p>Va\u017eenje, prihva\u0107anje i kori\u0161tenje Pravila o privatnosti I.Ova Pravila o privatnosti primjenjuju se na svakoga tko se, u skladu s Op\u0107im uvjetima kori\u0161tenja web stranice\u00a0onedrone.si\u00a0, smatra korisnikom, kao i na cijelu web stranicu, uklju\u010duju\u0107i njezine podstranice. Korisnik je svaka pravna ili fizi\u010dka osoba koja koristi ili posje\u0107uje web stranicu (u daljnjem tekstu: korisnik). Kori\u0161tenjem web [&hellip;]<\/p>\n","protected":false},"author":2,"featured_media":0,"parent":0,"menu_order":48,"comment_status":"closed","ping_status":"open","template":"","meta":{"_acf_changed":false,"footnotes":""},"class_list":["post-18256","page","type-page","status-publish","hentry"],"acf":[],"yoast_head":"<!-- This site is optimized with the Yoast SEO plugin v27.4 - https:\/\/yoast.com\/product\/yoast-seo-wordpress\/ -->\n<title>Pravila o privatnosti - OneDrone<\/title>\n<meta name=\"robots\" content=\"index, follow, max-snippet:-1, max-image-preview:large, max-video-preview:-1\" \/>\n<link rel=\"canonical\" href=\"https:\/\/onedrone.com\/hr\/pravila-o-privatnosti\/\" \/>\n<meta property=\"og:locale\" content=\"hr_HR\" \/>\n<meta property=\"og:type\" content=\"article\" \/>\n<meta property=\"og:title\" content=\"Pravila o privatnosti - OneDrone\" \/>\n<meta property=\"og:description\" content=\"Va\u017eenje, prihva\u0107anje i kori\u0161tenje Pravila o privatnosti I.Ova Pravila o privatnosti primjenjuju se na svakoga tko se, u skladu s Op\u0107im uvjetima kori\u0161tenja web stranice\u00a0onedrone.si\u00a0, smatra korisnikom, kao i na cijelu web stranicu, uklju\u010duju\u0107i njezine podstranice. Korisnik je svaka pravna ili fizi\u010dka osoba koja koristi ili posje\u0107uje web stranicu (u daljnjem tekstu: korisnik). Kori\u0161tenjem web [&hellip;]\" \/>\n<meta property=\"og:url\" content=\"https:\/\/onedrone.com\/hr\/pravila-o-privatnosti\/\" \/>\n<meta property=\"og:site_name\" content=\"OneDrone\" \/>\n<meta property=\"article:publisher\" content=\"https:\/\/www.facebook.com\/onedrone.si\/\" \/>\n<meta property=\"article:modified_time\" content=\"2026-02-06T11:35:33+00:00\" \/>\n<meta name=\"twitter:card\" content=\"summary_large_image\" \/>\n<meta name=\"twitter:label1\" content=\"Procijenjeno vrijeme \u010ditanja\" \/>\n\t<meta name=\"twitter:data1\" content=\"3 minute\" \/>\n<script type=\"application\/ld+json\" class=\"yoast-schema-graph\">{\"@context\":\"https:\\\/\\\/schema.org\",\"@graph\":[{\"@type\":\"WebPage\",\"@id\":\"https:\\\/\\\/onedrone.com\\\/hr\\\/pravila-o-privatnosti\\\/\",\"url\":\"https:\\\/\\\/onedrone.com\\\/hr\\\/pravila-o-privatnosti\\\/\",\"name\":\"Pravila o privatnosti - OneDrone\",\"isPartOf\":{\"@id\":\"https:\\\/\\\/onedrone.com\\\/hr\\\/#website\"},\"datePublished\":\"2025-04-14T08:54:45+00:00\",\"dateModified\":\"2026-02-06T11:35:33+00:00\",\"breadcrumb\":{\"@id\":\"https:\\\/\\\/onedrone.com\\\/hr\\\/pravila-o-privatnosti\\\/#breadcrumb\"},\"inLanguage\":\"hr\",\"potentialAction\":[{\"@type\":\"ReadAction\",\"target\":[\"https:\\\/\\\/onedrone.com\\\/hr\\\/pravila-o-privatnosti\\\/\"]}]},{\"@type\":\"BreadcrumbList\",\"@id\":\"https:\\\/\\\/onedrone.com\\\/hr\\\/pravila-o-privatnosti\\\/#breadcrumb\",\"itemListElement\":[{\"@type\":\"ListItem\",\"position\":1,\"name\":\"Po\u010detna\",\"item\":\"https:\\\/\\\/onedrone.com\\\/hr\\\/\"},{\"@type\":\"ListItem\",\"position\":2,\"name\":\"Pravila o privatnosti\"}]},{\"@type\":\"WebSite\",\"@id\":\"https:\\\/\\\/onedrone.com\\\/hr\\\/#website\",\"url\":\"https:\\\/\\\/onedrone.com\\\/hr\\\/\",\"name\":\"OneDrone\",\"description\":\"Your Drone adventure starts here\",\"publisher\":{\"@id\":\"https:\\\/\\\/onedrone.com\\\/hr\\\/#organization\"},\"potentialAction\":[{\"@type\":\"SearchAction\",\"target\":{\"@type\":\"EntryPoint\",\"urlTemplate\":\"https:\\\/\\\/onedrone.com\\\/hr\\\/?s={search_term_string}\"},\"query-input\":{\"@type\":\"PropertyValueSpecification\",\"valueRequired\":true,\"valueName\":\"search_term_string\"}}],\"inLanguage\":\"hr\"},{\"@type\":\"Organization\",\"@id\":\"https:\\\/\\\/onedrone.com\\\/hr\\\/#organization\",\"name\":\"OneDrone\",\"url\":\"https:\\\/\\\/onedrone.com\\\/hr\\\/\",\"logo\":{\"@type\":\"ImageObject\",\"inLanguage\":\"hr\",\"@id\":\"https:\\\/\\\/onedrone.com\\\/hr\\\/#\\\/schema\\\/logo\\\/image\\\/\",\"url\":\"https:\\\/\\\/onedrone.com\\\/wp-content\\\/uploads\\\/2025\\\/09\\\/black.svg\",\"contentUrl\":\"https:\\\/\\\/onedrone.com\\\/wp-content\\\/uploads\\\/2025\\\/09\\\/black.svg\",\"width\":1932,\"height\":464,\"caption\":\"OneDrone\"},\"image\":{\"@id\":\"https:\\\/\\\/onedrone.com\\\/hr\\\/#\\\/schema\\\/logo\\\/image\\\/\"},\"sameAs\":[\"https:\\\/\\\/www.facebook.com\\\/onedrone.si\\\/\"]}]}<\/script>\n<!-- \/ Yoast SEO plugin. -->","yoast_head_json":{"title":"Pravila o privatnosti - OneDrone","robots":{"index":"index","follow":"follow","max-snippet":"max-snippet:-1","max-image-preview":"max-image-preview:large","max-video-preview":"max-video-preview:-1"},"canonical":"https:\/\/onedrone.com\/hr\/pravila-o-privatnosti\/","og_locale":"hr_HR","og_type":"article","og_title":"Pravila o privatnosti - OneDrone","og_description":"Va\u017eenje, prihva\u0107anje i kori\u0161tenje Pravila o privatnosti I.Ova Pravila o privatnosti primjenjuju se na svakoga tko se, u skladu s Op\u0107im uvjetima kori\u0161tenja web stranice\u00a0onedrone.si\u00a0, smatra korisnikom, kao i na cijelu web stranicu, uklju\u010duju\u0107i njezine podstranice. Korisnik je svaka pravna ili fizi\u010dka osoba koja koristi ili posje\u0107uje web stranicu (u daljnjem tekstu: korisnik). Kori\u0161tenjem web [&hellip;]","og_url":"https:\/\/onedrone.com\/hr\/pravila-o-privatnosti\/","og_site_name":"OneDrone","article_publisher":"https:\/\/www.facebook.com\/onedrone.si\/","article_modified_time":"2026-02-06T11:35:33+00:00","twitter_card":"summary_large_image","twitter_misc":{"Procijenjeno vrijeme \u010ditanja":"3 minute"},"schema":{"@context":"https:\/\/schema.org","@graph":[{"@type":"WebPage","@id":"https:\/\/onedrone.com\/hr\/pravila-o-privatnosti\/","url":"https:\/\/onedrone.com\/hr\/pravila-o-privatnosti\/","name":"Pravila o privatnosti - OneDrone","isPartOf":{"@id":"https:\/\/onedrone.com\/hr\/#website"},"datePublished":"2025-04-14T08:54:45+00:00","dateModified":"2026-02-06T11:35:33+00:00","breadcrumb":{"@id":"https:\/\/onedrone.com\/hr\/pravila-o-privatnosti\/#breadcrumb"},"inLanguage":"hr","potentialAction":[{"@type":"ReadAction","target":["https:\/\/onedrone.com\/hr\/pravila-o-privatnosti\/"]}]},{"@type":"BreadcrumbList","@id":"https:\/\/onedrone.com\/hr\/pravila-o-privatnosti\/#breadcrumb","itemListElement":[{"@type":"ListItem","position":1,"name":"Po\u010detna","item":"https:\/\/onedrone.com\/hr\/"},{"@type":"ListItem","position":2,"name":"Pravila o privatnosti"}]},{"@type":"WebSite","@id":"https:\/\/onedrone.com\/hr\/#website","url":"https:\/\/onedrone.com\/hr\/","name":"OneDrone","description":"Your Drone adventure starts here","publisher":{"@id":"https:\/\/onedrone.com\/hr\/#organization"},"potentialAction":[{"@type":"SearchAction","target":{"@type":"EntryPoint","urlTemplate":"https:\/\/onedrone.com\/hr\/?s={search_term_string}"},"query-input":{"@type":"PropertyValueSpecification","valueRequired":true,"valueName":"search_term_string"}}],"inLanguage":"hr"},{"@type":"Organization","@id":"https:\/\/onedrone.com\/hr\/#organization","name":"OneDrone","url":"https:\/\/onedrone.com\/hr\/","logo":{"@type":"ImageObject","inLanguage":"hr","@id":"https:\/\/onedrone.com\/hr\/#\/schema\/logo\/image\/","url":"https:\/\/onedrone.com\/wp-content\/uploads\/2025\/09\/black.svg","contentUrl":"https:\/\/onedrone.com\/wp-content\/uploads\/2025\/09\/black.svg","width":1932,"height":464,"caption":"OneDrone"},"image":{"@id":"https:\/\/onedrone.com\/hr\/#\/schema\/logo\/image\/"},"sameAs":["https:\/\/www.facebook.com\/onedrone.si\/"]}]}},"_links":{"self":[{"href":"https:\/\/onedrone.com\/hr\/wp-json\/wp\/v2\/pages\/18256","targetHints":{"allow":["GET"]}}],"collection":[{"href":"https:\/\/onedrone.com\/hr\/wp-json\/wp\/v2\/pages"}],"about":[{"href":"https:\/\/onedrone.com\/hr\/wp-json\/wp\/v2\/types\/page"}],"author":[{"embeddable":true,"href":"https:\/\/onedrone.com\/hr\/wp-json\/wp\/v2\/users\/2"}],"replies":[{"embeddable":true,"href":"https:\/\/onedrone.com\/hr\/wp-json\/wp\/v2\/comments?post=18256"}],"version-history":[{"count":8,"href":"https:\/\/onedrone.com\/hr\/wp-json\/wp\/v2\/pages\/18256\/revisions"}],"predecessor-version":[{"id":18274,"href":"https:\/\/onedrone.com\/hr\/wp-json\/wp\/v2\/pages\/18256\/revisions\/18274"}],"wp:attachment":[{"href":"https:\/\/onedrone.com\/hr\/wp-json\/wp\/v2\/media?parent=18256"}],"curies":[{"name":"wp","href":"https:\/\/api.w.org\/{rel}","templated":true}]}}