{"id":3082,"date":"2025-06-30T17:35:39","date_gmt":"2025-06-30T17:35:39","guid":{"rendered":"https:\/\/onedrone.com\/?page_id=3082"},"modified":"2025-12-22T13:24:30","modified_gmt":"2025-12-22T13:24:30","slug":"dronecast","status":"publish","type":"page","link":"https:\/\/onedrone.com\/cs\/dronecast\/","title":{"rendered":"Dronecast"},"content":{"rendered":"\t\t<div data-elementor-type=\"wp-page\" data-elementor-id=\"3082\" class=\"elementor elementor-3082\" data-elementor-post-type=\"page\">\n\t\t\t\t<div class=\"elementor-element elementor-element-2852e645 solutions-header e-flex e-con-boxed e-con e-parent\" data-id=\"2852e645\" data-element_type=\"container\" data-e-type=\"container\" data-settings=\"{&quot;background_background&quot;:&quot;classic&quot;}\">\n\t\t\t\t\t<div class=\"e-con-inner\">\n\t\t<div class=\"elementor-element elementor-element-6d595aaf e-con-full e-flex e-con e-child\" data-id=\"6d595aaf\" data-element_type=\"container\" data-e-type=\"container\">\n\t\t\t\t<div class=\"elementor-element elementor-element-8e134ce elementor-widget__width-initial elementor-absolute elementor-widget elementor-widget-image\" data-id=\"8e134ce\" data-element_type=\"widget\" data-e-type=\"widget\" data-settings=\"{&quot;_position&quot;:&quot;absolute&quot;}\" data-widget_type=\"image.default\">\n\t\t\t\t<div class=\"elementor-widget-container\">\n\t\t\t\t\t\t\t\t\t\t\t\t\t\t\t<img fetchpriority=\"high\" decoding=\"async\" width=\"800\" height=\"613\" src=\"https:\/\/onedrone.com\/wp-content\/uploads\/2025\/07\/dronecast_logo_white-1024x784.png\" class=\"attachment-large size-large wp-image-4173\" alt=\"\" srcset=\"https:\/\/onedrone.com\/wp-content\/uploads\/2025\/07\/dronecast_logo_white-1024x784.png 1024w, https:\/\/onedrone.com\/wp-content\/uploads\/2025\/07\/dronecast_logo_white-300x230.png 300w, https:\/\/onedrone.com\/wp-content\/uploads\/2025\/07\/dronecast_logo_white-768x588.png 768w, https:\/\/onedrone.com\/wp-content\/uploads\/2025\/07\/dronecast_logo_white.png 1258w\" sizes=\"(max-width: 800px) 100vw, 800px\" \/>\t\t\t\t\t\t\t\t\t\t\t\t\t\t\t<\/div>\n\t\t\t\t<\/div>\n\t\t\t\t<div class=\"elementor-element elementor-element-4774c4a4 elementor-widget elementor-widget-heading\" data-id=\"4774c4a4\" data-element_type=\"widget\" data-e-type=\"widget\" id=\"2line-title\" data-widget_type=\"heading.default\">\n\t\t\t\t<div class=\"elementor-widget-container\">\n\t\t\t\t\t<h1 class=\"elementor-heading-title elementor-size-default\">Dronecast<\/h1>\t\t\t\t<\/div>\n\t\t\t\t<\/div>\n\t\t\t\t<\/div>\n\t\t\t\t\t<\/div>\n\t\t\t\t<\/div>\n\t\t<div class=\"elementor-element elementor-element-e0b6fa9 e-grid e-con-boxed e-con e-parent\" data-id=\"e0b6fa9\" data-element_type=\"container\" data-e-type=\"container\">\n\t\t\t\t\t<div class=\"e-con-inner\">\n\t\t<div class=\"elementor-element elementor-element-ce6fec2 e-con-full e-flex e-con e-child\" data-id=\"ce6fec2\" data-element_type=\"container\" data-e-type=\"container\">\n\t\t\t\t<div class=\"elementor-element elementor-element-450d34d elementor-widget elementor-widget-heading\" data-id=\"450d34d\" data-element_type=\"widget\" data-e-type=\"widget\" data-widget_type=\"heading.default\">\n\t\t\t\t<div class=\"elementor-widget-container\">\n\t\t\t\t\t<h2 class=\"elementor-heading-title elementor-size-default\">OneDrone podcast - Dronecast<\/h2>\t\t\t\t<\/div>\n\t\t\t\t<\/div>\n\t\t\t\t<div class=\"elementor-element elementor-element-7de0b7e elementor-widget__width-initial elementor-widget elementor-widget-text-editor\" data-id=\"7de0b7e\" data-element_type=\"widget\" data-e-type=\"widget\" data-widget_type=\"text-editor.default\">\n\t\t\t\t<div class=\"elementor-widget-container\">\n\t\t\t\t\t\t\t\t\t<p>Dronecast brings together creators, professionals, and drone enthusiasts to share their experiences, tips, and stories from the world of drones. Tune in to the latest episodes to discover how drones are shaping the future of creativity, exploration, and technology.<\/p>\t\t\t\t\t\t\t\t<\/div>\n\t\t\t\t<\/div>\n\t\t\t\t<\/div>\n\t\t<div class=\"elementor-element elementor-element-4d9ac2e e-con-full e-flex e-con e-child\" data-id=\"4d9ac2e\" data-element_type=\"container\" data-e-type=\"container\">\n\t\t\t\t<div class=\"elementor-element elementor-element-3f9b081 elementor-widget elementor-widget-image\" data-id=\"3f9b081\" data-element_type=\"widget\" data-e-type=\"widget\" data-widget_type=\"image.default\">\n\t\t\t\t<div class=\"elementor-widget-container\">\n\t\t\t\t\t\t\t\t\t\t\t\t\t\t\t<img decoding=\"async\" width=\"800\" height=\"451\" src=\"https:\/\/onedrone.com\/wp-content\/uploads\/2025\/10\/IMG_0239-scaled-e1759924208446-1024x577.jpg\" class=\"attachment-large size-large wp-image-10115\" alt=\"\" srcset=\"https:\/\/onedrone.com\/wp-content\/uploads\/2025\/10\/IMG_0239-scaled-e1759924208446-1024x577.jpg 1024w, https:\/\/onedrone.com\/wp-content\/uploads\/2025\/10\/IMG_0239-scaled-e1759924208446-300x169.jpg 300w, https:\/\/onedrone.com\/wp-content\/uploads\/2025\/10\/IMG_0239-scaled-e1759924208446-768x433.jpg 768w, https:\/\/onedrone.com\/wp-content\/uploads\/2025\/10\/IMG_0239-scaled-e1759924208446-1536x865.jpg 1536w, https:\/\/onedrone.com\/wp-content\/uploads\/2025\/10\/IMG_0239-scaled-e1759924208446-2048x1154.jpg 2048w, https:\/\/onedrone.com\/wp-content\/uploads\/2025\/10\/IMG_0239-scaled-e1759924208446.jpg 2000w\" sizes=\"(max-width: 800px) 100vw, 800px\" \/>\t\t\t\t\t\t\t\t\t\t\t\t\t\t\t<\/div>\n\t\t\t\t<\/div>\n\t\t\t\t<\/div>\n\t\t\t\t\t<\/div>\n\t\t\t\t<\/div>\n\t\t<div class=\"elementor-element elementor-element-eba6824 elementor-hidden-tablet elementor-hidden-mobile e-flex e-con-boxed e-con e-parent\" data-id=\"eba6824\" data-element_type=\"container\" data-e-type=\"container\">\n\t\t\t\t\t<div class=\"e-con-inner\">\n\t\t\t\t<div class=\"elementor-element elementor-element-90665b7 elementor-widget elementor-widget-heading\" data-id=\"90665b7\" data-element_type=\"widget\" data-e-type=\"widget\" data-widget_type=\"heading.default\">\n\t\t\t\t<div class=\"elementor-widget-container\">\n\t\t\t\t\t<h2 class=\"elementor-heading-title elementor-size-default\">Check out our latest Dronecasts<\/h2>\t\t\t\t<\/div>\n\t\t\t\t<\/div>\n\t\t\t\t\t<\/div>\n\t\t\t\t<\/div>\n\t\t<div class=\"elementor-element elementor-element-fce00ec e-flex e-con-boxed e-con e-parent\" data-id=\"fce00ec\" data-element_type=\"container\" data-e-type=\"container\">\n\t\t\t\t\t<div class=\"e-con-inner\">\n\t\t\t\t<div class=\"elementor-element elementor-element-28ca7143 elementor-grid-1 elementor-grid-tablet-1 elementor-grid-mobile-1 elementor-widget elementor-widget-loop-grid\" data-id=\"28ca7143\" data-element_type=\"widget\" data-e-type=\"widget\" data-settings=\"{&quot;template_id&quot;:17574,&quot;columns&quot;:1,&quot;columns_tablet&quot;:1,&quot;_skin&quot;:&quot;post&quot;,&quot;columns_mobile&quot;:&quot;1&quot;,&quot;edit_handle_selector&quot;:&quot;[data-elementor-type=\\&quot;loop-item\\&quot;]&quot;,&quot;row_gap&quot;:{&quot;unit&quot;:&quot;px&quot;,&quot;size&quot;:&quot;&quot;,&quot;sizes&quot;:[]},&quot;row_gap_tablet&quot;:{&quot;unit&quot;:&quot;px&quot;,&quot;size&quot;:&quot;&quot;,&quot;sizes&quot;:[]},&quot;row_gap_mobile&quot;:{&quot;unit&quot;:&quot;px&quot;,&quot;size&quot;:&quot;&quot;,&quot;sizes&quot;:[]}}\" data-widget_type=\"loop-grid.post\">\n\t\t\t\t<div class=\"elementor-widget-container\">\n\t\t\t\t\t\t\t<div class=\"e-loop-nothing-found-message\">\n\t\t<\/div>\n\t\t\t\t\t\t<\/div>\n\t\t\t\t<\/div>\n\t\t\t\t<div class=\"elementor-element elementor-element-49956cdb elementor-grid-3 elementor-grid-tablet-2 elementor-grid-mobile-1 elementor-widget elementor-widget-loop-grid\" data-id=\"49956cdb\" data-element_type=\"widget\" data-e-type=\"widget\" data-settings=\"{&quot;template_id&quot;:17557,&quot;_skin&quot;:&quot;post&quot;,&quot;columns&quot;:&quot;3&quot;,&quot;columns_tablet&quot;:&quot;2&quot;,&quot;columns_mobile&quot;:&quot;1&quot;,&quot;edit_handle_selector&quot;:&quot;[data-elementor-type=\\&quot;loop-item\\&quot;]&quot;,&quot;row_gap&quot;:{&quot;unit&quot;:&quot;px&quot;,&quot;size&quot;:&quot;&quot;,&quot;sizes&quot;:[]},&quot;row_gap_tablet&quot;:{&quot;unit&quot;:&quot;px&quot;,&quot;size&quot;:&quot;&quot;,&quot;sizes&quot;:[]},&quot;row_gap_mobile&quot;:{&quot;unit&quot;:&quot;px&quot;,&quot;size&quot;:&quot;&quot;,&quot;sizes&quot;:[]}}\" data-widget_type=\"loop-grid.post\">\n\t\t\t\t<div class=\"elementor-widget-container\">\n\t\t\t\t\t\t\t<div class=\"e-loop-nothing-found-message\">\n\t\t<\/div>\n\t\t\t\t\t\t<\/div>\n\t\t\t\t<\/div>\n\t\t\t\t\t<\/div>\n\t\t\t\t<\/div>\n\t\t\t\t<\/div>\n\t\t","protected":false},"excerpt":{"rendered":"<p>OneDrone podcast &#8211; Dronecast Dronecast brings together creators, professionals, and drone enthusiasts to share their experiences, tips, and stories from the world of drones. Tune in to the latest episodes to discover how drones are shaping the future of creativity, exploration, and technology. Check out our latest Dronecasts<\/p>\n","protected":false},"author":2,"featured_media":10676,"parent":0,"menu_order":27,"comment_status":"closed","ping_status":"closed","template":"","meta":{"_acf_changed":false,"footnotes":""},"class_list":["post-3082","page","type-page","status-publish","has-post-thumbnail","hentry"],"acf":[],"yoast_head":"<!-- This site is optimized with the Yoast SEO plugin v27.4 - https:\/\/yoast.com\/product\/yoast-seo-wordpress\/ -->\n<title>Dronecast - OneDrone<\/title>\n<meta name=\"robots\" content=\"index, follow, max-snippet:-1, max-image-preview:large, max-video-preview:-1\" \/>\n<link rel=\"canonical\" href=\"https:\/\/onedrone.com\/cs\/dronecast\/\" \/>\n<meta property=\"og:locale\" content=\"cs_CZ\" \/>\n<meta property=\"og:type\" content=\"article\" \/>\n<meta property=\"og:title\" content=\"Dronecast - OneDrone\" \/>\n<meta property=\"og:description\" content=\"OneDrone podcast &#8211; Dronecast Dronecast brings together creators, professionals, and drone enthusiasts to share their experiences, tips, and stories from the world of drones. Tune in to the latest episodes to discover how drones are shaping the future of creativity, exploration, and technology. Check out our latest Dronecasts\" \/>\n<meta property=\"og:url\" content=\"https:\/\/onedrone.com\/cs\/dronecast\/\" \/>\n<meta property=\"og:site_name\" content=\"OneDrone\" \/>\n<meta property=\"article:publisher\" content=\"https:\/\/www.facebook.com\/onedrone.si\/\" \/>\n<meta property=\"article:modified_time\" content=\"2025-12-22T13:24:30+00:00\" \/>\n<meta property=\"og:image\" content=\"https:\/\/onedrone.com\/wp-content\/uploads\/2025\/10\/dronecast_visual_6.3-scaled-2.png\" \/>\n\t<meta property=\"og:image:width\" content=\"2560\" \/>\n\t<meta property=\"og:image:height\" content=\"1075\" \/>\n\t<meta property=\"og:image:type\" content=\"image\/png\" \/>\n<meta name=\"twitter:card\" content=\"summary_large_image\" \/>\n<meta name=\"twitter:label1\" content=\"Odhadovan\u00e1 doba \u010dten\u00ed\" \/>\n\t<meta name=\"twitter:data1\" content=\"1 minuta\" \/>\n<script type=\"application\/ld+json\" class=\"yoast-schema-graph\">{\"@context\":\"https:\\\/\\\/schema.org\",\"@graph\":[{\"@type\":\"WebPage\",\"@id\":\"https:\\\/\\\/onedrone.com\\\/cs\\\/dronecast\\\/\",\"url\":\"https:\\\/\\\/onedrone.com\\\/cs\\\/dronecast\\\/\",\"name\":\"Dronecast - OneDrone\",\"isPartOf\":{\"@id\":\"https:\\\/\\\/onedrone.com\\\/cs\\\/#website\"},\"primaryImageOfPage\":{\"@id\":\"https:\\\/\\\/onedrone.com\\\/cs\\\/dronecast\\\/#primaryimage\"},\"image\":{\"@id\":\"https:\\\/\\\/onedrone.com\\\/cs\\\/dronecast\\\/#primaryimage\"},\"thumbnailUrl\":\"https:\\\/\\\/onedrone.com\\\/wp-content\\\/uploads\\\/2025\\\/10\\\/dronecast_visual_6.3-scaled-2.png\",\"datePublished\":\"2025-06-30T17:35:39+00:00\",\"dateModified\":\"2025-12-22T13:24:30+00:00\",\"breadcrumb\":{\"@id\":\"https:\\\/\\\/onedrone.com\\\/cs\\\/dronecast\\\/#breadcrumb\"},\"inLanguage\":\"cs\",\"potentialAction\":[{\"@type\":\"ReadAction\",\"target\":[\"https:\\\/\\\/onedrone.com\\\/cs\\\/dronecast\\\/\"]}]},{\"@type\":\"ImageObject\",\"inLanguage\":\"cs\",\"@id\":\"https:\\\/\\\/onedrone.com\\\/cs\\\/dronecast\\\/#primaryimage\",\"url\":\"https:\\\/\\\/onedrone.com\\\/wp-content\\\/uploads\\\/2025\\\/10\\\/dronecast_visual_6.3-scaled-2.png\",\"contentUrl\":\"https:\\\/\\\/onedrone.com\\\/wp-content\\\/uploads\\\/2025\\\/10\\\/dronecast_visual_6.3-scaled-2.png\",\"width\":2560,\"height\":1075},{\"@type\":\"BreadcrumbList\",\"@id\":\"https:\\\/\\\/onedrone.com\\\/cs\\\/dronecast\\\/#breadcrumb\",\"itemListElement\":[{\"@type\":\"ListItem\",\"position\":1,\"name\":\"Home\",\"item\":\"https:\\\/\\\/onedrone.com\\\/cs\\\/\"},{\"@type\":\"ListItem\",\"position\":2,\"name\":\"Dronecast\"}]},{\"@type\":\"WebSite\",\"@id\":\"https:\\\/\\\/onedrone.com\\\/cs\\\/#website\",\"url\":\"https:\\\/\\\/onedrone.com\\\/cs\\\/\",\"name\":\"OneDrone\",\"description\":\"Your Drone adventure starts here\",\"publisher\":{\"@id\":\"https:\\\/\\\/onedrone.com\\\/cs\\\/#organization\"},\"potentialAction\":[{\"@type\":\"SearchAction\",\"target\":{\"@type\":\"EntryPoint\",\"urlTemplate\":\"https:\\\/\\\/onedrone.com\\\/cs\\\/?s={search_term_string}\"},\"query-input\":{\"@type\":\"PropertyValueSpecification\",\"valueRequired\":true,\"valueName\":\"search_term_string\"}}],\"inLanguage\":\"cs\"},{\"@type\":\"Organization\",\"@id\":\"https:\\\/\\\/onedrone.com\\\/cs\\\/#organization\",\"name\":\"OneDrone\",\"url\":\"https:\\\/\\\/onedrone.com\\\/cs\\\/\",\"logo\":{\"@type\":\"ImageObject\",\"inLanguage\":\"cs\",\"@id\":\"https:\\\/\\\/onedrone.com\\\/cs\\\/#\\\/schema\\\/logo\\\/image\\\/\",\"url\":\"https:\\\/\\\/onedrone.com\\\/wp-content\\\/uploads\\\/2025\\\/09\\\/black.svg\",\"contentUrl\":\"https:\\\/\\\/onedrone.com\\\/wp-content\\\/uploads\\\/2025\\\/09\\\/black.svg\",\"width\":1932,\"height\":464,\"caption\":\"OneDrone\"},\"image\":{\"@id\":\"https:\\\/\\\/onedrone.com\\\/cs\\\/#\\\/schema\\\/logo\\\/image\\\/\"},\"sameAs\":[\"https:\\\/\\\/www.facebook.com\\\/onedrone.si\\\/\"]}]}<\/script>\n<!-- \/ Yoast SEO plugin. -->","yoast_head_json":{"title":"Dronecast - OneDrone","robots":{"index":"index","follow":"follow","max-snippet":"max-snippet:-1","max-image-preview":"max-image-preview:large","max-video-preview":"max-video-preview:-1"},"canonical":"https:\/\/onedrone.com\/cs\/dronecast\/","og_locale":"cs_CZ","og_type":"article","og_title":"Dronecast - OneDrone","og_description":"OneDrone podcast &#8211; Dronecast Dronecast brings together creators, professionals, and drone enthusiasts to share their experiences, tips, and stories from the world of drones. Tune in to the latest episodes to discover how drones are shaping the future of creativity, exploration, and technology. Check out our latest Dronecasts","og_url":"https:\/\/onedrone.com\/cs\/dronecast\/","og_site_name":"OneDrone","article_publisher":"https:\/\/www.facebook.com\/onedrone.si\/","article_modified_time":"2025-12-22T13:24:30+00:00","og_image":[{"width":2560,"height":1075,"url":"https:\/\/onedrone.com\/wp-content\/uploads\/2025\/10\/dronecast_visual_6.3-scaled-2.png","type":"image\/png"}],"twitter_card":"summary_large_image","twitter_misc":{"Odhadovan\u00e1 doba \u010dten\u00ed":"1 minuta"},"schema":{"@context":"https:\/\/schema.org","@graph":[{"@type":"WebPage","@id":"https:\/\/onedrone.com\/cs\/dronecast\/","url":"https:\/\/onedrone.com\/cs\/dronecast\/","name":"Dronecast - OneDrone","isPartOf":{"@id":"https:\/\/onedrone.com\/cs\/#website"},"primaryImageOfPage":{"@id":"https:\/\/onedrone.com\/cs\/dronecast\/#primaryimage"},"image":{"@id":"https:\/\/onedrone.com\/cs\/dronecast\/#primaryimage"},"thumbnailUrl":"https:\/\/onedrone.com\/wp-content\/uploads\/2025\/10\/dronecast_visual_6.3-scaled-2.png","datePublished":"2025-06-30T17:35:39+00:00","dateModified":"2025-12-22T13:24:30+00:00","breadcrumb":{"@id":"https:\/\/onedrone.com\/cs\/dronecast\/#breadcrumb"},"inLanguage":"cs","potentialAction":[{"@type":"ReadAction","target":["https:\/\/onedrone.com\/cs\/dronecast\/"]}]},{"@type":"ImageObject","inLanguage":"cs","@id":"https:\/\/onedrone.com\/cs\/dronecast\/#primaryimage","url":"https:\/\/onedrone.com\/wp-content\/uploads\/2025\/10\/dronecast_visual_6.3-scaled-2.png","contentUrl":"https:\/\/onedrone.com\/wp-content\/uploads\/2025\/10\/dronecast_visual_6.3-scaled-2.png","width":2560,"height":1075},{"@type":"BreadcrumbList","@id":"https:\/\/onedrone.com\/cs\/dronecast\/#breadcrumb","itemListElement":[{"@type":"ListItem","position":1,"name":"Home","item":"https:\/\/onedrone.com\/cs\/"},{"@type":"ListItem","position":2,"name":"Dronecast"}]},{"@type":"WebSite","@id":"https:\/\/onedrone.com\/cs\/#website","url":"https:\/\/onedrone.com\/cs\/","name":"OneDrone","description":"Your Drone adventure starts here","publisher":{"@id":"https:\/\/onedrone.com\/cs\/#organization"},"potentialAction":[{"@type":"SearchAction","target":{"@type":"EntryPoint","urlTemplate":"https:\/\/onedrone.com\/cs\/?s={search_term_string}"},"query-input":{"@type":"PropertyValueSpecification","valueRequired":true,"valueName":"search_term_string"}}],"inLanguage":"cs"},{"@type":"Organization","@id":"https:\/\/onedrone.com\/cs\/#organization","name":"OneDrone","url":"https:\/\/onedrone.com\/cs\/","logo":{"@type":"ImageObject","inLanguage":"cs","@id":"https:\/\/onedrone.com\/cs\/#\/schema\/logo\/image\/","url":"https:\/\/onedrone.com\/wp-content\/uploads\/2025\/09\/black.svg","contentUrl":"https:\/\/onedrone.com\/wp-content\/uploads\/2025\/09\/black.svg","width":1932,"height":464,"caption":"OneDrone"},"image":{"@id":"https:\/\/onedrone.com\/cs\/#\/schema\/logo\/image\/"},"sameAs":["https:\/\/www.facebook.com\/onedrone.si\/"]}]}},"_links":{"self":[{"href":"https:\/\/onedrone.com\/cs\/wp-json\/wp\/v2\/pages\/3082","targetHints":{"allow":["GET"]}}],"collection":[{"href":"https:\/\/onedrone.com\/cs\/wp-json\/wp\/v2\/pages"}],"about":[{"href":"https:\/\/onedrone.com\/cs\/wp-json\/wp\/v2\/types\/page"}],"author":[{"embeddable":true,"href":"https:\/\/onedrone.com\/cs\/wp-json\/wp\/v2\/users\/2"}],"replies":[{"embeddable":true,"href":"https:\/\/onedrone.com\/cs\/wp-json\/wp\/v2\/comments?post=3082"}],"version-history":[{"count":114,"href":"https:\/\/onedrone.com\/cs\/wp-json\/wp\/v2\/pages\/3082\/revisions"}],"predecessor-version":[{"id":17389,"href":"https:\/\/onedrone.com\/cs\/wp-json\/wp\/v2\/pages\/3082\/revisions\/17389"}],"wp:featuredmedia":[{"embeddable":true,"href":"https:\/\/onedrone.com\/cs\/wp-json\/wp\/v2\/media\/10676"}],"wp:attachment":[{"href":"https:\/\/onedrone.com\/cs\/wp-json\/wp\/v2\/media?parent=3082"}],"curies":[{"name":"wp","href":"https:\/\/api.w.org\/{rel}","templated":true}]}}