{"id":3,"date":"2025-04-14T08:54:45","date_gmt":"2025-04-14T08:54:45","guid":{"rendered":"https:\/\/onedrone.com\/?page_id=3"},"modified":"2025-10-27T08:19:06","modified_gmt":"2025-10-27T08:19:06","slug":"privacy-policy","status":"publish","type":"page","link":"https:\/\/onedrone.com\/cs\/privacy-policy\/","title":{"rendered":"Privacy Policy"},"content":{"rendered":"\t\t<div data-elementor-type=\"wp-page\" data-elementor-id=\"3\" class=\"elementor elementor-3\" data-elementor-post-type=\"page\">\n\t\t\t\t<div class=\"elementor-element elementor-element-669e8089 solutions-header e-flex e-con-boxed e-con e-parent\" data-id=\"669e8089\" data-element_type=\"container\" data-e-type=\"container\" data-settings=\"{&quot;background_background&quot;:&quot;classic&quot;}\">\n\t\t\t\t\t<div class=\"e-con-inner\">\n\t\t<div class=\"elementor-element elementor-element-21f59d94 e-con-full e-flex e-con e-child\" data-id=\"21f59d94\" data-element_type=\"container\" data-e-type=\"container\">\n\t\t\t\t<div class=\"elementor-element elementor-element-11e3901 elementor-widget elementor-widget-heading\" data-id=\"11e3901\" data-element_type=\"widget\" data-e-type=\"widget\" id=\"2line-title\" data-widget_type=\"heading.default\">\n\t\t\t\t<div class=\"elementor-widget-container\">\n\t\t\t\t\t<h1 class=\"elementor-heading-title elementor-size-default\">Privacy Policy<\/h1>\t\t\t\t<\/div>\n\t\t\t\t<\/div>\n\t\t\t\t<\/div>\n\t\t\t\t\t<\/div>\n\t\t\t\t<\/div>\n\t\t<div class=\"elementor-element elementor-element-6d01aaee e-flex e-con-boxed e-con e-parent\" data-id=\"6d01aaee\" data-element_type=\"container\" data-e-type=\"container\">\n\t\t\t\t\t<div class=\"e-con-inner\">\n\t\t\t\t<div class=\"elementor-element elementor-element-78f15c7a elementor-widget elementor-widget-text-editor\" data-id=\"78f15c7a\" data-element_type=\"widget\" data-e-type=\"widget\" data-widget_type=\"text-editor.default\">\n\t\t\t\t<div class=\"elementor-widget-container\">\n\t\t\t\t\t\t\t\t\t\n<h3 data-start=\"53\" data-end=\"110\">Validity, Acceptance, and Use of the Privacy Policy<\/h3>\n<p data-start=\"112\" data-end=\"334\"><strong data-start=\"112\" data-end=\"118\">I.<\/strong><br data-start=\"118\" data-end=\"121\" \/>This Privacy Policy applies to anyone who, in accordance with the General Terms and Conditions of Use of the website <em data-start=\"238\" data-end=\"251\">onedrone.si<\/em>, is considered a user, as well as to the entire website, including its subpages.<\/p>\n<p data-start=\"336\" data-end=\"431\">A user is any legal or natural person who uses or visits the website (hereinafter: the user).<\/p>\n<p data-start=\"433\" data-end=\"516\">By using the website, the user confirms that they agree with this Privacy Policy.<\/p>\n<p data-start=\"518\" data-end=\"702\">The provider reserves the right to change any provision of this Privacy Policy at any time and without prior notice. By continuing to use the website, the user agrees to the changes.<\/p>\n<hr data-start=\"704\" data-end=\"707\" \/>\n<h3 data-start=\"709\" data-end=\"754\">Protection of Personal Data and Privacy<\/h3>\n<p data-start=\"756\" data-end=\"944\"><strong data-start=\"756\" data-end=\"763\">II.<\/strong><br data-start=\"763\" data-end=\"766\" \/>The user agrees that OneDrone may collect and process their personal data for business purposes, provided during newsletter subscription and\/or when filling out a contact form.<\/p>\n<p data-start=\"946\" data-end=\"1073\">Personal data collected on the website is managed by <strong data-start=\"999\" data-end=\"1070\">OneDrone d.o.o., Cesta Andreja Bitenca 36, 1210 Ljubljana \u2013 \u0160entvid<\/strong>.<\/p>\n<p data-start=\"1075\" data-end=\"1257\">All data collected on the website is processed in accordance with this Privacy Policy, which is publicly available on the website and has been in effect since <strong data-start=\"1234\" data-end=\"1254\">November 1, 2021<\/strong>.<\/p>\n<hr data-start=\"1259\" data-end=\"1262\" \/>\n<h3 data-start=\"1264\" data-end=\"1305\">Purpose of Collecting Personal Data<\/h3>\n<p data-start=\"1307\" data-end=\"1452\"><strong data-start=\"1307\" data-end=\"1315\">III.<\/strong><br data-start=\"1315\" data-end=\"1318\" \/>OneDrone collects and processes users\u2019 personal data for the purpose of informing users about news and managing submitted inquiries.<\/p>\n<hr data-start=\"1454\" data-end=\"1457\" \/>\n<p data-start=\"1459\" data-end=\"1726\"><strong data-start=\"1459\" data-end=\"1466\">IV.<\/strong><br data-start=\"1466\" data-end=\"1469\" \/>The data is stored in a database managed in accordance with the company\u2019s policy and the security policy of the data processor, for the duration of the relationship between the user and the provider, and for an additional five years after its termination.<\/p>\n<p data-start=\"1728\" data-end=\"1937\">The user may at any time request in writing that their data be deleted from the database. After deletion, the data is no longer stored. OneDrone will decide on the deletion request within eight working days.<\/p>\n<p data-start=\"1939\" data-end=\"2101\">A user may request the deletion of their data by clicking the unsubscribe link in received newsletters or by sending a deletion request to <strong data-start=\"2078\" data-end=\"2098\"><a class=\"decorated-link cursor-pointer\" rel=\"noopener\" data-start=\"2080\" data-end=\"2096\">info@onedrone.si<\/a><\/strong>.<\/p>\n<hr data-start=\"2103\" data-end=\"2106\" \/>\n<p data-start=\"2108\" data-end=\"2422\"><strong data-start=\"2108\" data-end=\"2114\">V.<\/strong><br data-start=\"2114\" data-end=\"2117\" \/>In accordance with the provisions of the <em data-start=\"2158\" data-end=\"2197\">Personal Data Protection Act (ZVOP-1)<\/em>, the user has the right to verify the correctness of the protection and processing of personal data within the company. The user must announce the inspection of premises and equipment at least five working days in advance.<\/p>\n<p data-start=\"2424\" data-end=\"2608\">For reasons of business confidentiality and the protection of other sensitive information, the inspection will be carried out in the presence of an authorized company representative.<\/p>\n<hr data-start=\"2610\" data-end=\"2613\" \/>\n<h3 data-start=\"2615\" data-end=\"2648\">Protection of Personal Data<\/h3>\n<p data-start=\"2650\" data-end=\"3034\"><strong data-start=\"2650\" data-end=\"2657\">VI.<\/strong><br data-start=\"2657\" data-end=\"2660\" \/>Protection of personal data is carried out in accordance with paragraph 1 of Article 25 of <em data-start=\"2751\" data-end=\"2759\">ZVOP-1<\/em>. Personal data is safeguarded through legal, organizational, and appropriate logical-technical procedures and measures to prevent accidental or intentional unauthorized destruction, alteration, or loss of data, as well as unauthorized processing thereof, by ensuring that:<\/p>\n<p data-start=\"3036\" data-end=\"3633\">\u2013 premises, equipment, and system software (including input-output units) are protected;<br data-start=\"3124\" data-end=\"3127\" \/>\u2013 application software used for processing personal data is protected;<br data-start=\"3197\" data-end=\"3200\" \/>\u2013 unauthorized access to personal data during transmission, including transmission via telecommunications systems and networks, is prevented;<br data-start=\"3341\" data-end=\"3344\" \/>\u2013 effective methods for blocking, destroying, deleting, or anonymizing personal data are ensured;<br data-start=\"3441\" data-end=\"3444\" \/>\u2013 it is possible to subsequently determine when individual personal data was used or entered into the database and who performed the action, for the duration of the data retention period.<\/p>\n<hr data-start=\"3635\" data-end=\"3638\" \/>\n<h3 data-start=\"3640\" data-end=\"3662\">Final Provisions<\/h3>\n<p data-start=\"3664\" data-end=\"3743\"><strong data-start=\"3664\" data-end=\"3672\">VII.<\/strong><br data-start=\"3672\" data-end=\"3675\" \/>This Privacy Policy has been in effect since <strong data-start=\"3720\" data-end=\"3740\">November 1, 2021<\/strong>.<\/p>\t\t\t\t\t\t\t\t<\/div>\n\t\t\t\t<\/div>\n\t\t\t\t\t<\/div>\n\t\t\t\t<\/div>\n\t\t\t\t<\/div>\n\t\t","protected":false},"excerpt":{"rendered":"<p>Validity, Acceptance, and Use of the Privacy Policy I.This Privacy Policy applies to anyone who, in accordance with the General Terms and Conditions of Use of the website onedrone.si, is considered a user, as well as to the entire website, including its subpages. A user is any legal or natural person who uses or visits [&hellip;]<\/p>\n","protected":false},"author":1,"featured_media":0,"parent":0,"menu_order":52,"comment_status":"closed","ping_status":"open","template":"","meta":{"_acf_changed":false,"footnotes":""},"class_list":["post-3","page","type-page","status-publish","hentry"],"acf":[],"yoast_head":"<!-- This site is optimized with the Yoast SEO plugin v27.4 - https:\/\/yoast.com\/product\/yoast-seo-wordpress\/ -->\n<title>Privacy Policy - OneDrone<\/title>\n<meta name=\"robots\" content=\"index, follow, max-snippet:-1, max-image-preview:large, max-video-preview:-1\" \/>\n<link rel=\"canonical\" href=\"https:\/\/onedrone.com\/cs\/privacy-policy\/\" \/>\n<meta property=\"og:locale\" content=\"cs_CZ\" \/>\n<meta property=\"og:type\" content=\"article\" \/>\n<meta property=\"og:title\" content=\"Privacy Policy - OneDrone\" \/>\n<meta property=\"og:description\" content=\"Validity, Acceptance, and Use of the Privacy Policy I.This Privacy Policy applies to anyone who, in accordance with the General Terms and Conditions of Use of the website onedrone.si, is considered a user, as well as to the entire website, including its subpages. A user is any legal or natural person who uses or visits [&hellip;]\" \/>\n<meta property=\"og:url\" content=\"https:\/\/onedrone.com\/cs\/privacy-policy\/\" \/>\n<meta property=\"og:site_name\" content=\"OneDrone\" \/>\n<meta property=\"article:publisher\" content=\"https:\/\/www.facebook.com\/onedrone.si\/\" \/>\n<meta property=\"article:modified_time\" content=\"2025-10-27T08:19:06+00:00\" \/>\n<meta name=\"twitter:card\" content=\"summary_large_image\" \/>\n<meta name=\"twitter:label1\" content=\"Odhadovan\u00e1 doba \u010dten\u00ed\" \/>\n\t<meta name=\"twitter:data1\" content=\"3 minuty\" \/>\n<script type=\"application\/ld+json\" class=\"yoast-schema-graph\">{\"@context\":\"https:\\\/\\\/schema.org\",\"@graph\":[{\"@type\":\"WebPage\",\"@id\":\"https:\\\/\\\/onedrone.com\\\/cs\\\/privacy-policy\\\/\",\"url\":\"https:\\\/\\\/onedrone.com\\\/cs\\\/privacy-policy\\\/\",\"name\":\"Privacy Policy - OneDrone\",\"isPartOf\":{\"@id\":\"https:\\\/\\\/onedrone.com\\\/cs\\\/#website\"},\"datePublished\":\"2025-04-14T08:54:45+00:00\",\"dateModified\":\"2025-10-27T08:19:06+00:00\",\"breadcrumb\":{\"@id\":\"https:\\\/\\\/onedrone.com\\\/cs\\\/privacy-policy\\\/#breadcrumb\"},\"inLanguage\":\"cs\",\"potentialAction\":[{\"@type\":\"ReadAction\",\"target\":[\"https:\\\/\\\/onedrone.com\\\/cs\\\/privacy-policy\\\/\"]}]},{\"@type\":\"BreadcrumbList\",\"@id\":\"https:\\\/\\\/onedrone.com\\\/cs\\\/privacy-policy\\\/#breadcrumb\",\"itemListElement\":[{\"@type\":\"ListItem\",\"position\":1,\"name\":\"Home\",\"item\":\"https:\\\/\\\/onedrone.com\\\/cs\\\/\"},{\"@type\":\"ListItem\",\"position\":2,\"name\":\"Privacy Policy\"}]},{\"@type\":\"WebSite\",\"@id\":\"https:\\\/\\\/onedrone.com\\\/cs\\\/#website\",\"url\":\"https:\\\/\\\/onedrone.com\\\/cs\\\/\",\"name\":\"OneDrone\",\"description\":\"Your Drone adventure starts here\",\"publisher\":{\"@id\":\"https:\\\/\\\/onedrone.com\\\/cs\\\/#organization\"},\"potentialAction\":[{\"@type\":\"SearchAction\",\"target\":{\"@type\":\"EntryPoint\",\"urlTemplate\":\"https:\\\/\\\/onedrone.com\\\/cs\\\/?s={search_term_string}\"},\"query-input\":{\"@type\":\"PropertyValueSpecification\",\"valueRequired\":true,\"valueName\":\"search_term_string\"}}],\"inLanguage\":\"cs\"},{\"@type\":\"Organization\",\"@id\":\"https:\\\/\\\/onedrone.com\\\/cs\\\/#organization\",\"name\":\"OneDrone\",\"url\":\"https:\\\/\\\/onedrone.com\\\/cs\\\/\",\"logo\":{\"@type\":\"ImageObject\",\"inLanguage\":\"cs\",\"@id\":\"https:\\\/\\\/onedrone.com\\\/cs\\\/#\\\/schema\\\/logo\\\/image\\\/\",\"url\":\"https:\\\/\\\/onedrone.com\\\/wp-content\\\/uploads\\\/2025\\\/09\\\/black.svg\",\"contentUrl\":\"https:\\\/\\\/onedrone.com\\\/wp-content\\\/uploads\\\/2025\\\/09\\\/black.svg\",\"width\":1932,\"height\":464,\"caption\":\"OneDrone\"},\"image\":{\"@id\":\"https:\\\/\\\/onedrone.com\\\/cs\\\/#\\\/schema\\\/logo\\\/image\\\/\"},\"sameAs\":[\"https:\\\/\\\/www.facebook.com\\\/onedrone.si\\\/\"]}]}<\/script>\n<!-- \/ Yoast SEO plugin. -->","yoast_head_json":{"title":"Privacy Policy - OneDrone","robots":{"index":"index","follow":"follow","max-snippet":"max-snippet:-1","max-image-preview":"max-image-preview:large","max-video-preview":"max-video-preview:-1"},"canonical":"https:\/\/onedrone.com\/cs\/privacy-policy\/","og_locale":"cs_CZ","og_type":"article","og_title":"Privacy Policy - OneDrone","og_description":"Validity, Acceptance, and Use of the Privacy Policy I.This Privacy Policy applies to anyone who, in accordance with the General Terms and Conditions of Use of the website onedrone.si, is considered a user, as well as to the entire website, including its subpages. A user is any legal or natural person who uses or visits [&hellip;]","og_url":"https:\/\/onedrone.com\/cs\/privacy-policy\/","og_site_name":"OneDrone","article_publisher":"https:\/\/www.facebook.com\/onedrone.si\/","article_modified_time":"2025-10-27T08:19:06+00:00","twitter_card":"summary_large_image","twitter_misc":{"Odhadovan\u00e1 doba \u010dten\u00ed":"3 minuty"},"schema":{"@context":"https:\/\/schema.org","@graph":[{"@type":"WebPage","@id":"https:\/\/onedrone.com\/cs\/privacy-policy\/","url":"https:\/\/onedrone.com\/cs\/privacy-policy\/","name":"Privacy Policy - OneDrone","isPartOf":{"@id":"https:\/\/onedrone.com\/cs\/#website"},"datePublished":"2025-04-14T08:54:45+00:00","dateModified":"2025-10-27T08:19:06+00:00","breadcrumb":{"@id":"https:\/\/onedrone.com\/cs\/privacy-policy\/#breadcrumb"},"inLanguage":"cs","potentialAction":[{"@type":"ReadAction","target":["https:\/\/onedrone.com\/cs\/privacy-policy\/"]}]},{"@type":"BreadcrumbList","@id":"https:\/\/onedrone.com\/cs\/privacy-policy\/#breadcrumb","itemListElement":[{"@type":"ListItem","position":1,"name":"Home","item":"https:\/\/onedrone.com\/cs\/"},{"@type":"ListItem","position":2,"name":"Privacy Policy"}]},{"@type":"WebSite","@id":"https:\/\/onedrone.com\/cs\/#website","url":"https:\/\/onedrone.com\/cs\/","name":"OneDrone","description":"Your Drone adventure starts here","publisher":{"@id":"https:\/\/onedrone.com\/cs\/#organization"},"potentialAction":[{"@type":"SearchAction","target":{"@type":"EntryPoint","urlTemplate":"https:\/\/onedrone.com\/cs\/?s={search_term_string}"},"query-input":{"@type":"PropertyValueSpecification","valueRequired":true,"valueName":"search_term_string"}}],"inLanguage":"cs"},{"@type":"Organization","@id":"https:\/\/onedrone.com\/cs\/#organization","name":"OneDrone","url":"https:\/\/onedrone.com\/cs\/","logo":{"@type":"ImageObject","inLanguage":"cs","@id":"https:\/\/onedrone.com\/cs\/#\/schema\/logo\/image\/","url":"https:\/\/onedrone.com\/wp-content\/uploads\/2025\/09\/black.svg","contentUrl":"https:\/\/onedrone.com\/wp-content\/uploads\/2025\/09\/black.svg","width":1932,"height":464,"caption":"OneDrone"},"image":{"@id":"https:\/\/onedrone.com\/cs\/#\/schema\/logo\/image\/"},"sameAs":["https:\/\/www.facebook.com\/onedrone.si\/"]}]}},"_links":{"self":[{"href":"https:\/\/onedrone.com\/cs\/wp-json\/wp\/v2\/pages\/3","targetHints":{"allow":["GET"]}}],"collection":[{"href":"https:\/\/onedrone.com\/cs\/wp-json\/wp\/v2\/pages"}],"about":[{"href":"https:\/\/onedrone.com\/cs\/wp-json\/wp\/v2\/types\/page"}],"author":[{"embeddable":true,"href":"https:\/\/onedrone.com\/cs\/wp-json\/wp\/v2\/users\/1"}],"replies":[{"embeddable":true,"href":"https:\/\/onedrone.com\/cs\/wp-json\/wp\/v2\/comments?post=3"}],"version-history":[{"count":24,"href":"https:\/\/onedrone.com\/cs\/wp-json\/wp\/v2\/pages\/3\/revisions"}],"predecessor-version":[{"id":12786,"href":"https:\/\/onedrone.com\/cs\/wp-json\/wp\/v2\/pages\/3\/revisions\/12786"}],"wp:attachment":[{"href":"https:\/\/onedrone.com\/cs\/wp-json\/wp\/v2\/media?parent=3"}],"curies":[{"name":"wp","href":"https:\/\/api.w.org\/{rel}","templated":true}]}}