{"id":24076,"date":"2025-04-14T08:54:45","date_gmt":"2025-04-14T08:54:45","guid":{"rendered":"https:\/\/onedrone.com\/politika-zasebnosti\/"},"modified":"2026-05-06T08:56:33","modified_gmt":"2026-05-06T08:56:33","slug":"politika-zasebnosti","status":"publish","type":"page","link":"https:\/\/onedrone.com\/cs\/politika-zasebnosti\/","title":{"rendered":"Z\u00e1sady ochrany osobn\u00edch \u00fadaj\u016f"},"content":{"rendered":"\t\t<div data-elementor-type=\"wp-page\" data-elementor-id=\"24076\" class=\"elementor elementor-24076 elementor-3\" data-elementor-post-type=\"page\">\n\t\t\t\t<div class=\"elementor-element elementor-element-669e8089 solutions-header e-flex e-con-boxed e-con e-parent\" data-id=\"669e8089\" data-element_type=\"container\" data-e-type=\"container\" data-settings=\"{&quot;background_background&quot;:&quot;classic&quot;}\">\n\t\t\t\t\t<div class=\"e-con-inner\">\n\t\t<div class=\"elementor-element elementor-element-21f59d94 e-con-full e-flex e-con e-child\" data-id=\"21f59d94\" data-element_type=\"container\" data-e-type=\"container\">\n\t\t\t\t<div class=\"elementor-element elementor-element-11e3901 elementor-widget elementor-widget-heading\" data-id=\"11e3901\" data-element_type=\"widget\" data-e-type=\"widget\" id=\"2line-title\" data-widget_type=\"heading.default\">\n\t\t\t\t<div class=\"elementor-widget-container\">\n\t\t\t\t\t<h1 class=\"elementor-heading-title elementor-size-default\">Z\u00e1sady ochrany osobn\u00edch \u00fadaj\u016f<\/h1>\t\t\t\t<\/div>\n\t\t\t\t<\/div>\n\t\t\t\t<\/div>\n\t\t\t\t\t<\/div>\n\t\t\t\t<\/div>\n\t\t<div class=\"elementor-element elementor-element-6d01aaee e-flex e-con-boxed e-con e-parent\" data-id=\"6d01aaee\" data-element_type=\"container\" data-e-type=\"container\">\n\t\t\t\t\t<div class=\"e-con-inner\">\n\t\t\t\t<div class=\"elementor-element elementor-element-78f15c7a elementor-widget elementor-widget-text-editor\" data-id=\"78f15c7a\" data-element_type=\"widget\" data-e-type=\"widget\" data-widget_type=\"text-editor.default\">\n\t\t\t\t<div class=\"elementor-widget-container\">\n\t\t\t\t\t\t\t\t\t<strong>Platnost, p\u0159ijet\u00ed a pou\u017eit\u00ed z\u00e1sad ochrany osobn\u00edch \u00fadaj\u016f<\/strong>\n\nI. Z\u00e1sady ochrany osobn\u00edch \u00fadaj\u016f se vztahuj\u00ed na ka\u017ed\u00e9ho, kdo je v souladu s Obchodn\u00edmi podm\u00ednkami a podm\u00ednkami pou\u017e\u00edv\u00e1n\u00ed webov\u00e9 str\u00e1nky onedrone.si pova\u017eov\u00e1n za u\u017eivatele, a na celou webovou str\u00e1nku v\u010detn\u011b jej\u00edch podstr\u00e1nek. U\u017eivatelem je ka\u017ed\u00e1 pr\u00e1vnick\u00e1 nebo fyzick\u00e1 osoba, kter\u00e1 pou\u017e\u00edv\u00e1 nebo nav\u0161t\u00edv\u00ed webovou str\u00e1nku (d\u00e1le jen: u\u017eivatel).\n\nPou\u017e\u00edv\u00e1n\u00edm webov\u00e9 str\u00e1nky u\u017eivatel potvrzuje, \u017ee souhlas\u00ed s t\u011bmito Z\u00e1sadami ochrany osobn\u00edch \u00fadaj\u016f. Poskytovatel si vyhrazuje pr\u00e1vo kdykoli a bez p\u0159edchoz\u00edho upozorn\u011bn\u00ed zm\u011bnit jak\u00e9koli ustanoven\u00ed t\u011bchto Z\u00e1sad ochrany osobn\u00edch \u00fadaj\u016f. Dal\u0161\u00edm pou\u017e\u00edv\u00e1n\u00edm webov\u00e9 str\u00e1nky u\u017eivatel se zm\u011bnami souhlas\u00ed.\n\n<strong>Ochrana osobn\u00edch \u00fadaj\u016f a soukrom\u00ed<\/strong>\n\nII. U\u017eivatel souhlas\u00ed s t\u00edm, \u017ee spole\u010dnost OneDrone pro \u00fa\u010dely sv\u00e9ho podnik\u00e1n\u00ed shroma\u017e\u010fuje a zpracov\u00e1v\u00e1 jeho osobn\u00ed \u00fadaje, kter\u00e9 poskytl p\u0159i p\u0159ihl\u00e1\u0161en\u00ed k odb\u011bru elektronick\u00fdch novinek a\/nebo p\u0159i vypln\u011bn\u00ed kontaktn\u00edho formul\u00e1\u0159e.\n\nSpr\u00e1vcem osobn\u00edch \u00fadaj\u016f shrom\u00e1\u017ed\u011bn\u00fdch na webov\u00e9 str\u00e1nce je OneDrone d.o.o., Cesta Andreja Bitenca 36, 1210 Lubla\u0148 \u2013 \u0160entvid. Ve\u0161ker\u00e9 \u00fadaje shrom\u00e1\u017ed\u011bn\u00e9 na webov\u00e9 str\u00e1nce jsou zpracov\u00e1v\u00e1ny v souladu s t\u011bmito Z\u00e1sadami ochrany osobn\u00edch \u00fadaj\u016f, kter\u00e9 jsou ve\u0159ejn\u011b dostupn\u00e9 na webov\u00e9 str\u00e1nce a plat\u00ed od 1. 11. 2021.\n\n<strong>\u00da\u010del shroma\u017e\u010fov\u00e1n\u00ed osobn\u00edch \u00fadaj\u016f<\/strong>\n\nIII. OneDrone shroma\u017e\u010fuje a zpracov\u00e1v\u00e1 osobn\u00ed \u00fadaje u\u017eivatel\u016f za \u00fa\u010delem informov\u00e1n\u00ed u\u017eivatele o novink\u00e1ch a spr\u00e1vy odeslan\u00fdch popt\u00e1vek.\n\nIV. \u00dadaje jsou ukl\u00e1d\u00e1ny v datab\u00e1zi, kter\u00e1 je spravov\u00e1na v souladu s politikou spole\u010dnosti a bezpe\u010dnostn\u00ed politikou poskytovatele, po dobu trv\u00e1n\u00ed vztahu mezi u\u017eivatelem a poskytovatelem a je\u0161t\u011b 5 let po ukon\u010den\u00ed jejich vztahu.\n\nU\u017eivatel m\u016f\u017ee kdykoli p\u00edsemn\u011b po\u017e\u00e1dat o vymaz\u00e1n\u00ed sv\u00fdch \u00fadaj\u016f z datab\u00e1ze. Po vymaz\u00e1n\u00ed se \u00fadaje v datab\u00e1zi d\u00e1le neuchov\u00e1vaj\u00ed. OneDrone o \u017e\u00e1dosti rozhodne do osmi pracovn\u00edch dn\u016f.\n\nU\u017eivatel pod\u00e1 \u017e\u00e1dost o vymaz\u00e1n\u00ed sv\u00fdch \u00fadaj\u016f tak, \u017ee v obdr\u017een\u00fdch elektronick\u00fdch novink\u00e1ch klikne na odkaz pro odhl\u00e1\u0161en\u00ed ze seznamu p\u0159\u00edjemc\u016f zpr\u00e1v, nebo za\u0161le \u017e\u00e1dost o vymaz\u00e1n\u00ed na e-mailovou adresu info@onedrone.si.\n\nV. V souladu s ustanoven\u00edmi slovinsk\u00e9ho z\u00e1kona ZVOP-1 m\u00e1 u\u017eivatel pr\u00e1vo u spole\u010dnosti ov\u011b\u0159it spr\u00e1vnost prov\u00e1d\u011bn\u00ed zabezpe\u010den\u00ed a zpracov\u00e1n\u00ed osobn\u00edch \u00fadaj\u016f. U\u017eivatel mus\u00ed \u017e\u00e1dost o kontrolu prostor a vybaven\u00ed ozn\u00e1mit alespo\u0148 p\u011bt pracovn\u00edch dn\u016f p\u0159edem.\n\nZ d\u016fvodu ochrany obchodn\u00edho tajemstv\u00ed a dal\u0161\u00edch citliv\u00fdch \u00fadaj\u016f poskytovatele se kontrola prov\u00e1d\u00ed za p\u0159\u00edtomnosti pov\u011b\u0159en\u00e9 osoby spole\u010dnosti.\n\n<strong>Zabezpe\u010den\u00ed osobn\u00edch \u00fadaj\u016f<\/strong>\n\nVI. Ochrana osobn\u00edch \u00fadaj\u016f se prov\u00e1d\u00ed v souladu s odstavcem 1 \u010dl\u00e1nku 25 slovinsk\u00e9ho z\u00e1kona ZVOP-1. Osobn\u00ed \u00fadaje jsou zabezpe\u010deny prost\u0159ednictv\u00edm pr\u00e1vn\u00edch, organiza\u010dn\u00edch a vhodn\u00fdch logicko-technick\u00fdch postup\u016f a opat\u0159en\u00ed k zabr\u00e1n\u011bn\u00ed n\u00e1hodn\u00e9mu nebo \u00famysln\u00e9mu neopr\u00e1vn\u011bn\u00e9mu zni\u010den\u00ed \u00fadaj\u016f, jejich zm\u011bn\u011b nebo ztr\u00e1t\u011b a neopr\u00e1vn\u011bn\u00e9mu zpracov\u00e1n\u00ed t\u011bchto \u00fadaj\u016f, a to tak, \u017ee se:\n\n<ul>\n \t<li>chr\u00e1n\u00ed prostory, vybaven\u00ed a syst\u00e9mov\u00fd software, v\u010detn\u011b vstupn\u00edch a v\u00fdstupn\u00edch jednotek;<\/li>\n \t<li>chr\u00e1n\u00ed aplika\u010dn\u00ed software, kter\u00fdm se osobn\u00ed \u00fadaje zpracov\u00e1vaj\u00ed;<\/li>\n \t<li>zabra\u0148uje neopr\u00e1vn\u011bn\u00e9mu p\u0159\u00edstupu k osobn\u00edm \u00fadaj\u016fm p\u0159i jejich p\u0159enosu, v\u010detn\u011b p\u0159enosu prost\u0159ednictv\u00edm telekomunika\u010dn\u00edch prost\u0159edk\u016f a s\u00edt\u00ed;<\/li>\n \t<li>zaji\u0161\u0165uje \u00fa\u010dinn\u00fd zp\u016fsob blokov\u00e1n\u00ed, zni\u010den\u00ed, vymaz\u00e1n\u00ed nebo anonymizace osobn\u00edch \u00fadaj\u016f;<\/li>\n \t<li>umo\u017e\u0148uje n\u00e1sledn\u00e9 zji\u0161t\u011bn\u00ed, kdy byly jednotliv\u00e9 osobn\u00ed \u00fadaje pou\u017eity a vlo\u017eeny do datab\u00e1ze a kdo tak u\u010dinil, a to po dobu, po kterou jsou jednotliv\u00e9 \u00fadaje uchov\u00e1v\u00e1ny.<\/li>\n<\/ul>\n\n<strong>Z\u00e1v\u011bre\u010dn\u00e1 ustanoven\u00ed<\/strong>\n\nVII. Tyto Z\u00e1sady ochrany osobn\u00edch \u00fadaj\u016f plat\u00ed od 1. 11. 2021.\t\t\t\t\t\t\t\t<\/div>\n\t\t\t\t<\/div>\n\t\t\t\t\t<\/div>\n\t\t\t\t<\/div>\n\t\t\t\t<\/div>\n\t\t","protected":false},"excerpt":{"rendered":"<p>Platnost, p\u0159ijet\u00ed a pou\u017eit\u00ed z\u00e1sad ochrany osobn\u00edch \u00fadaj\u016f I. Z\u00e1sady ochrany osobn\u00edch \u00fadaj\u016f se vztahuj\u00ed na ka\u017ed\u00e9ho, kdo je v souladu s Obchodn\u00edmi podm\u00ednkami a podm\u00ednkami pou\u017e\u00edv\u00e1n\u00ed webov\u00e9 str\u00e1nky onedrone.si pova\u017eov\u00e1n za u\u017eivatele, a na celou webovou str\u00e1nku v\u010detn\u011b jej\u00edch podstr\u00e1nek. U\u017eivatelem je ka\u017ed\u00e1 pr\u00e1vnick\u00e1 nebo fyzick\u00e1 osoba, kter\u00e1 pou\u017e\u00edv\u00e1 nebo nav\u0161t\u00edv\u00ed webovou str\u00e1nku (d\u00e1le [&hellip;]<\/p>\n","protected":false},"author":2,"featured_media":0,"parent":0,"menu_order":61,"comment_status":"closed","ping_status":"open","template":"","meta":{"_acf_changed":false,"footnotes":""},"class_list":["post-24076","page","type-page","status-publish","hentry"],"acf":[],"yoast_head":"<!-- This site is optimized with the Yoast SEO plugin v27.5 - https:\/\/yoast.com\/product\/yoast-seo-wordpress\/ -->\n<title>Z\u00e1sady ochrany osobn\u00edch \u00fadaj\u016f - OneDrone<\/title>\n<meta name=\"robots\" content=\"index, follow, max-snippet:-1, max-image-preview:large, max-video-preview:-1\" \/>\n<link rel=\"canonical\" href=\"https:\/\/onedrone.com\/cs\/politika-zasebnosti\/\" \/>\n<meta property=\"og:locale\" content=\"cs_CZ\" \/>\n<meta property=\"og:type\" content=\"article\" \/>\n<meta property=\"og:title\" content=\"Z\u00e1sady ochrany osobn\u00edch \u00fadaj\u016f - OneDrone\" \/>\n<meta property=\"og:description\" content=\"Platnost, p\u0159ijet\u00ed a pou\u017eit\u00ed z\u00e1sad ochrany osobn\u00edch \u00fadaj\u016f I. Z\u00e1sady ochrany osobn\u00edch \u00fadaj\u016f se vztahuj\u00ed na ka\u017ed\u00e9ho, kdo je v souladu s Obchodn\u00edmi podm\u00ednkami a podm\u00ednkami pou\u017e\u00edv\u00e1n\u00ed webov\u00e9 str\u00e1nky onedrone.si pova\u017eov\u00e1n za u\u017eivatele, a na celou webovou str\u00e1nku v\u010detn\u011b jej\u00edch podstr\u00e1nek. U\u017eivatelem je ka\u017ed\u00e1 pr\u00e1vnick\u00e1 nebo fyzick\u00e1 osoba, kter\u00e1 pou\u017e\u00edv\u00e1 nebo nav\u0161t\u00edv\u00ed webovou str\u00e1nku (d\u00e1le [&hellip;]\" \/>\n<meta property=\"og:url\" content=\"https:\/\/onedrone.com\/cs\/politika-zasebnosti\/\" \/>\n<meta property=\"og:site_name\" content=\"OneDrone\" \/>\n<meta property=\"article:publisher\" content=\"https:\/\/www.facebook.com\/onedrone.si\/\" \/>\n<meta property=\"article:modified_time\" content=\"2026-05-06T08:56:33+00:00\" \/>\n<meta name=\"twitter:card\" content=\"summary_large_image\" \/>\n<meta name=\"twitter:label1\" content=\"Odhadovan\u00e1 doba \u010dten\u00ed\" \/>\n\t<meta name=\"twitter:data1\" content=\"3 minuty\" \/>\n<script type=\"application\/ld+json\" class=\"yoast-schema-graph\">{\"@context\":\"https:\\\/\\\/schema.org\",\"@graph\":[{\"@type\":\"WebPage\",\"@id\":\"https:\\\/\\\/onedrone.com\\\/cs\\\/politika-zasebnosti\\\/\",\"url\":\"https:\\\/\\\/onedrone.com\\\/cs\\\/politika-zasebnosti\\\/\",\"name\":\"Z\u00e1sady ochrany osobn\u00edch \u00fadaj\u016f - OneDrone\",\"isPartOf\":{\"@id\":\"https:\\\/\\\/onedrone.com\\\/cs\\\/#website\"},\"datePublished\":\"2025-04-14T08:54:45+00:00\",\"dateModified\":\"2026-05-06T08:56:33+00:00\",\"breadcrumb\":{\"@id\":\"https:\\\/\\\/onedrone.com\\\/cs\\\/politika-zasebnosti\\\/#breadcrumb\"},\"inLanguage\":\"cs\",\"potentialAction\":[{\"@type\":\"ReadAction\",\"target\":[\"https:\\\/\\\/onedrone.com\\\/cs\\\/politika-zasebnosti\\\/\"]}]},{\"@type\":\"BreadcrumbList\",\"@id\":\"https:\\\/\\\/onedrone.com\\\/cs\\\/politika-zasebnosti\\\/#breadcrumb\",\"itemListElement\":[{\"@type\":\"ListItem\",\"position\":1,\"name\":\"Home\",\"item\":\"https:\\\/\\\/onedrone.com\\\/cs\\\/\"},{\"@type\":\"ListItem\",\"position\":2,\"name\":\"Z\u00e1sady ochrany osobn\u00edch \u00fadaj\u016f\"}]},{\"@type\":\"WebSite\",\"@id\":\"https:\\\/\\\/onedrone.com\\\/cs\\\/#website\",\"url\":\"https:\\\/\\\/onedrone.com\\\/cs\\\/\",\"name\":\"OneDrone\",\"description\":\"Your Drone adventure starts here\",\"publisher\":{\"@id\":\"https:\\\/\\\/onedrone.com\\\/cs\\\/#organization\"},\"potentialAction\":[{\"@type\":\"SearchAction\",\"target\":{\"@type\":\"EntryPoint\",\"urlTemplate\":\"https:\\\/\\\/onedrone.com\\\/cs\\\/?s={search_term_string}\"},\"query-input\":{\"@type\":\"PropertyValueSpecification\",\"valueRequired\":true,\"valueName\":\"search_term_string\"}}],\"inLanguage\":\"cs\"},{\"@type\":\"Organization\",\"@id\":\"https:\\\/\\\/onedrone.com\\\/cs\\\/#organization\",\"name\":\"OneDrone\",\"url\":\"https:\\\/\\\/onedrone.com\\\/cs\\\/\",\"logo\":{\"@type\":\"ImageObject\",\"inLanguage\":\"cs\",\"@id\":\"https:\\\/\\\/onedrone.com\\\/cs\\\/#\\\/schema\\\/logo\\\/image\\\/\",\"url\":\"https:\\\/\\\/onedrone.com\\\/wp-content\\\/uploads\\\/2025\\\/09\\\/black.svg\",\"contentUrl\":\"https:\\\/\\\/onedrone.com\\\/wp-content\\\/uploads\\\/2025\\\/09\\\/black.svg\",\"width\":1932,\"height\":464,\"caption\":\"OneDrone\"},\"image\":{\"@id\":\"https:\\\/\\\/onedrone.com\\\/cs\\\/#\\\/schema\\\/logo\\\/image\\\/\"},\"sameAs\":[\"https:\\\/\\\/www.facebook.com\\\/onedrone.si\\\/\"]}]}<\/script>\n<!-- \/ Yoast SEO plugin. -->","yoast_head_json":{"title":"Z\u00e1sady ochrany osobn\u00edch \u00fadaj\u016f - OneDrone","robots":{"index":"index","follow":"follow","max-snippet":"max-snippet:-1","max-image-preview":"max-image-preview:large","max-video-preview":"max-video-preview:-1"},"canonical":"https:\/\/onedrone.com\/cs\/politika-zasebnosti\/","og_locale":"cs_CZ","og_type":"article","og_title":"Z\u00e1sady ochrany osobn\u00edch \u00fadaj\u016f - OneDrone","og_description":"Platnost, p\u0159ijet\u00ed a pou\u017eit\u00ed z\u00e1sad ochrany osobn\u00edch \u00fadaj\u016f I. Z\u00e1sady ochrany osobn\u00edch \u00fadaj\u016f se vztahuj\u00ed na ka\u017ed\u00e9ho, kdo je v souladu s Obchodn\u00edmi podm\u00ednkami a podm\u00ednkami pou\u017e\u00edv\u00e1n\u00ed webov\u00e9 str\u00e1nky onedrone.si pova\u017eov\u00e1n za u\u017eivatele, a na celou webovou str\u00e1nku v\u010detn\u011b jej\u00edch podstr\u00e1nek. U\u017eivatelem je ka\u017ed\u00e1 pr\u00e1vnick\u00e1 nebo fyzick\u00e1 osoba, kter\u00e1 pou\u017e\u00edv\u00e1 nebo nav\u0161t\u00edv\u00ed webovou str\u00e1nku (d\u00e1le [&hellip;]","og_url":"https:\/\/onedrone.com\/cs\/politika-zasebnosti\/","og_site_name":"OneDrone","article_publisher":"https:\/\/www.facebook.com\/onedrone.si\/","article_modified_time":"2026-05-06T08:56:33+00:00","twitter_card":"summary_large_image","twitter_misc":{"Odhadovan\u00e1 doba \u010dten\u00ed":"3 minuty"},"schema":{"@context":"https:\/\/schema.org","@graph":[{"@type":"WebPage","@id":"https:\/\/onedrone.com\/cs\/politika-zasebnosti\/","url":"https:\/\/onedrone.com\/cs\/politika-zasebnosti\/","name":"Z\u00e1sady ochrany osobn\u00edch \u00fadaj\u016f - OneDrone","isPartOf":{"@id":"https:\/\/onedrone.com\/cs\/#website"},"datePublished":"2025-04-14T08:54:45+00:00","dateModified":"2026-05-06T08:56:33+00:00","breadcrumb":{"@id":"https:\/\/onedrone.com\/cs\/politika-zasebnosti\/#breadcrumb"},"inLanguage":"cs","potentialAction":[{"@type":"ReadAction","target":["https:\/\/onedrone.com\/cs\/politika-zasebnosti\/"]}]},{"@type":"BreadcrumbList","@id":"https:\/\/onedrone.com\/cs\/politika-zasebnosti\/#breadcrumb","itemListElement":[{"@type":"ListItem","position":1,"name":"Home","item":"https:\/\/onedrone.com\/cs\/"},{"@type":"ListItem","position":2,"name":"Z\u00e1sady ochrany osobn\u00edch \u00fadaj\u016f"}]},{"@type":"WebSite","@id":"https:\/\/onedrone.com\/cs\/#website","url":"https:\/\/onedrone.com\/cs\/","name":"OneDrone","description":"Your Drone adventure starts here","publisher":{"@id":"https:\/\/onedrone.com\/cs\/#organization"},"potentialAction":[{"@type":"SearchAction","target":{"@type":"EntryPoint","urlTemplate":"https:\/\/onedrone.com\/cs\/?s={search_term_string}"},"query-input":{"@type":"PropertyValueSpecification","valueRequired":true,"valueName":"search_term_string"}}],"inLanguage":"cs"},{"@type":"Organization","@id":"https:\/\/onedrone.com\/cs\/#organization","name":"OneDrone","url":"https:\/\/onedrone.com\/cs\/","logo":{"@type":"ImageObject","inLanguage":"cs","@id":"https:\/\/onedrone.com\/cs\/#\/schema\/logo\/image\/","url":"https:\/\/onedrone.com\/wp-content\/uploads\/2025\/09\/black.svg","contentUrl":"https:\/\/onedrone.com\/wp-content\/uploads\/2025\/09\/black.svg","width":1932,"height":464,"caption":"OneDrone"},"image":{"@id":"https:\/\/onedrone.com\/cs\/#\/schema\/logo\/image\/"},"sameAs":["https:\/\/www.facebook.com\/onedrone.si\/"]}]}},"_links":{"self":[{"href":"https:\/\/onedrone.com\/cs\/wp-json\/wp\/v2\/pages\/24076","targetHints":{"allow":["GET"]}}],"collection":[{"href":"https:\/\/onedrone.com\/cs\/wp-json\/wp\/v2\/pages"}],"about":[{"href":"https:\/\/onedrone.com\/cs\/wp-json\/wp\/v2\/types\/page"}],"author":[{"embeddable":true,"href":"https:\/\/onedrone.com\/cs\/wp-json\/wp\/v2\/users\/2"}],"replies":[{"embeddable":true,"href":"https:\/\/onedrone.com\/cs\/wp-json\/wp\/v2\/comments?post=24076"}],"version-history":[{"count":4,"href":"https:\/\/onedrone.com\/cs\/wp-json\/wp\/v2\/pages\/24076\/revisions"}],"predecessor-version":[{"id":24080,"href":"https:\/\/onedrone.com\/cs\/wp-json\/wp\/v2\/pages\/24076\/revisions\/24080"}],"wp:attachment":[{"href":"https:\/\/onedrone.com\/cs\/wp-json\/wp\/v2\/media?parent=24076"}],"curies":[{"name":"wp","href":"https:\/\/api.w.org\/{rel}","templated":true}]}}