{"id":24063,"date":"2025-05-05T22:45:02","date_gmt":"2025-05-05T22:45:02","guid":{"rendered":"https:\/\/onedrone.com\/prijava\/"},"modified":"2026-05-06T08:51:01","modified_gmt":"2026-05-06T08:51:01","slug":"prijava","status":"publish","type":"page","link":"https:\/\/onedrone.com\/cs\/prijava\/","title":{"rendered":"P\u0159ihl\u00e1\u0161en\u00ed"},"content":{"rendered":"\t\t<div data-elementor-type=\"wp-page\" data-elementor-id=\"24063\" class=\"elementor elementor-24063 elementor-788\" data-elementor-post-type=\"page\">\n\t\t\t\t<div class=\"elementor-element elementor-element-f25d794 solutions-header e-flex e-con-boxed e-con e-parent\" data-id=\"f25d794\" data-element_type=\"container\" data-e-type=\"container\" data-settings=\"{&quot;background_background&quot;:&quot;classic&quot;}\">\n\t\t\t\t\t<div class=\"e-con-inner\">\n\t\t<div class=\"elementor-element elementor-element-b3b1f27 e-con-full e-flex e-con e-child\" data-id=\"b3b1f27\" data-element_type=\"container\" data-e-type=\"container\">\n\t\t\t\t<div class=\"elementor-element elementor-element-6d2ba85 elementor-widget elementor-widget-heading\" data-id=\"6d2ba85\" data-element_type=\"widget\" data-e-type=\"widget\" data-widget_type=\"heading.default\">\n\t\t\t\t<div class=\"elementor-widget-container\">\n\t\t\t\t\t<h1 class=\"elementor-heading-title elementor-size-default\">P\u0159ihl\u00e1\u0161en\u00ed<\/h1>\t\t\t\t<\/div>\n\t\t\t\t<\/div>\n\t\t\t\t<\/div>\n\t\t\t\t\t<\/div>\n\t\t\t\t<\/div>\n\t\t<div class=\"elementor-element elementor-element-153b931 e-grid e-con-boxed e-con e-parent\" data-id=\"153b931\" data-element_type=\"container\" data-e-type=\"container\">\n\t\t\t\t\t<div class=\"e-con-inner\">\n\t\t\t\t<div class=\"elementor-element elementor-element-6d16a68 elementor-widget__width-initial elementor-widget elementor-widget-text-editor\" data-id=\"6d16a68\" data-element_type=\"widget\" data-e-type=\"widget\" data-widget_type=\"text-editor.default\">\n\t\t\t\t<div class=\"elementor-widget-container\">\n\t\t\t\t\t\t\t\t\t<p>Tento port\u00e1l je ur\u010den u\u017eivatel\u016fm OneDrone Fleet Managementu. P\u0159ihlaste se pro efektivn\u00ed spr\u00e1vu sv\u00fdch operac\u00ed s bezpilotn\u00edmi letouny \u2013 od sledov\u00e1n\u00ed let\u016f a \u00fadr\u017eby a\u017e po kontrolu souladu s p\u0159edpisy, dokumentaci a pr\u00e1ci t\u00fdmu. V\u0161e na jednom m\u00edst\u011b \u2013 bezpe\u010dn\u011b, p\u0159ehledn\u011b a v\u017edy aktu\u00e1ln\u00ed.<\/p>\t\t\t\t\t\t\t\t<\/div>\n\t\t\t\t<\/div>\n\t\t<div class=\"elementor-element elementor-element-3c71673 e-con-full e-flex e-con e-child\" data-id=\"3c71673\" data-element_type=\"container\" data-e-type=\"container\">\n\t\t\t\t<div class=\"elementor-element elementor-element-f205ff8 btn-global elementor-widget elementor-widget-button\" data-id=\"f205ff8\" data-element_type=\"widget\" data-e-type=\"widget\" data-widget_type=\"button.default\">\n\t\t\t\t<div class=\"elementor-widget-container\">\n\t\t\t\t\t\t\t\t\t<div class=\"elementor-button-wrapper\">\n\t\t\t\t\t<a class=\"elementor-button elementor-button-link elementor-size-sm\" href=\"\/sl\/storitve\/#fleet-management\">\n\t\t\t\t\t\t<span class=\"elementor-button-content-wrapper\">\n\t\t\t\t\t\t\t\t\t<span class=\"elementor-button-text\">v\u00edce<\/span>\n\t\t\t\t\t<\/span>\n\t\t\t\t\t<\/a>\n\t\t\t\t<\/div>\n\t\t\t\t\t\t\t\t<\/div>\n\t\t\t\t<\/div>\n\t\t\t\t<\/div>\n\t\t\t\t\t<\/div>\n\t\t\t\t<\/div>\n\t\t<div class=\"elementor-element elementor-element-008aa6f e-grid e-con-boxed e-con e-parent\" data-id=\"008aa6f\" data-element_type=\"container\" data-e-type=\"container\">\n\t\t\t\t\t<div class=\"e-con-inner\">\n\t\t<div class=\"elementor-element elementor-element-f1cbd9c e-con-full e-flex e-con e-child\" data-id=\"f1cbd9c\" data-element_type=\"container\" data-e-type=\"container\">\n\t\t\t\t<div class=\"elementor-element elementor-element-844d574 elementor-widget elementor-widget-heading\" data-id=\"844d574\" data-element_type=\"widget\" data-e-type=\"widget\" data-widget_type=\"heading.default\">\n\t\t\t\t<div class=\"elementor-widget-container\">\n\t\t\t\t\t<h2 class=\"elementor-heading-title elementor-size-default\">Soust\u0159e\u010fte se na l\u00e9t\u00e1n\u00ed. O v\u0161e ostatn\u00ed se postar\u00e1me my.<\/h2>\t\t\t\t<\/div>\n\t\t\t\t<\/div>\n\t\t\t\t<\/div>\n\t\t<div class=\"elementor-element elementor-element-d7d09c4 e-con-full e-flex e-con e-child\" data-id=\"d7d09c4\" data-element_type=\"container\" data-e-type=\"container\">\n\t\t\t\t<div class=\"elementor-element elementor-element-0d09fe2 elementor-button-align-end elementor-widget elementor-widget-login\" data-id=\"0d09fe2\" data-element_type=\"widget\" data-e-type=\"widget\" id=\"login-en-button\" data-widget_type=\"login.default\">\n\t\t\t\t<div class=\"elementor-widget-container\">\n\t\t\t\t\t\t\t<form class=\"elementor-login elementor-form\" method=\"post\" action=\"https:\/\/onedrone.com\/wp-login.php\" aria-label=\"Login form\">\n\t\t\t<input type=\"hidden\" name=\"redirect_to\" value=\"\/cs\/wp-json\/wp\/v2\/pages\/24063\">\n\t\t\t<div class=\"elementor-form-fields-wrapper\">\n\t\t\t\t<div class=\"elementor-field-type-text elementor-field-group elementor-column elementor-col-100 elementor-field-required\">\n\t\t\t\t\t<label for=\"user-0d09fe2\" class=\"elementor-field-label elementor-screen-only\">U\u017eivatelsk\u00e9 jm\u00e9no nebo e-mail<\/label>\n\t\t\t\t\t<input size=\"1\" type=\"text\" name=\"log\" id=\"user-0d09fe2\" placeholder=\"U\u017eivatelsk\u00e9 jm\u00e9no nebo e-mail\" class=\"elementor-field elementor-field-textual elementor-size-sm\">\n\t\t\t\t<\/div>\n\t\t\t\t<div class=\"elementor-field-type-text elementor-field-group elementor-column elementor-col-100 elementor-field-required\">\n\t\t\t\t\t<label for=\"password-0d09fe2\" class=\"elementor-field-label elementor-screen-only\">Heslo<\/label>\n\t\t\t\t\t<input size=\"1\" type=\"password\" name=\"pwd\" id=\"password-0d09fe2\" placeholder=\"Heslo\" class=\"elementor-field elementor-field-textual elementor-size-sm\">\n\t\t\t\t<\/div>\n\n\t\t\t\t\t\t\t\t\t<div class=\"elementor-field-type-checkbox elementor-field-group elementor-column elementor-col-100 elementor-remember-me\">\n\t\t\t\t\t\t<label for=\"elementor-login-remember-me\">\n\t\t\t\t\t\t\t<input type=\"checkbox\" id=\"elementor-login-remember-me\" name=\"rememberme\" value=\"forever\">\n\t\t\t\t\t\t\tPamatovat si m\u011b\t\t\t\t\t\t<\/label>\n\t\t\t\t\t<\/div>\n\t\t\t\t\n\t\t\t\t<div class=\"elementor-field-group elementor-column elementor-field-type-submit elementor-col-100\">\n\t\t\t\t\t<button type=\"submit\" class=\"elementor-size-sm elementor-button\" name=\"wp-submit\">\n\t\t\t\t\t\t\t\t\t\t\t\t\t\t\t<span class=\"elementor-button-text\">P\u0159ihl\u00e1\u0161en\u00ed<\/span>\n\t\t\t\t\t\t\t\t\t\t\t\t<\/button>\n\t\t\t\t<\/div>\n\n\t\t\t\t\t\t\t\t\t<div class=\"elementor-field-group elementor-column elementor-col-100\">\n\t\t\t\t\t\t\t\t\t\t\t\t\t\t\t\t\t\t\t\t<a class=\"elementor-lost-password\" href=\"https:\/\/onedrone.com\/wp-login.php?action=lostpassword&redirect_to=%2Fcs%2Fwp-json%2Fwp%2Fv2%2Fpages%2F24063\">\n\t\t\t\t\t\t\t\tZapomn\u011bli jste heslo?\t\t\t\t\t\t\t<\/a>\n\t\t\t\t\t\t\n\t\t\t\t\t\t\t\t\t\t\t<\/div>\n\t\t\t\t\t\t\t<\/div>\n\t\t<\/form>\n\t\t\t\t\t\t<\/div>\n\t\t\t\t<\/div>\n\t\t\t\t<\/div>\n\t\t\t\t\t<\/div>\n\t\t\t\t<\/div>\n\t\t\t\t<\/div>\n\t\t","protected":false},"excerpt":{"rendered":"<p>Tento port\u00e1l je ur\u010den u\u017eivatel\u016fm OneDrone Fleet Managementu. P\u0159ihlaste se pro efektivn\u00ed spr\u00e1vu sv\u00fdch operac\u00ed s bezpilotn\u00edmi letouny \u2013 od sledov\u00e1n\u00ed let\u016f a \u00fadr\u017eby a\u017e po kontrolu souladu s p\u0159edpisy, dokumentaci a pr\u00e1ci t\u00fdmu. V\u0161e na jednom m\u00edst\u011b \u2013 bezpe\u010dn\u011b, p\u0159ehledn\u011b a v\u017edy aktu\u00e1ln\u00ed. v\u00edce Soust\u0159e\u010fte se na l\u00e9t\u00e1n\u00ed. O v\u0161e ostatn\u00ed se postar\u00e1me my.<\/p>\n","protected":false},"author":2,"featured_media":0,"parent":0,"menu_order":37,"comment_status":"closed","ping_status":"closed","template":"","meta":{"_acf_changed":false,"footnotes":""},"class_list":["post-24063","page","type-page","status-publish","hentry"],"acf":[],"yoast_head":"<!-- This site is optimized with the Yoast SEO plugin v27.6 - https:\/\/yoast.com\/product\/yoast-seo-wordpress\/ -->\n<title>P\u0159ihl\u00e1\u0161en\u00ed - OneDrone<\/title>\n<meta name=\"robots\" content=\"index, follow, max-snippet:-1, max-image-preview:large, max-video-preview:-1\" \/>\n<link rel=\"canonical\" href=\"https:\/\/onedrone.com\/cs\/prijava\/\" \/>\n<meta property=\"og:locale\" content=\"cs_CZ\" \/>\n<meta property=\"og:type\" content=\"article\" \/>\n<meta property=\"og:title\" content=\"P\u0159ihl\u00e1\u0161en\u00ed - OneDrone\" \/>\n<meta property=\"og:description\" content=\"Tento port\u00e1l je ur\u010den u\u017eivatel\u016fm OneDrone Fleet Managementu. P\u0159ihlaste se pro efektivn\u00ed spr\u00e1vu sv\u00fdch operac\u00ed s bezpilotn\u00edmi letouny \u2013 od sledov\u00e1n\u00ed let\u016f a \u00fadr\u017eby a\u017e po kontrolu souladu s p\u0159edpisy, dokumentaci a pr\u00e1ci t\u00fdmu. V\u0161e na jednom m\u00edst\u011b \u2013 bezpe\u010dn\u011b, p\u0159ehledn\u011b a v\u017edy aktu\u00e1ln\u00ed. v\u00edce Soust\u0159e\u010fte se na l\u00e9t\u00e1n\u00ed. O v\u0161e ostatn\u00ed se postar\u00e1me my.\" \/>\n<meta property=\"og:url\" content=\"https:\/\/onedrone.com\/cs\/prijava\/\" \/>\n<meta property=\"og:site_name\" content=\"OneDrone\" \/>\n<meta property=\"article:publisher\" content=\"https:\/\/www.facebook.com\/onedrone.si\/\" \/>\n<meta property=\"article:modified_time\" content=\"2026-05-06T08:51:01+00:00\" \/>\n<meta name=\"twitter:card\" content=\"summary_large_image\" \/>\n<meta name=\"twitter:label1\" content=\"Odhadovan\u00e1 doba \u010dten\u00ed\" \/>\n\t<meta name=\"twitter:data1\" content=\"1 minuta\" \/>\n<script type=\"application\/ld+json\" class=\"yoast-schema-graph\">{\"@context\":\"https:\\\/\\\/schema.org\",\"@graph\":[{\"@type\":\"WebPage\",\"@id\":\"https:\\\/\\\/onedrone.com\\\/cs\\\/prijava\\\/\",\"url\":\"https:\\\/\\\/onedrone.com\\\/cs\\\/prijava\\\/\",\"name\":\"P\u0159ihl\u00e1\u0161en\u00ed - OneDrone\",\"isPartOf\":{\"@id\":\"https:\\\/\\\/onedrone.com\\\/cs\\\/#website\"},\"datePublished\":\"2025-05-05T22:45:02+00:00\",\"dateModified\":\"2026-05-06T08:51:01+00:00\",\"breadcrumb\":{\"@id\":\"https:\\\/\\\/onedrone.com\\\/cs\\\/prijava\\\/#breadcrumb\"},\"inLanguage\":\"cs\",\"potentialAction\":[{\"@type\":\"ReadAction\",\"target\":[\"https:\\\/\\\/onedrone.com\\\/cs\\\/prijava\\\/\"]}]},{\"@type\":\"BreadcrumbList\",\"@id\":\"https:\\\/\\\/onedrone.com\\\/cs\\\/prijava\\\/#breadcrumb\",\"itemListElement\":[{\"@type\":\"ListItem\",\"position\":1,\"name\":\"Home\",\"item\":\"https:\\\/\\\/onedrone.com\\\/cs\\\/\"},{\"@type\":\"ListItem\",\"position\":2,\"name\":\"P\u0159ihl\u00e1\u0161en\u00ed\"}]},{\"@type\":\"WebSite\",\"@id\":\"https:\\\/\\\/onedrone.com\\\/cs\\\/#website\",\"url\":\"https:\\\/\\\/onedrone.com\\\/cs\\\/\",\"name\":\"OneDrone\",\"description\":\"Your Drone adventure starts here\",\"publisher\":{\"@id\":\"https:\\\/\\\/onedrone.com\\\/cs\\\/#organization\"},\"potentialAction\":[{\"@type\":\"SearchAction\",\"target\":{\"@type\":\"EntryPoint\",\"urlTemplate\":\"https:\\\/\\\/onedrone.com\\\/cs\\\/?s={search_term_string}\"},\"query-input\":{\"@type\":\"PropertyValueSpecification\",\"valueRequired\":true,\"valueName\":\"search_term_string\"}}],\"inLanguage\":\"cs\"},{\"@type\":\"Organization\",\"@id\":\"https:\\\/\\\/onedrone.com\\\/cs\\\/#organization\",\"name\":\"OneDrone\",\"url\":\"https:\\\/\\\/onedrone.com\\\/cs\\\/\",\"logo\":{\"@type\":\"ImageObject\",\"inLanguage\":\"cs\",\"@id\":\"https:\\\/\\\/onedrone.com\\\/cs\\\/#\\\/schema\\\/logo\\\/image\\\/\",\"url\":\"https:\\\/\\\/onedrone.com\\\/wp-content\\\/uploads\\\/2025\\\/09\\\/black.svg\",\"contentUrl\":\"https:\\\/\\\/onedrone.com\\\/wp-content\\\/uploads\\\/2025\\\/09\\\/black.svg\",\"width\":1932,\"height\":464,\"caption\":\"OneDrone\"},\"image\":{\"@id\":\"https:\\\/\\\/onedrone.com\\\/cs\\\/#\\\/schema\\\/logo\\\/image\\\/\"},\"sameAs\":[\"https:\\\/\\\/www.facebook.com\\\/onedrone.si\\\/\"]}]}<\/script>\n<!-- \/ Yoast SEO plugin. -->","yoast_head_json":{"title":"P\u0159ihl\u00e1\u0161en\u00ed - OneDrone","robots":{"index":"index","follow":"follow","max-snippet":"max-snippet:-1","max-image-preview":"max-image-preview:large","max-video-preview":"max-video-preview:-1"},"canonical":"https:\/\/onedrone.com\/cs\/prijava\/","og_locale":"cs_CZ","og_type":"article","og_title":"P\u0159ihl\u00e1\u0161en\u00ed - OneDrone","og_description":"Tento port\u00e1l je ur\u010den u\u017eivatel\u016fm OneDrone Fleet Managementu. P\u0159ihlaste se pro efektivn\u00ed spr\u00e1vu sv\u00fdch operac\u00ed s bezpilotn\u00edmi letouny \u2013 od sledov\u00e1n\u00ed let\u016f a \u00fadr\u017eby a\u017e po kontrolu souladu s p\u0159edpisy, dokumentaci a pr\u00e1ci t\u00fdmu. V\u0161e na jednom m\u00edst\u011b \u2013 bezpe\u010dn\u011b, p\u0159ehledn\u011b a v\u017edy aktu\u00e1ln\u00ed. v\u00edce Soust\u0159e\u010fte se na l\u00e9t\u00e1n\u00ed. O v\u0161e ostatn\u00ed se postar\u00e1me my.","og_url":"https:\/\/onedrone.com\/cs\/prijava\/","og_site_name":"OneDrone","article_publisher":"https:\/\/www.facebook.com\/onedrone.si\/","article_modified_time":"2026-05-06T08:51:01+00:00","twitter_card":"summary_large_image","twitter_misc":{"Odhadovan\u00e1 doba \u010dten\u00ed":"1 minuta"},"schema":{"@context":"https:\/\/schema.org","@graph":[{"@type":"WebPage","@id":"https:\/\/onedrone.com\/cs\/prijava\/","url":"https:\/\/onedrone.com\/cs\/prijava\/","name":"P\u0159ihl\u00e1\u0161en\u00ed - OneDrone","isPartOf":{"@id":"https:\/\/onedrone.com\/cs\/#website"},"datePublished":"2025-05-05T22:45:02+00:00","dateModified":"2026-05-06T08:51:01+00:00","breadcrumb":{"@id":"https:\/\/onedrone.com\/cs\/prijava\/#breadcrumb"},"inLanguage":"cs","potentialAction":[{"@type":"ReadAction","target":["https:\/\/onedrone.com\/cs\/prijava\/"]}]},{"@type":"BreadcrumbList","@id":"https:\/\/onedrone.com\/cs\/prijava\/#breadcrumb","itemListElement":[{"@type":"ListItem","position":1,"name":"Home","item":"https:\/\/onedrone.com\/cs\/"},{"@type":"ListItem","position":2,"name":"P\u0159ihl\u00e1\u0161en\u00ed"}]},{"@type":"WebSite","@id":"https:\/\/onedrone.com\/cs\/#website","url":"https:\/\/onedrone.com\/cs\/","name":"OneDrone","description":"Your Drone adventure starts here","publisher":{"@id":"https:\/\/onedrone.com\/cs\/#organization"},"potentialAction":[{"@type":"SearchAction","target":{"@type":"EntryPoint","urlTemplate":"https:\/\/onedrone.com\/cs\/?s={search_term_string}"},"query-input":{"@type":"PropertyValueSpecification","valueRequired":true,"valueName":"search_term_string"}}],"inLanguage":"cs"},{"@type":"Organization","@id":"https:\/\/onedrone.com\/cs\/#organization","name":"OneDrone","url":"https:\/\/onedrone.com\/cs\/","logo":{"@type":"ImageObject","inLanguage":"cs","@id":"https:\/\/onedrone.com\/cs\/#\/schema\/logo\/image\/","url":"https:\/\/onedrone.com\/wp-content\/uploads\/2025\/09\/black.svg","contentUrl":"https:\/\/onedrone.com\/wp-content\/uploads\/2025\/09\/black.svg","width":1932,"height":464,"caption":"OneDrone"},"image":{"@id":"https:\/\/onedrone.com\/cs\/#\/schema\/logo\/image\/"},"sameAs":["https:\/\/www.facebook.com\/onedrone.si\/"]}]}},"_links":{"self":[{"href":"https:\/\/onedrone.com\/cs\/wp-json\/wp\/v2\/pages\/24063","targetHints":{"allow":["GET"]}}],"collection":[{"href":"https:\/\/onedrone.com\/cs\/wp-json\/wp\/v2\/pages"}],"about":[{"href":"https:\/\/onedrone.com\/cs\/wp-json\/wp\/v2\/types\/page"}],"author":[{"embeddable":true,"href":"https:\/\/onedrone.com\/cs\/wp-json\/wp\/v2\/users\/2"}],"replies":[{"embeddable":true,"href":"https:\/\/onedrone.com\/cs\/wp-json\/wp\/v2\/comments?post=24063"}],"version-history":[{"count":7,"href":"https:\/\/onedrone.com\/cs\/wp-json\/wp\/v2\/pages\/24063\/revisions"}],"predecessor-version":[{"id":24070,"href":"https:\/\/onedrone.com\/cs\/wp-json\/wp\/v2\/pages\/24063\/revisions\/24070"}],"wp:attachment":[{"href":"https:\/\/onedrone.com\/cs\/wp-json\/wp\/v2\/media?parent=24063"}],"curies":[{"name":"wp","href":"https:\/\/api.w.org\/{rel}","templated":true}]}}