{"id":235,"date":"2025-04-15T21:39:37","date_gmt":"2025-04-15T21:39:37","guid":{"rendered":"https:\/\/onedrone.com\/?page_id=235"},"modified":"2025-12-15T12:29:04","modified_gmt":"2025-12-15T12:29:04","slug":"services","status":"publish","type":"page","link":"https:\/\/onedrone.com\/cs\/services\/","title":{"rendered":"Services"},"content":{"rendered":"\t\t<div data-elementor-type=\"wp-page\" data-elementor-id=\"235\" class=\"elementor elementor-235\" data-elementor-post-type=\"page\">\n\t\t\t\t<div class=\"elementor-element elementor-element-543d1e9a solutions-header e-flex e-con-boxed e-con e-parent\" data-id=\"543d1e9a\" data-element_type=\"container\" data-e-type=\"container\" data-settings=\"{&quot;background_background&quot;:&quot;classic&quot;}\">\n\t\t\t\t\t<div class=\"e-con-inner\">\n\t\t<div class=\"elementor-element elementor-element-59df5004 e-con-full e-flex e-con e-child\" data-id=\"59df5004\" data-element_type=\"container\" data-e-type=\"container\">\n\t\t\t\t<\/div>\n\t\t\t\t\t<\/div>\n\t\t\t\t<\/div>\n\t\t<div class=\"elementor-element elementor-element-5a82fc54 e-flex e-con-boxed e-con e-parent\" data-id=\"5a82fc54\" data-element_type=\"container\" data-e-type=\"container\">\n\t\t\t\t\t<div class=\"e-con-inner\">\n\t\t\t\t<div class=\"elementor-element elementor-element-1e972908 elementor-widget elementor-widget-heading\" data-id=\"1e972908\" data-element_type=\"widget\" data-e-type=\"widget\" data-widget_type=\"heading.default\">\n\t\t\t\t<div class=\"elementor-widget-container\">\n\t\t\t\t\t<h2 class=\"elementor-heading-title elementor-size-default\">Comprehensive drone services \u2013 everything from purchase and rental to legal, technical, and operational support.<\/h2>\t\t\t\t<\/div>\n\t\t\t\t<\/div>\n\t\t\t\t<div class=\"elementor-element elementor-element-49afac3d elementor-widget__width-initial elementor-widget elementor-widget-text-editor\" data-id=\"49afac3d\" data-element_type=\"widget\" data-e-type=\"widget\" data-widget_type=\"text-editor.default\">\n\t\t\t\t<div class=\"elementor-widget-container\">\n\t\t\t\t\t\t\t\t\t<p>OneDrone provides specialized services for both recreational and professional drone users \u2013 purchase consultation, sales, service, legal support, and professional drone fleet management. Our solutions are tailored to industry requirements, legislation, and technological developments.<\/p>\t\t\t\t\t\t\t\t<\/div>\n\t\t\t\t<\/div>\n\t\t\t\t<div class=\"elementor-element elementor-element-b40ecb5 btn-global premium-lq__none elementor-widget elementor-widget-premium-addon-button\" data-id=\"b40ecb5\" data-element_type=\"widget\" data-e-type=\"widget\" data-widget_type=\"premium-addon-button.default\">\n\t\t\t\t<div class=\"elementor-widget-container\">\n\t\t\t\t\t\n\n\t\t<a class=\"premium-button premium-button-none premium-btn-md premium-button-none\" href=\"#elementor-action%3Aaction%3Dpopup%3Aopen%26settings%3DeyJpZCI6MzgxOSwidG9nZ2xlIjpmYWxzZX0%3D\">\n\t\t\t<div class=\"premium-button-text-icon-wrapper\">\n\t\t\t\t\n\t\t\t\t\t\t\t\t\t<span >\n\t\t\t\t\t\tContact Us\t\t\t\t\t<\/span>\n\t\t\t\t\t\t\t<\/div>\n\n\t\t\t\n\t\t\t\n\t\t\t\n\t\t<\/a>\n\n\n\t\t\t\t\t\t<\/div>\n\t\t\t\t<\/div>\n\t\t\t\t\t<\/div>\n\t\t\t\t<\/div>\n\t\t<div class=\"elementor-element elementor-element-726f42ae e-con-full e-flex e-con e-parent\" data-id=\"726f42ae\" data-element_type=\"container\" data-e-type=\"container\">\n\t\t\t\t<div class=\"elementor-element elementor-element-6af32095 elementor-grid-1 elementor-grid-tablet-1 elementor-grid-mobile-1 elementor-widget elementor-widget-loop-grid\" data-id=\"6af32095\" data-element_type=\"widget\" data-e-type=\"widget\" data-settings=\"{&quot;template_id&quot;:2474,&quot;columns&quot;:1,&quot;row_gap&quot;:{&quot;unit&quot;:&quot;px&quot;,&quot;size&quot;:0,&quot;sizes&quot;:[]},&quot;columns_tablet&quot;:1,&quot;_skin&quot;:&quot;post&quot;,&quot;columns_mobile&quot;:&quot;1&quot;,&quot;edit_handle_selector&quot;:&quot;[data-elementor-type=\\&quot;loop-item\\&quot;]&quot;,&quot;row_gap_tablet&quot;:{&quot;unit&quot;:&quot;px&quot;,&quot;size&quot;:&quot;&quot;,&quot;sizes&quot;:[]},&quot;row_gap_mobile&quot;:{&quot;unit&quot;:&quot;px&quot;,&quot;size&quot;:&quot;&quot;,&quot;sizes&quot;:[]}}\" data-widget_type=\"loop-grid.post\">\n\t\t\t\t<div class=\"elementor-widget-container\">\n\t\t\t\t\t\t\t<div class=\"e-loop-nothing-found-message\">\n\t\t<\/div>\n\t\t\t\t\t\t<\/div>\n\t\t\t\t<\/div>\n\t\t\t\t<\/div>\n\t\t<div class=\"elementor-element elementor-element-53dd50e8 e-con-full elementor-hidden-desktop elementor-hidden-tablet elementor-hidden-mobile e-flex e-con e-parent\" data-id=\"53dd50e8\" data-element_type=\"container\" data-e-type=\"container\">\n\t\t\t\t<\/div>\n\t\t\t\t<\/div>\n\t\t","protected":false},"excerpt":{"rendered":"<p>Comprehensive drone services \u2013 everything from purchase and rental to legal, technical, and operational support. OneDrone provides specialized services for both recreational and professional drone users \u2013 purchase consultation, sales, service, legal support, and professional drone fleet management. Our solutions are tailored to industry requirements, legislation, and technological developments. Contact Us<\/p>\n","protected":false},"author":1,"featured_media":9078,"parent":0,"menu_order":12,"comment_status":"closed","ping_status":"closed","template":"","meta":{"_acf_changed":false,"footnotes":""},"class_list":["post-235","page","type-page","status-publish","has-post-thumbnail","hentry"],"acf":[],"yoast_head":"<!-- This site is optimized with the Yoast SEO plugin v27.4 - https:\/\/yoast.com\/product\/yoast-seo-wordpress\/ -->\n<title>Services - OneDrone<\/title>\n<meta name=\"robots\" content=\"index, follow, max-snippet:-1, max-image-preview:large, max-video-preview:-1\" \/>\n<link rel=\"canonical\" href=\"https:\/\/onedrone.com\/cs\/services\/\" \/>\n<meta property=\"og:locale\" content=\"cs_CZ\" \/>\n<meta property=\"og:type\" content=\"article\" \/>\n<meta property=\"og:title\" content=\"Services - OneDrone\" \/>\n<meta property=\"og:description\" content=\"Comprehensive drone services \u2013 everything from purchase and rental to legal, technical, and operational support. OneDrone provides specialized services for both recreational and professional drone users \u2013 purchase consultation, sales, service, legal support, and professional drone fleet management. Our solutions are tailored to industry requirements, legislation, and technological developments. Contact Us\" \/>\n<meta property=\"og:url\" content=\"https:\/\/onedrone.com\/cs\/services\/\" \/>\n<meta property=\"og:site_name\" content=\"OneDrone\" \/>\n<meta property=\"article:publisher\" content=\"https:\/\/www.facebook.com\/onedrone.si\/\" \/>\n<meta property=\"article:modified_time\" content=\"2025-12-15T12:29:04+00:00\" \/>\n<meta property=\"og:image\" content=\"https:\/\/onedrone.com\/wp-content\/uploads\/2025\/09\/Products-2-scaled.jpg\" \/>\n\t<meta property=\"og:image:width\" content=\"2560\" \/>\n\t<meta property=\"og:image:height\" content=\"1349\" \/>\n\t<meta property=\"og:image:type\" content=\"image\/jpeg\" \/>\n<meta name=\"twitter:card\" content=\"summary_large_image\" \/>\n<meta name=\"twitter:label1\" content=\"Odhadovan\u00e1 doba \u010dten\u00ed\" \/>\n\t<meta name=\"twitter:data1\" content=\"1 minuta\" \/>\n<script type=\"application\/ld+json\" class=\"yoast-schema-graph\">{\"@context\":\"https:\\\/\\\/schema.org\",\"@graph\":[{\"@type\":\"WebPage\",\"@id\":\"https:\\\/\\\/onedrone.com\\\/cs\\\/services\\\/\",\"url\":\"https:\\\/\\\/onedrone.com\\\/cs\\\/services\\\/\",\"name\":\"Services - OneDrone\",\"isPartOf\":{\"@id\":\"https:\\\/\\\/onedrone.com\\\/cs\\\/#website\"},\"primaryImageOfPage\":{\"@id\":\"https:\\\/\\\/onedrone.com\\\/cs\\\/services\\\/#primaryimage\"},\"image\":{\"@id\":\"https:\\\/\\\/onedrone.com\\\/cs\\\/services\\\/#primaryimage\"},\"thumbnailUrl\":\"https:\\\/\\\/onedrone.com\\\/wp-content\\\/uploads\\\/2025\\\/09\\\/Products-2-scaled.jpg\",\"datePublished\":\"2025-04-15T21:39:37+00:00\",\"dateModified\":\"2025-12-15T12:29:04+00:00\",\"breadcrumb\":{\"@id\":\"https:\\\/\\\/onedrone.com\\\/cs\\\/services\\\/#breadcrumb\"},\"inLanguage\":\"cs\",\"potentialAction\":[{\"@type\":\"ReadAction\",\"target\":[\"https:\\\/\\\/onedrone.com\\\/cs\\\/services\\\/\"]}]},{\"@type\":\"ImageObject\",\"inLanguage\":\"cs\",\"@id\":\"https:\\\/\\\/onedrone.com\\\/cs\\\/services\\\/#primaryimage\",\"url\":\"https:\\\/\\\/onedrone.com\\\/wp-content\\\/uploads\\\/2025\\\/09\\\/Products-2-scaled.jpg\",\"contentUrl\":\"https:\\\/\\\/onedrone.com\\\/wp-content\\\/uploads\\\/2025\\\/09\\\/Products-2-scaled.jpg\",\"width\":2000,\"height\":1054},{\"@type\":\"BreadcrumbList\",\"@id\":\"https:\\\/\\\/onedrone.com\\\/cs\\\/services\\\/#breadcrumb\",\"itemListElement\":[{\"@type\":\"ListItem\",\"position\":1,\"name\":\"Home\",\"item\":\"https:\\\/\\\/onedrone.com\\\/cs\\\/\"},{\"@type\":\"ListItem\",\"position\":2,\"name\":\"Services\"}]},{\"@type\":\"WebSite\",\"@id\":\"https:\\\/\\\/onedrone.com\\\/cs\\\/#website\",\"url\":\"https:\\\/\\\/onedrone.com\\\/cs\\\/\",\"name\":\"OneDrone\",\"description\":\"Your Drone adventure starts here\",\"publisher\":{\"@id\":\"https:\\\/\\\/onedrone.com\\\/cs\\\/#organization\"},\"potentialAction\":[{\"@type\":\"SearchAction\",\"target\":{\"@type\":\"EntryPoint\",\"urlTemplate\":\"https:\\\/\\\/onedrone.com\\\/cs\\\/?s={search_term_string}\"},\"query-input\":{\"@type\":\"PropertyValueSpecification\",\"valueRequired\":true,\"valueName\":\"search_term_string\"}}],\"inLanguage\":\"cs\"},{\"@type\":\"Organization\",\"@id\":\"https:\\\/\\\/onedrone.com\\\/cs\\\/#organization\",\"name\":\"OneDrone\",\"url\":\"https:\\\/\\\/onedrone.com\\\/cs\\\/\",\"logo\":{\"@type\":\"ImageObject\",\"inLanguage\":\"cs\",\"@id\":\"https:\\\/\\\/onedrone.com\\\/cs\\\/#\\\/schema\\\/logo\\\/image\\\/\",\"url\":\"https:\\\/\\\/onedrone.com\\\/wp-content\\\/uploads\\\/2025\\\/09\\\/black.svg\",\"contentUrl\":\"https:\\\/\\\/onedrone.com\\\/wp-content\\\/uploads\\\/2025\\\/09\\\/black.svg\",\"width\":1932,\"height\":464,\"caption\":\"OneDrone\"},\"image\":{\"@id\":\"https:\\\/\\\/onedrone.com\\\/cs\\\/#\\\/schema\\\/logo\\\/image\\\/\"},\"sameAs\":[\"https:\\\/\\\/www.facebook.com\\\/onedrone.si\\\/\"]}]}<\/script>\n<!-- \/ Yoast SEO plugin. -->","yoast_head_json":{"title":"Services - OneDrone","robots":{"index":"index","follow":"follow","max-snippet":"max-snippet:-1","max-image-preview":"max-image-preview:large","max-video-preview":"max-video-preview:-1"},"canonical":"https:\/\/onedrone.com\/cs\/services\/","og_locale":"cs_CZ","og_type":"article","og_title":"Services - OneDrone","og_description":"Comprehensive drone services \u2013 everything from purchase and rental to legal, technical, and operational support. OneDrone provides specialized services for both recreational and professional drone users \u2013 purchase consultation, sales, service, legal support, and professional drone fleet management. Our solutions are tailored to industry requirements, legislation, and technological developments. Contact Us","og_url":"https:\/\/onedrone.com\/cs\/services\/","og_site_name":"OneDrone","article_publisher":"https:\/\/www.facebook.com\/onedrone.si\/","article_modified_time":"2025-12-15T12:29:04+00:00","og_image":[{"width":2560,"height":1349,"url":"https:\/\/onedrone.com\/wp-content\/uploads\/2025\/09\/Products-2-scaled.jpg","type":"image\/jpeg"}],"twitter_card":"summary_large_image","twitter_misc":{"Odhadovan\u00e1 doba \u010dten\u00ed":"1 minuta"},"schema":{"@context":"https:\/\/schema.org","@graph":[{"@type":"WebPage","@id":"https:\/\/onedrone.com\/cs\/services\/","url":"https:\/\/onedrone.com\/cs\/services\/","name":"Services - OneDrone","isPartOf":{"@id":"https:\/\/onedrone.com\/cs\/#website"},"primaryImageOfPage":{"@id":"https:\/\/onedrone.com\/cs\/services\/#primaryimage"},"image":{"@id":"https:\/\/onedrone.com\/cs\/services\/#primaryimage"},"thumbnailUrl":"https:\/\/onedrone.com\/wp-content\/uploads\/2025\/09\/Products-2-scaled.jpg","datePublished":"2025-04-15T21:39:37+00:00","dateModified":"2025-12-15T12:29:04+00:00","breadcrumb":{"@id":"https:\/\/onedrone.com\/cs\/services\/#breadcrumb"},"inLanguage":"cs","potentialAction":[{"@type":"ReadAction","target":["https:\/\/onedrone.com\/cs\/services\/"]}]},{"@type":"ImageObject","inLanguage":"cs","@id":"https:\/\/onedrone.com\/cs\/services\/#primaryimage","url":"https:\/\/onedrone.com\/wp-content\/uploads\/2025\/09\/Products-2-scaled.jpg","contentUrl":"https:\/\/onedrone.com\/wp-content\/uploads\/2025\/09\/Products-2-scaled.jpg","width":2000,"height":1054},{"@type":"BreadcrumbList","@id":"https:\/\/onedrone.com\/cs\/services\/#breadcrumb","itemListElement":[{"@type":"ListItem","position":1,"name":"Home","item":"https:\/\/onedrone.com\/cs\/"},{"@type":"ListItem","position":2,"name":"Services"}]},{"@type":"WebSite","@id":"https:\/\/onedrone.com\/cs\/#website","url":"https:\/\/onedrone.com\/cs\/","name":"OneDrone","description":"Your Drone adventure starts here","publisher":{"@id":"https:\/\/onedrone.com\/cs\/#organization"},"potentialAction":[{"@type":"SearchAction","target":{"@type":"EntryPoint","urlTemplate":"https:\/\/onedrone.com\/cs\/?s={search_term_string}"},"query-input":{"@type":"PropertyValueSpecification","valueRequired":true,"valueName":"search_term_string"}}],"inLanguage":"cs"},{"@type":"Organization","@id":"https:\/\/onedrone.com\/cs\/#organization","name":"OneDrone","url":"https:\/\/onedrone.com\/cs\/","logo":{"@type":"ImageObject","inLanguage":"cs","@id":"https:\/\/onedrone.com\/cs\/#\/schema\/logo\/image\/","url":"https:\/\/onedrone.com\/wp-content\/uploads\/2025\/09\/black.svg","contentUrl":"https:\/\/onedrone.com\/wp-content\/uploads\/2025\/09\/black.svg","width":1932,"height":464,"caption":"OneDrone"},"image":{"@id":"https:\/\/onedrone.com\/cs\/#\/schema\/logo\/image\/"},"sameAs":["https:\/\/www.facebook.com\/onedrone.si\/"]}]}},"_links":{"self":[{"href":"https:\/\/onedrone.com\/cs\/wp-json\/wp\/v2\/pages\/235","targetHints":{"allow":["GET"]}}],"collection":[{"href":"https:\/\/onedrone.com\/cs\/wp-json\/wp\/v2\/pages"}],"about":[{"href":"https:\/\/onedrone.com\/cs\/wp-json\/wp\/v2\/types\/page"}],"author":[{"embeddable":true,"href":"https:\/\/onedrone.com\/cs\/wp-json\/wp\/v2\/users\/1"}],"replies":[{"embeddable":true,"href":"https:\/\/onedrone.com\/cs\/wp-json\/wp\/v2\/comments?post=235"}],"version-history":[{"count":177,"href":"https:\/\/onedrone.com\/cs\/wp-json\/wp\/v2\/pages\/235\/revisions"}],"predecessor-version":[{"id":21005,"href":"https:\/\/onedrone.com\/cs\/wp-json\/wp\/v2\/pages\/235\/revisions\/21005"}],"wp:featuredmedia":[{"embeddable":true,"href":"https:\/\/onedrone.com\/cs\/wp-json\/wp\/v2\/media\/9078"}],"wp:attachment":[{"href":"https:\/\/onedrone.com\/cs\/wp-json\/wp\/v2\/media?parent=235"}],"curies":[{"name":"wp","href":"https:\/\/api.w.org\/{rel}","templated":true}]}}