{"id":21532,"date":"2026-03-23T14:18:06","date_gmt":"2026-03-23T14:18:06","guid":{"rendered":"https:\/\/onedrone.com\/?page_id=21532"},"modified":"2026-03-24T09:22:12","modified_gmt":"2026-03-24T09:22:12","slug":"stellenangebote","status":"publish","type":"page","link":"https:\/\/onedrone.com\/at\/stellenangebote\/","title":{"rendered":"Stellenangebote"},"content":{"rendered":"\t\t<div data-elementor-type=\"wp-page\" data-elementor-id=\"21532\" class=\"elementor elementor-21532\" data-elementor-post-type=\"page\">\n\t\t\t\t<div class=\"elementor-element elementor-element-2b81100 solutions-header e-flex e-con-boxed e-con e-parent\" data-id=\"2b81100\" data-element_type=\"container\" data-e-type=\"container\" data-settings=\"{&quot;background_background&quot;:&quot;classic&quot;}\">\n\t\t\t\t\t<div class=\"e-con-inner\">\n\t\t<div class=\"elementor-element elementor-element-65a258a e-con-full e-flex e-con e-child\" data-id=\"65a258a\" data-element_type=\"container\" data-e-type=\"container\">\n\t\t\t\t<div class=\"elementor-element elementor-element-d904954 elementor-widget elementor-widget-heading\" data-id=\"d904954\" data-element_type=\"widget\" data-e-type=\"widget\" data-widget_type=\"heading.default\">\n\t\t\t\t<div class=\"elementor-widget-container\">\n\t\t\t\t\t<h1 class=\"elementor-heading-title elementor-size-default\">Stellenangebote<\/h1>\t\t\t\t<\/div>\n\t\t\t\t<\/div>\n\t\t\t\t<\/div>\n\t\t\t\t\t<\/div>\n\t\t\t\t<\/div>\n\t\t<div class=\"elementor-element elementor-element-612395a e-flex e-con-boxed e-con e-parent\" data-id=\"612395a\" data-element_type=\"container\" data-e-type=\"container\">\n\t\t\t\t\t<div class=\"e-con-inner\">\n\t\t\t\t<div class=\"elementor-element elementor-element-d0bcece elementor-hidden-desktop elementor-widget elementor-widget-image\" data-id=\"d0bcece\" data-element_type=\"widget\" data-e-type=\"widget\" data-widget_type=\"image.default\">\n\t\t\t\t<div class=\"elementor-widget-container\">\n\t\t\t\t\t\t\t\t\t\t\t\t\t\t\t<img fetchpriority=\"high\" decoding=\"async\" width=\"1080\" height=\"1080\" src=\"https:\/\/onedrone.com\/wp-content\/uploads\/2026\/03\/OD_job_offer_1080x1080de.jpeg\" class=\"attachment-full size-full wp-image-21571\" alt=\"\" srcset=\"https:\/\/onedrone.com\/wp-content\/uploads\/2026\/03\/OD_job_offer_1080x1080de.jpeg 1080w, https:\/\/onedrone.com\/wp-content\/uploads\/2026\/03\/OD_job_offer_1080x1080de-300x300.jpeg 300w, https:\/\/onedrone.com\/wp-content\/uploads\/2026\/03\/OD_job_offer_1080x1080de-1024x1024.jpeg 1024w, https:\/\/onedrone.com\/wp-content\/uploads\/2026\/03\/OD_job_offer_1080x1080de-150x150.jpeg 150w, https:\/\/onedrone.com\/wp-content\/uploads\/2026\/03\/OD_job_offer_1080x1080de-768x768.jpeg 768w\" sizes=\"(max-width: 1080px) 100vw, 1080px\" \/>\t\t\t\t\t\t\t\t\t\t\t\t\t\t\t<\/div>\n\t\t\t\t<\/div>\n\t\t\t\t<div class=\"elementor-element elementor-element-1a087f0 elementor-hidden-tablet elementor-hidden-mobile elementor-widget elementor-widget-image\" data-id=\"1a087f0\" data-element_type=\"widget\" data-e-type=\"widget\" data-widget_type=\"image.default\">\n\t\t\t\t<div class=\"elementor-widget-container\">\n\t\t\t\t\t\t\t\t\t\t\t\t\t\t\t<img decoding=\"async\" width=\"1920\" height=\"1080\" src=\"https:\/\/onedrone.com\/wp-content\/uploads\/2026\/03\/web.jpg\" class=\"attachment-full size-full wp-image-21517\" alt=\"\" srcset=\"https:\/\/onedrone.com\/wp-content\/uploads\/2026\/03\/web.jpg 1920w, https:\/\/onedrone.com\/wp-content\/uploads\/2026\/03\/web-300x169.jpg 300w, https:\/\/onedrone.com\/wp-content\/uploads\/2026\/03\/web-1024x576.jpg 1024w, https:\/\/onedrone.com\/wp-content\/uploads\/2026\/03\/web-768x432.jpg 768w, https:\/\/onedrone.com\/wp-content\/uploads\/2026\/03\/web-1536x864.jpg 1536w\" sizes=\"(max-width: 1920px) 100vw, 1920px\" \/>\t\t\t\t\t\t\t\t\t\t\t\t\t\t\t<\/div>\n\t\t\t\t<\/div>\n\t\t\t\t\t<\/div>\n\t\t\t\t<\/div>\n\t\t<div class=\"elementor-element elementor-element-a046422 e-flex e-con-boxed e-con e-parent\" data-id=\"a046422\" data-element_type=\"container\" data-e-type=\"container\">\n\t\t\t\t\t<div class=\"e-con-inner\">\n\t\t<div class=\"elementor-element elementor-element-901fd12 e-con-full e-grid e-con e-child\" data-id=\"901fd12\" data-element_type=\"container\" data-e-type=\"container\">\n\t\t<div class=\"elementor-element elementor-element-d0875cc e-con-full e-flex e-con e-child\" data-id=\"d0875cc\" data-element_type=\"container\" data-e-type=\"container\">\n\t\t\t\t<div class=\"elementor-element elementor-element-662a203 elementor-widget elementor-widget-heading\" data-id=\"662a203\" data-element_type=\"widget\" data-e-type=\"widget\" data-widget_type=\"heading.default\">\n\t\t\t\t<div class=\"elementor-widget-container\">\n\t\t\t\t\t<h2 class=\"elementor-heading-title elementor-size-default\">Ihre Aufgaben<\/h2>\t\t\t\t<\/div>\n\t\t\t\t<\/div>\n\t\t\t\t<div class=\"elementor-element elementor-element-1f6b0b5 liststyle elementor-widget elementor-widget-text-editor\" data-id=\"1f6b0b5\" data-element_type=\"widget\" data-e-type=\"widget\" data-widget_type=\"text-editor.default\">\n\t\t\t\t<div class=\"elementor-widget-container\">\n\t\t\t\t\t\t\t\t\t<ul><li>Pr\u00e4sentation von Drohnentechnologien und L\u00f6sungen im Demo Center<\/li><li>Aufbau und Entwicklung von Kundenbeziehungen in \u00d6sterreich<\/li><li>Identifikation neuer Gesch\u00e4ftsm\u00f6glichkeiten<\/li><li>Unterst\u00fctzung bei der Vorbereitung von Angeboten und Projekten<\/li><li>Zusammenarbeit mit unserem internationalen Team<\/li><\/ul>\t\t\t\t\t\t\t\t<\/div>\n\t\t\t\t<\/div>\n\t\t\t\t<\/div>\n\t\t<div class=\"elementor-element elementor-element-53e8c54 e-con-full e-flex e-con e-child\" data-id=\"53e8c54\" data-element_type=\"container\" data-e-type=\"container\">\n\t\t\t\t<div class=\"elementor-element elementor-element-cf9d9b3 elementor-widget elementor-widget-heading\" data-id=\"cf9d9b3\" data-element_type=\"widget\" data-e-type=\"widget\" data-widget_type=\"heading.default\">\n\t\t\t\t<div class=\"elementor-widget-container\">\n\t\t\t\t\t<h2 class=\"elementor-heading-title elementor-size-default\">Ihr Profil<\/h2>\t\t\t\t<\/div>\n\t\t\t\t<\/div>\n\t\t\t\t<div class=\"elementor-element elementor-element-08b2632 liststyle elementor-widget elementor-widget-text-editor\" data-id=\"08b2632\" data-element_type=\"widget\" data-e-type=\"widget\" data-widget_type=\"text-editor.default\">\n\t\t\t\t<div class=\"elementor-widget-container\">\n\t\t\t\t\t\t\t\t\t<ul><li>sehr gute Deutschkenntnisse<\/li><li>gute Englischkenntnisse<\/li><li>Interesse an neuen Technologien (Drohnen, Robotik, Sensorik)<\/li><li>Kommunikationsst\u00e4rke und Freude am Umgang mit Kunden<\/li><li>selbstst\u00e4ndige Arbeitsweise<\/li><li>F\u00fchrerschein Klasse B<\/li><\/ul>\t\t\t\t\t\t\t\t<\/div>\n\t\t\t\t<\/div>\n\t\t\t\t<\/div>\n\t\t<div class=\"elementor-element elementor-element-822a518 e-con-full e-flex e-con e-child\" data-id=\"822a518\" data-element_type=\"container\" data-e-type=\"container\">\n\t\t\t\t<div class=\"elementor-element elementor-element-ab0d199 elementor-widget elementor-widget-heading\" data-id=\"ab0d199\" data-element_type=\"widget\" data-e-type=\"widget\" data-widget_type=\"heading.default\">\n\t\t\t\t<div class=\"elementor-widget-container\">\n\t\t\t\t\t<h2 class=\"elementor-heading-title elementor-size-default\">Ihre Aufgaben<\/h2>\t\t\t\t<\/div>\n\t\t\t\t<\/div>\n\t\t\t\t<div class=\"elementor-element elementor-element-41f6503 liststyle elementor-widget elementor-widget-text-editor\" data-id=\"41f6503\" data-element_type=\"widget\" data-e-type=\"widget\" data-widget_type=\"text-editor.default\">\n\t\t\t\t<div class=\"elementor-widget-container\">\n\t\t\t\t\t\t\t\t\t<ul><li>Arbeit mit innovativer Drohnentechnologie<\/li><li>modernes Demo Center in Klagenfurt<\/li><li>internationale Zusammenarbeit<\/li><li>attraktive Entwicklungsm\u00f6glichkeiten<\/li><\/ul>\t\t\t\t\t\t\t\t<\/div>\n\t\t\t\t<\/div>\n\t\t\t\t<\/div>\n\t\t<div class=\"elementor-element elementor-element-1c79a6f e-con-full e-flex e-con e-child\" data-id=\"1c79a6f\" data-element_type=\"container\" data-e-type=\"container\">\n\t\t\t\t<div class=\"elementor-element elementor-element-1aa1a97 elementor-widget elementor-widget-heading\" data-id=\"1aa1a97\" data-element_type=\"widget\" data-e-type=\"widget\" data-widget_type=\"heading.default\">\n\t\t\t\t<div class=\"elementor-widget-container\">\n\t\t\t\t\t<h2 class=\"elementor-heading-title elementor-size-default\">Ihre Aufgaben<\/h2>\t\t\t\t<\/div>\n\t\t\t\t<\/div>\n\t\t\t\t<div class=\"elementor-element elementor-element-3011d41 liststyle elementor-widget elementor-widget-text-editor\" data-id=\"3011d41\" data-element_type=\"widget\" data-e-type=\"widget\" data-widget_type=\"text-editor.default\">\n\t\t\t\t<div class=\"elementor-widget-container\">\n\t\t\t\t\t\t\t\t\t<p>Das Mindestgehalt f\u00fcr diese Position betr\u00e4gt 50.000 \u20ac brutto j\u00e4hrlich. Je nach Qualifikation und Erfahrung besteht die Bereitschaft zur \u00dcberzahlung.<\/p>\t\t\t\t\t\t\t\t<\/div>\n\t\t\t\t<\/div>\n\t\t\t\t<\/div>\n\t\t\t\t<\/div>\n\t\t\t\t\t<\/div>\n\t\t\t\t<\/div>\n\t\t<div class=\"elementor-element elementor-element-12f45d4 get-in-touch e-flex e-con-boxed e-con e-parent\" data-id=\"12f45d4\" data-element_type=\"container\" data-e-type=\"container\" data-settings=\"{&quot;background_background&quot;:&quot;classic&quot;}\">\n\t\t\t\t\t<div class=\"e-con-inner\">\n\t\t<div class=\"elementor-element elementor-element-626306b e-flex e-con-boxed e-con e-child\" data-id=\"626306b\" data-element_type=\"container\" data-e-type=\"container\">\n\t\t\t\t\t<div class=\"e-con-inner\">\n\t\t\t\t<div class=\"elementor-element elementor-element-e52c18d elementor-widget elementor-widget-heading\" data-id=\"e52c18d\" data-element_type=\"widget\" data-e-type=\"widget\" data-widget_type=\"heading.default\">\n\t\t\t\t<div class=\"elementor-widget-container\">\n\t\t\t\t\t<h2 class=\"elementor-heading-title elementor-size-default\">Wir freuen uns darauf, Sie kennenzulernen!<\/h2>\t\t\t\t<\/div>\n\t\t\t\t<\/div>\n\t\t\t\t<div class=\"elementor-element elementor-element-4d6ae74 elementor-widget elementor-widget-text-editor\" data-id=\"4d6ae74\" data-element_type=\"widget\" data-e-type=\"widget\" data-widget_type=\"text-editor.default\">\n\t\t\t\t<div class=\"elementor-widget-container\">\n\t\t\t\t\t\t\t\t\t<p>Bitte senden Sie Ihren Lebenslauf auf Englisch an info@onedrone.co.at<\/p>\t\t\t\t\t\t\t\t<\/div>\n\t\t\t\t<\/div>\n\t\t\t\t\t<\/div>\n\t\t\t\t<\/div>\n\t\t<div class=\"elementor-element elementor-element-168048f e-con-full e-flex e-con e-child\" data-id=\"168048f\" data-element_type=\"container\" data-e-type=\"container\">\n\t\t\t\t<div class=\"elementor-element elementor-element-c2251a5 btn-global premium-lq__none elementor-widget elementor-widget-premium-addon-button\" data-id=\"c2251a5\" data-element_type=\"widget\" data-e-type=\"widget\" data-widget_type=\"premium-addon-button.default\">\n\t\t\t\t<div class=\"elementor-widget-container\">\n\t\t\t\t\t\n\n\t\t<a class=\"premium-button premium-button-none premium-btn-md premium-button-none\" href=\"#elementor-action%3Aaction%3Dpopup%3Aopen%26settings%3DeyJpZCI6MTg3MDAsInRvZ2dsZSI6ZmFsc2V9\">\n\t\t\t<div class=\"premium-button-text-icon-wrapper\">\n\t\t\t\t\n\t\t\t\t\t\t\t\t\t<span >\n\t\t\t\t\t\tKontakt\t\t\t\t\t<\/span>\n\t\t\t\t\t\t\t<\/div>\n\n\t\t\t\n\t\t\t\n\t\t\t\n\t\t<\/a>\n\n\n\t\t\t\t\t\t<\/div>\n\t\t\t\t<\/div>\n\t\t\t\t<\/div>\n\t\t\t\t<div class=\"elementor-element elementor-element-69a7a2c elementor-widget elementor-widget-shortcode\" data-id=\"69a7a2c\" data-element_type=\"widget\" data-e-type=\"widget\" data-widget_type=\"shortcode.default\">\n\t\t\t\t<div class=\"elementor-widget-container\">\n\t\t\t\t\t\t\t<div class=\"elementor-shortcode\"><\/div>\n\t\t\t\t\t\t<\/div>\n\t\t\t\t<\/div>\n\t\t\t\t\t<\/div>\n\t\t\t\t<\/div>\n\t\t\t\t<\/div>\n\t\t","protected":false},"excerpt":{"rendered":"<p>Ihre Aufgaben Pr\u00e4sentation von Drohnentechnologien und L\u00f6sungen im Demo Center Aufbau und Entwicklung von Kundenbeziehungen in \u00d6sterreich Identifikation neuer Gesch\u00e4ftsm\u00f6glichkeiten Unterst\u00fctzung bei der Vorbereitung von Angeboten und Projekten Zusammenarbeit mit unserem internationalen Team Ihr Profil sehr gute Deutschkenntnisse gute Englischkenntnisse Interesse an neuen Technologien (Drohnen, Robotik, Sensorik) Kommunikationsst\u00e4rke und Freude am Umgang mit Kunden selbstst\u00e4ndige [&hellip;]<\/p>\n","protected":false},"author":2,"featured_media":0,"parent":0,"menu_order":1,"comment_status":"closed","ping_status":"closed","template":"","meta":{"_acf_changed":false,"footnotes":""},"class_list":["post-21532","page","type-page","status-publish","hentry"],"acf":[],"yoast_head":"<!-- This site is optimized with the Yoast SEO plugin v27.4 - https:\/\/yoast.com\/product\/yoast-seo-wordpress\/ -->\n<title>Stellenangebote - OneDrone<\/title>\n<meta name=\"robots\" content=\"index, follow, max-snippet:-1, max-image-preview:large, max-video-preview:-1\" \/>\n<link rel=\"canonical\" href=\"https:\/\/onedrone.com\/at\/stellenangebote\/\" \/>\n<meta property=\"og:locale\" content=\"de_DE\" \/>\n<meta property=\"og:type\" content=\"article\" \/>\n<meta property=\"og:title\" content=\"Stellenangebote - OneDrone\" \/>\n<meta property=\"og:description\" content=\"Ihre Aufgaben Pr\u00e4sentation von Drohnentechnologien und L\u00f6sungen im Demo Center Aufbau und Entwicklung von Kundenbeziehungen in \u00d6sterreich Identifikation neuer Gesch\u00e4ftsm\u00f6glichkeiten Unterst\u00fctzung bei der Vorbereitung von Angeboten und Projekten Zusammenarbeit mit unserem internationalen Team Ihr Profil sehr gute Deutschkenntnisse gute Englischkenntnisse Interesse an neuen Technologien (Drohnen, Robotik, Sensorik) Kommunikationsst\u00e4rke und Freude am Umgang mit Kunden selbstst\u00e4ndige [&hellip;]\" \/>\n<meta property=\"og:url\" content=\"https:\/\/onedrone.com\/at\/stellenangebote\/\" \/>\n<meta property=\"og:site_name\" content=\"OneDrone\" \/>\n<meta property=\"article:publisher\" content=\"https:\/\/www.facebook.com\/onedrone.si\/\" \/>\n<meta property=\"article:modified_time\" content=\"2026-03-24T09:22:12+00:00\" \/>\n<meta property=\"og:image\" content=\"https:\/\/onedrone.com\/wp-content\/uploads\/2026\/03\/OD_job_offer_1080x1080de.jpeg\" \/>\n\t<meta property=\"og:image:width\" content=\"1080\" \/>\n\t<meta property=\"og:image:height\" content=\"1080\" \/>\n\t<meta property=\"og:image:type\" content=\"image\/jpeg\" \/>\n<meta name=\"twitter:card\" content=\"summary_large_image\" \/>\n<meta name=\"twitter:label1\" content=\"Gesch\u00e4tzte Lesezeit\" \/>\n\t<meta name=\"twitter:data1\" content=\"2 Minuten\" \/>\n<script type=\"application\/ld+json\" class=\"yoast-schema-graph\">{\"@context\":\"https:\\\/\\\/schema.org\",\"@graph\":[{\"@type\":\"WebPage\",\"@id\":\"https:\\\/\\\/onedrone.com\\\/at\\\/stellenangebote\\\/\",\"url\":\"https:\\\/\\\/onedrone.com\\\/at\\\/stellenangebote\\\/\",\"name\":\"Stellenangebote - OneDrone\",\"isPartOf\":{\"@id\":\"https:\\\/\\\/onedrone.com\\\/at\\\/#website\"},\"primaryImageOfPage\":{\"@id\":\"https:\\\/\\\/onedrone.com\\\/at\\\/stellenangebote\\\/#primaryimage\"},\"image\":{\"@id\":\"https:\\\/\\\/onedrone.com\\\/at\\\/stellenangebote\\\/#primaryimage\"},\"thumbnailUrl\":\"https:\\\/\\\/onedrone.com\\\/wp-content\\\/uploads\\\/2026\\\/03\\\/OD_job_offer_1080x1080de.jpeg\",\"datePublished\":\"2026-03-23T14:18:06+00:00\",\"dateModified\":\"2026-03-24T09:22:12+00:00\",\"breadcrumb\":{\"@id\":\"https:\\\/\\\/onedrone.com\\\/at\\\/stellenangebote\\\/#breadcrumb\"},\"inLanguage\":\"de-AT\",\"potentialAction\":[{\"@type\":\"ReadAction\",\"target\":[\"https:\\\/\\\/onedrone.com\\\/at\\\/stellenangebote\\\/\"]}]},{\"@type\":\"ImageObject\",\"inLanguage\":\"de-AT\",\"@id\":\"https:\\\/\\\/onedrone.com\\\/at\\\/stellenangebote\\\/#primaryimage\",\"url\":\"https:\\\/\\\/onedrone.com\\\/wp-content\\\/uploads\\\/2026\\\/03\\\/OD_job_offer_1080x1080de.jpeg\",\"contentUrl\":\"https:\\\/\\\/onedrone.com\\\/wp-content\\\/uploads\\\/2026\\\/03\\\/OD_job_offer_1080x1080de.jpeg\"},{\"@type\":\"BreadcrumbList\",\"@id\":\"https:\\\/\\\/onedrone.com\\\/at\\\/stellenangebote\\\/#breadcrumb\",\"itemListElement\":[{\"@type\":\"ListItem\",\"position\":1,\"name\":\"Home\",\"item\":\"https:\\\/\\\/onedrone.com\\\/at\\\/\"},{\"@type\":\"ListItem\",\"position\":2,\"name\":\"Stellenangebote\"}]},{\"@type\":\"WebSite\",\"@id\":\"https:\\\/\\\/onedrone.com\\\/at\\\/#website\",\"url\":\"https:\\\/\\\/onedrone.com\\\/at\\\/\",\"name\":\"OneDrone\",\"description\":\"Your Drone adventure starts here\",\"publisher\":{\"@id\":\"https:\\\/\\\/onedrone.com\\\/at\\\/#organization\"},\"potentialAction\":[{\"@type\":\"SearchAction\",\"target\":{\"@type\":\"EntryPoint\",\"urlTemplate\":\"https:\\\/\\\/onedrone.com\\\/at\\\/?s={search_term_string}\"},\"query-input\":{\"@type\":\"PropertyValueSpecification\",\"valueRequired\":true,\"valueName\":\"search_term_string\"}}],\"inLanguage\":\"de-AT\"},{\"@type\":\"Organization\",\"@id\":\"https:\\\/\\\/onedrone.com\\\/at\\\/#organization\",\"name\":\"OneDrone\",\"url\":\"https:\\\/\\\/onedrone.com\\\/at\\\/\",\"logo\":{\"@type\":\"ImageObject\",\"inLanguage\":\"de-AT\",\"@id\":\"https:\\\/\\\/onedrone.com\\\/at\\\/#\\\/schema\\\/logo\\\/image\\\/\",\"url\":\"https:\\\/\\\/onedrone.com\\\/wp-content\\\/uploads\\\/2025\\\/09\\\/black.svg\",\"contentUrl\":\"https:\\\/\\\/onedrone.com\\\/wp-content\\\/uploads\\\/2025\\\/09\\\/black.svg\",\"width\":1932,\"height\":464,\"caption\":\"OneDrone\"},\"image\":{\"@id\":\"https:\\\/\\\/onedrone.com\\\/at\\\/#\\\/schema\\\/logo\\\/image\\\/\"},\"sameAs\":[\"https:\\\/\\\/www.facebook.com\\\/onedrone.si\\\/\"]}]}<\/script>\n<!-- \/ Yoast SEO plugin. -->","yoast_head_json":{"title":"Stellenangebote - OneDrone","robots":{"index":"index","follow":"follow","max-snippet":"max-snippet:-1","max-image-preview":"max-image-preview:large","max-video-preview":"max-video-preview:-1"},"canonical":"https:\/\/onedrone.com\/at\/stellenangebote\/","og_locale":"de_DE","og_type":"article","og_title":"Stellenangebote - OneDrone","og_description":"Ihre Aufgaben Pr\u00e4sentation von Drohnentechnologien und L\u00f6sungen im Demo Center Aufbau und Entwicklung von Kundenbeziehungen in \u00d6sterreich Identifikation neuer Gesch\u00e4ftsm\u00f6glichkeiten Unterst\u00fctzung bei der Vorbereitung von Angeboten und Projekten Zusammenarbeit mit unserem internationalen Team Ihr Profil sehr gute Deutschkenntnisse gute Englischkenntnisse Interesse an neuen Technologien (Drohnen, Robotik, Sensorik) Kommunikationsst\u00e4rke und Freude am Umgang mit Kunden selbstst\u00e4ndige [&hellip;]","og_url":"https:\/\/onedrone.com\/at\/stellenangebote\/","og_site_name":"OneDrone","article_publisher":"https:\/\/www.facebook.com\/onedrone.si\/","article_modified_time":"2026-03-24T09:22:12+00:00","og_image":[{"width":1080,"height":1080,"url":"https:\/\/onedrone.com\/wp-content\/uploads\/2026\/03\/OD_job_offer_1080x1080de.jpeg","type":"image\/jpeg"}],"twitter_card":"summary_large_image","twitter_misc":{"Gesch\u00e4tzte Lesezeit":"2 Minuten"},"schema":{"@context":"https:\/\/schema.org","@graph":[{"@type":"WebPage","@id":"https:\/\/onedrone.com\/at\/stellenangebote\/","url":"https:\/\/onedrone.com\/at\/stellenangebote\/","name":"Stellenangebote - OneDrone","isPartOf":{"@id":"https:\/\/onedrone.com\/at\/#website"},"primaryImageOfPage":{"@id":"https:\/\/onedrone.com\/at\/stellenangebote\/#primaryimage"},"image":{"@id":"https:\/\/onedrone.com\/at\/stellenangebote\/#primaryimage"},"thumbnailUrl":"https:\/\/onedrone.com\/wp-content\/uploads\/2026\/03\/OD_job_offer_1080x1080de.jpeg","datePublished":"2026-03-23T14:18:06+00:00","dateModified":"2026-03-24T09:22:12+00:00","breadcrumb":{"@id":"https:\/\/onedrone.com\/at\/stellenangebote\/#breadcrumb"},"inLanguage":"de-AT","potentialAction":[{"@type":"ReadAction","target":["https:\/\/onedrone.com\/at\/stellenangebote\/"]}]},{"@type":"ImageObject","inLanguage":"de-AT","@id":"https:\/\/onedrone.com\/at\/stellenangebote\/#primaryimage","url":"https:\/\/onedrone.com\/wp-content\/uploads\/2026\/03\/OD_job_offer_1080x1080de.jpeg","contentUrl":"https:\/\/onedrone.com\/wp-content\/uploads\/2026\/03\/OD_job_offer_1080x1080de.jpeg"},{"@type":"BreadcrumbList","@id":"https:\/\/onedrone.com\/at\/stellenangebote\/#breadcrumb","itemListElement":[{"@type":"ListItem","position":1,"name":"Home","item":"https:\/\/onedrone.com\/at\/"},{"@type":"ListItem","position":2,"name":"Stellenangebote"}]},{"@type":"WebSite","@id":"https:\/\/onedrone.com\/at\/#website","url":"https:\/\/onedrone.com\/at\/","name":"OneDrone","description":"Your Drone adventure starts here","publisher":{"@id":"https:\/\/onedrone.com\/at\/#organization"},"potentialAction":[{"@type":"SearchAction","target":{"@type":"EntryPoint","urlTemplate":"https:\/\/onedrone.com\/at\/?s={search_term_string}"},"query-input":{"@type":"PropertyValueSpecification","valueRequired":true,"valueName":"search_term_string"}}],"inLanguage":"de-AT"},{"@type":"Organization","@id":"https:\/\/onedrone.com\/at\/#organization","name":"OneDrone","url":"https:\/\/onedrone.com\/at\/","logo":{"@type":"ImageObject","inLanguage":"de-AT","@id":"https:\/\/onedrone.com\/at\/#\/schema\/logo\/image\/","url":"https:\/\/onedrone.com\/wp-content\/uploads\/2025\/09\/black.svg","contentUrl":"https:\/\/onedrone.com\/wp-content\/uploads\/2025\/09\/black.svg","width":1932,"height":464,"caption":"OneDrone"},"image":{"@id":"https:\/\/onedrone.com\/at\/#\/schema\/logo\/image\/"},"sameAs":["https:\/\/www.facebook.com\/onedrone.si\/"]}]}},"_links":{"self":[{"href":"https:\/\/onedrone.com\/at\/wp-json\/wp\/v2\/pages\/21532","targetHints":{"allow":["GET"]}}],"collection":[{"href":"https:\/\/onedrone.com\/at\/wp-json\/wp\/v2\/pages"}],"about":[{"href":"https:\/\/onedrone.com\/at\/wp-json\/wp\/v2\/types\/page"}],"author":[{"embeddable":true,"href":"https:\/\/onedrone.com\/at\/wp-json\/wp\/v2\/users\/2"}],"replies":[{"embeddable":true,"href":"https:\/\/onedrone.com\/at\/wp-json\/wp\/v2\/comments?post=21532"}],"version-history":[{"count":27,"href":"https:\/\/onedrone.com\/at\/wp-json\/wp\/v2\/pages\/21532\/revisions"}],"predecessor-version":[{"id":21574,"href":"https:\/\/onedrone.com\/at\/wp-json\/wp\/v2\/pages\/21532\/revisions\/21574"}],"wp:attachment":[{"href":"https:\/\/onedrone.com\/at\/wp-json\/wp\/v2\/media?parent=21532"}],"curies":[{"name":"wp","href":"https:\/\/api.w.org\/{rel}","templated":true}]}}