{"id":19525,"date":"2025-10-27T08:42:55","date_gmt":"2025-10-27T08:42:55","guid":{"rendered":"https:\/\/onedrone.com\/pravilnik-o-piskotkih\/"},"modified":"2026-01-16T07:53:36","modified_gmt":"2026-01-16T07:53:36","slug":"pravilnik-o-piskotkih","status":"publish","type":"page","link":"https:\/\/onedrone.com\/at\/pravilnik-o-piskotkih\/","title":{"rendered":"Cookie-Richtlinie"},"content":{"rendered":"\t\t<div data-elementor-type=\"wp-page\" data-elementor-id=\"19525\" class=\"elementor elementor-19525 elementor-12793\" data-elementor-post-type=\"page\">\n\t\t\t\t<div class=\"elementor-element elementor-element-79f784b1 solutions-header e-flex e-con-boxed e-con e-parent\" data-id=\"79f784b1\" data-element_type=\"container\" data-e-type=\"container\" data-settings=\"{&quot;background_background&quot;:&quot;classic&quot;}\">\n\t\t\t\t\t<div class=\"e-con-inner\">\n\t\t<div class=\"elementor-element elementor-element-3646f91b e-con-full e-flex e-con e-child\" data-id=\"3646f91b\" data-element_type=\"container\" data-e-type=\"container\">\n\t\t\t\t<div class=\"elementor-element elementor-element-1f69dec2 elementor-widget elementor-widget-heading\" data-id=\"1f69dec2\" data-element_type=\"widget\" data-e-type=\"widget\" id=\"2line-title\" data-widget_type=\"heading.default\">\n\t\t\t\t<div class=\"elementor-widget-container\">\n\t\t\t\t\t<h1 class=\"elementor-heading-title elementor-size-default\">Cookie-Richtlinie<\/h1>\t\t\t\t<\/div>\n\t\t\t\t<\/div>\n\t\t\t\t<\/div>\n\t\t\t\t\t<\/div>\n\t\t\t\t<\/div>\n\t\t<div class=\"elementor-element elementor-element-b7f57fa e-flex e-con-boxed e-con e-parent\" data-id=\"b7f57fa\" data-element_type=\"container\" data-e-type=\"container\">\n\t\t\t\t\t<div class=\"e-con-inner\">\n\t\t\t\t<div class=\"elementor-element elementor-element-a8a520c elementor-widget elementor-widget-text-editor\" data-id=\"a8a520c\" data-element_type=\"widget\" data-e-type=\"widget\" data-widget_type=\"text-editor.default\">\n\t\t\t\t<div class=\"elementor-widget-container\">\n\t\t\t\t\t\t\t\t\t<p data-start=\"1805\" data-end=\"1910\">Cookies sind kleine Textdateien, die von Websites verwendet werden, um die Benutzererfahrung zu verbessern. Dabei werden Ihre Einstellungen f\u00fcr die Website gespeichert, z. B. Ihre Adresse oder die Auswahl der gew\u00fcnschten Sprache. Cookies erm\u00f6glichen es der Website, Informationen anzuzeigen, die auf Ihre Bed\u00fcrfnisse zugeschnitten sind. Informationen k\u00f6nnen nur gespeichert werden, wenn Sie dies zulassen \u2013 Websites k\u00f6nnen ohne Ihre Zustimmung keinen Zugriff auf Daten erhalten und haben auch keinen Zugriff auf andere Dateien auf Ihrem Computer oder Mobilger\u00e4t.<\/p><p data-start=\"1805\" data-end=\"1910\">Diese Website verwendet verschiedene Arten von Cookies. Die folgenden Cookies werden verwendet, um die Funktionsf\u00e4higkeit aller Website-Funktionen sicherzustellen:<\/p><p data-start=\"1805\" data-end=\"1910\"><strong>Unbedingt erforderliche Cookies<\/strong><\/p><p data-start=\"1805\" data-end=\"1910\">Sie erm\u00f6glichen die Nutzung unbedingt erforderlicher Komponenten f\u00fcr das ordnungsgem\u00e4\u00dfe Funktionieren der Website. Ohne diese Cookies w\u00fcrden Dienste, die Sie auf dieser Website nutzen m\u00f6chten, nicht korrekt funktionieren (z. B. Anmeldung, Kaufprozess usw.).<\/p><p data-start=\"1805\" data-end=\"1910\"><strong>Analytische Cookies<\/strong><\/p><p data-start=\"1805\" data-end=\"1910\">Wir ben\u00f6tigen sie, um die Besuche und das Nutzerverhalten auf der Website zu verfolgen, um die Benutzererfahrung zu verbessern. Auf Grundlage der erhobenen Daten k\u00f6nnen Nutzer nicht identifiziert werden; die Daten werden ausschlie\u00dflich zu statistischen Zwecken verwendet. Diese Website verwendet Google Analytics.<\/p><p data-start=\"1805\" data-end=\"1910\"><strong>Marketing-Cookies<\/strong><\/p><p data-start=\"1805\" data-end=\"1910\">Diese Cookies sammeln Informationen \u00fcber Ihre Besuche von Websites. Diese Art von Cookies wird am h\u00e4ufigsten von Werbe- und sozialen Netzwerken (Dritten) verwendet, um Ihnen gezieltere Werbung anzuzeigen, die Wiederholung von Anzeigen zu begrenzen oder die Wirksamkeit von Werbekampagnen zu messen. Diese Cookies k\u00f6nnen die Verfolgung Ihrer Online-Aktivit\u00e4ten erm\u00f6glichen. Der Zweck dieser Cookies besteht darin, Anzeigen anzuzeigen, die f\u00fcr den einzelnen Nutzer relevanter und interessanter sind.<\/p><p data-start=\"1805\" data-end=\"1910\">Eine genaue Beschreibung der einzelnen Cookies sowie die Dauer ihrer Speicherung finden Sie in der folgenden Tabelle:<\/p><div style=\"overflow-x: auto; -webkit-overflow-scrolling: touch; margin-bottom: 1em;\"><table><tbody><tr><td><strong>Name des Cookies<\/strong><\/td><td><strong>Dienst<\/strong><\/td><td><strong>Typ<\/strong><\/td><td><strong>G\u00fcltigkeitsdauer<\/strong><\/td><td><strong>Beschreibung<\/strong><\/td><\/tr><tr><td>\u00a0<\/td><td>Onedrone.si<\/td><td>Unbedingt erforderliche Cookies<\/td><td>1 Jahr<\/td><td>Wird verwendet, um die Cookie-Einstellungen des Nutzers zu speichern. Die G\u00fcltigkeitsdauer des Cookies wird vom Nutzer festgelegt.<\/td><\/tr><tr><td>\u00a0<\/td><td>Onedrone.si<\/td><td>Unbedingt erforderliche Cookies<\/td><td>\u00a0<\/td><td>\u00a0<\/td><\/tr><tr><td>_ga<\/td><td>Google Analytics<\/td><td>Cookies zur statistischen Auswertung<\/td><td>2 Jahre<\/td><td>Registriert eine eindeutige Identit\u00e4t (ID), die zur Erstellung statistischer Daten dar\u00fcber verwendet wird, wie der Besucher die Website nutzt.<\/td><\/tr><tr><td>_gat<\/td><td>Google Analytics<\/td><td>Cookies zur statistischen Auswertung<\/td><td>Sitzung<\/td><td>Google Analytics verwendet dieses Cookie, um die Anzahl der Anfragen zu drosseln.<\/td><\/tr><tr><td>_gid<\/td><td>Google Analytics<\/td><td>Cookies zur statistischen Auswertung<\/td><td>Sitzung<\/td><td>Registriert eine eindeutige Identit\u00e4t (ID), die zur Erstellung statistischer Daten dar\u00fcber verwendet wird, wie der Besucher die Website nutzt.<\/td><\/tr><\/tbody><\/table><\/div><p data-start=\"32\" data-end=\"255\"><strong>Deaktivierung von Cookies<\/strong><\/p><p data-start=\"32\" data-end=\"255\">Die meisten Webbrowser akzeptieren Cookies automatisch. In den Browser-Einstellungen k\u00f6nnen Sie Cookies jederzeit deaktivieren. Informationen zu den Cookie-Einstellungen in den einzelnen Browsern finden Sie unter den folgenden Links:<\/p><p><a href=\"https:\/\/support.google.com\/chrome\/answer\/95647?hl=sl-sl&amp;p=cpn_cookies\">Chrome<\/a><br \/><a href=\"http:\/\/support.mozilla.org\/sl\/kb\/Kako%20aktivirate%20in%20deaktivirate%20pi%C5%A1kote\">Firefox<\/a><br \/><a href=\"http:\/\/windows.microsoft.com\/sl-si\/windows-vista\/block-or-allow-cookies\">Internet Explorer<\/a><br \/><a href=\"http:\/\/www.opera.com\/help\/tutorials\/security\/privacy\/\">Opera<\/a><br \/><a href=\"http:\/\/www.apple.com\/support\/safari\/\">Safari<\/a><\/p>\t\t\t\t\t\t\t\t<\/div>\n\t\t\t\t<\/div>\n\t\t\t\t\t<\/div>\n\t\t\t\t<\/div>\n\t\t\t\t<\/div>\n\t\t","protected":false},"excerpt":{"rendered":"<p>Cookies sind kleine Textdateien, die von Websites verwendet werden, um die Benutzererfahrung zu verbessern. Dabei werden Ihre Einstellungen f\u00fcr die Website gespeichert, z. B. Ihre Adresse oder die Auswahl der gew\u00fcnschten Sprache. Cookies erm\u00f6glichen es der Website, Informationen anzuzeigen, die auf Ihre Bed\u00fcrfnisse zugeschnitten sind. Informationen k\u00f6nnen nur gespeichert werden, wenn Sie dies zulassen \u2013 [&hellip;]<\/p>\n","protected":false},"author":2,"featured_media":0,"parent":0,"menu_order":35,"comment_status":"closed","ping_status":"closed","template":"","meta":{"_acf_changed":false,"footnotes":""},"class_list":["post-19525","page","type-page","status-publish","hentry"],"acf":[],"yoast_head":"<!-- This site is optimized with the Yoast SEO plugin v27.4 - https:\/\/yoast.com\/product\/yoast-seo-wordpress\/ -->\n<title>Cookie-Richtlinie - OneDrone<\/title>\n<meta name=\"robots\" content=\"index, follow, max-snippet:-1, max-image-preview:large, max-video-preview:-1\" \/>\n<link rel=\"canonical\" href=\"https:\/\/onedrone.com\/at\/pravilnik-o-piskotkih\/\" \/>\n<meta property=\"og:locale\" content=\"de_DE\" \/>\n<meta property=\"og:type\" content=\"article\" \/>\n<meta property=\"og:title\" content=\"Cookie-Richtlinie - OneDrone\" \/>\n<meta property=\"og:description\" content=\"Cookies sind kleine Textdateien, die von Websites verwendet werden, um die Benutzererfahrung zu verbessern. Dabei werden Ihre Einstellungen f\u00fcr die Website gespeichert, z. B. Ihre Adresse oder die Auswahl der gew\u00fcnschten Sprache. Cookies erm\u00f6glichen es der Website, Informationen anzuzeigen, die auf Ihre Bed\u00fcrfnisse zugeschnitten sind. Informationen k\u00f6nnen nur gespeichert werden, wenn Sie dies zulassen \u2013 [&hellip;]\" \/>\n<meta property=\"og:url\" content=\"https:\/\/onedrone.com\/at\/pravilnik-o-piskotkih\/\" \/>\n<meta property=\"og:site_name\" content=\"OneDrone\" \/>\n<meta property=\"article:publisher\" content=\"https:\/\/www.facebook.com\/onedrone.si\/\" \/>\n<meta property=\"article:modified_time\" content=\"2026-01-16T07:53:36+00:00\" \/>\n<meta name=\"twitter:card\" content=\"summary_large_image\" \/>\n<meta name=\"twitter:label1\" content=\"Gesch\u00e4tzte Lesezeit\" \/>\n\t<meta name=\"twitter:data1\" content=\"3 Minuten\" \/>\n<script type=\"application\/ld+json\" class=\"yoast-schema-graph\">{\"@context\":\"https:\\\/\\\/schema.org\",\"@graph\":[{\"@type\":\"WebPage\",\"@id\":\"https:\\\/\\\/onedrone.com\\\/at\\\/pravilnik-o-piskotkih\\\/\",\"url\":\"https:\\\/\\\/onedrone.com\\\/at\\\/pravilnik-o-piskotkih\\\/\",\"name\":\"Cookie-Richtlinie - OneDrone\",\"isPartOf\":{\"@id\":\"https:\\\/\\\/onedrone.com\\\/at\\\/#website\"},\"datePublished\":\"2025-10-27T08:42:55+00:00\",\"dateModified\":\"2026-01-16T07:53:36+00:00\",\"breadcrumb\":{\"@id\":\"https:\\\/\\\/onedrone.com\\\/at\\\/pravilnik-o-piskotkih\\\/#breadcrumb\"},\"inLanguage\":\"de-AT\",\"potentialAction\":[{\"@type\":\"ReadAction\",\"target\":[\"https:\\\/\\\/onedrone.com\\\/at\\\/pravilnik-o-piskotkih\\\/\"]}]},{\"@type\":\"BreadcrumbList\",\"@id\":\"https:\\\/\\\/onedrone.com\\\/at\\\/pravilnik-o-piskotkih\\\/#breadcrumb\",\"itemListElement\":[{\"@type\":\"ListItem\",\"position\":1,\"name\":\"Home\",\"item\":\"https:\\\/\\\/onedrone.com\\\/at\\\/\"},{\"@type\":\"ListItem\",\"position\":2,\"name\":\"Cookie-Richtlinie\"}]},{\"@type\":\"WebSite\",\"@id\":\"https:\\\/\\\/onedrone.com\\\/at\\\/#website\",\"url\":\"https:\\\/\\\/onedrone.com\\\/at\\\/\",\"name\":\"OneDrone\",\"description\":\"Your Drone adventure starts here\",\"publisher\":{\"@id\":\"https:\\\/\\\/onedrone.com\\\/at\\\/#organization\"},\"potentialAction\":[{\"@type\":\"SearchAction\",\"target\":{\"@type\":\"EntryPoint\",\"urlTemplate\":\"https:\\\/\\\/onedrone.com\\\/at\\\/?s={search_term_string}\"},\"query-input\":{\"@type\":\"PropertyValueSpecification\",\"valueRequired\":true,\"valueName\":\"search_term_string\"}}],\"inLanguage\":\"de-AT\"},{\"@type\":\"Organization\",\"@id\":\"https:\\\/\\\/onedrone.com\\\/at\\\/#organization\",\"name\":\"OneDrone\",\"url\":\"https:\\\/\\\/onedrone.com\\\/at\\\/\",\"logo\":{\"@type\":\"ImageObject\",\"inLanguage\":\"de-AT\",\"@id\":\"https:\\\/\\\/onedrone.com\\\/at\\\/#\\\/schema\\\/logo\\\/image\\\/\",\"url\":\"https:\\\/\\\/onedrone.com\\\/wp-content\\\/uploads\\\/2025\\\/09\\\/black.svg\",\"contentUrl\":\"https:\\\/\\\/onedrone.com\\\/wp-content\\\/uploads\\\/2025\\\/09\\\/black.svg\",\"width\":1932,\"height\":464,\"caption\":\"OneDrone\"},\"image\":{\"@id\":\"https:\\\/\\\/onedrone.com\\\/at\\\/#\\\/schema\\\/logo\\\/image\\\/\"},\"sameAs\":[\"https:\\\/\\\/www.facebook.com\\\/onedrone.si\\\/\"]}]}<\/script>\n<!-- \/ Yoast SEO plugin. -->","yoast_head_json":{"title":"Cookie-Richtlinie - OneDrone","robots":{"index":"index","follow":"follow","max-snippet":"max-snippet:-1","max-image-preview":"max-image-preview:large","max-video-preview":"max-video-preview:-1"},"canonical":"https:\/\/onedrone.com\/at\/pravilnik-o-piskotkih\/","og_locale":"de_DE","og_type":"article","og_title":"Cookie-Richtlinie - OneDrone","og_description":"Cookies sind kleine Textdateien, die von Websites verwendet werden, um die Benutzererfahrung zu verbessern. Dabei werden Ihre Einstellungen f\u00fcr die Website gespeichert, z. B. Ihre Adresse oder die Auswahl der gew\u00fcnschten Sprache. Cookies erm\u00f6glichen es der Website, Informationen anzuzeigen, die auf Ihre Bed\u00fcrfnisse zugeschnitten sind. Informationen k\u00f6nnen nur gespeichert werden, wenn Sie dies zulassen \u2013 [&hellip;]","og_url":"https:\/\/onedrone.com\/at\/pravilnik-o-piskotkih\/","og_site_name":"OneDrone","article_publisher":"https:\/\/www.facebook.com\/onedrone.si\/","article_modified_time":"2026-01-16T07:53:36+00:00","twitter_card":"summary_large_image","twitter_misc":{"Gesch\u00e4tzte Lesezeit":"3 Minuten"},"schema":{"@context":"https:\/\/schema.org","@graph":[{"@type":"WebPage","@id":"https:\/\/onedrone.com\/at\/pravilnik-o-piskotkih\/","url":"https:\/\/onedrone.com\/at\/pravilnik-o-piskotkih\/","name":"Cookie-Richtlinie - OneDrone","isPartOf":{"@id":"https:\/\/onedrone.com\/at\/#website"},"datePublished":"2025-10-27T08:42:55+00:00","dateModified":"2026-01-16T07:53:36+00:00","breadcrumb":{"@id":"https:\/\/onedrone.com\/at\/pravilnik-o-piskotkih\/#breadcrumb"},"inLanguage":"de-AT","potentialAction":[{"@type":"ReadAction","target":["https:\/\/onedrone.com\/at\/pravilnik-o-piskotkih\/"]}]},{"@type":"BreadcrumbList","@id":"https:\/\/onedrone.com\/at\/pravilnik-o-piskotkih\/#breadcrumb","itemListElement":[{"@type":"ListItem","position":1,"name":"Home","item":"https:\/\/onedrone.com\/at\/"},{"@type":"ListItem","position":2,"name":"Cookie-Richtlinie"}]},{"@type":"WebSite","@id":"https:\/\/onedrone.com\/at\/#website","url":"https:\/\/onedrone.com\/at\/","name":"OneDrone","description":"Your Drone adventure starts here","publisher":{"@id":"https:\/\/onedrone.com\/at\/#organization"},"potentialAction":[{"@type":"SearchAction","target":{"@type":"EntryPoint","urlTemplate":"https:\/\/onedrone.com\/at\/?s={search_term_string}"},"query-input":{"@type":"PropertyValueSpecification","valueRequired":true,"valueName":"search_term_string"}}],"inLanguage":"de-AT"},{"@type":"Organization","@id":"https:\/\/onedrone.com\/at\/#organization","name":"OneDrone","url":"https:\/\/onedrone.com\/at\/","logo":{"@type":"ImageObject","inLanguage":"de-AT","@id":"https:\/\/onedrone.com\/at\/#\/schema\/logo\/image\/","url":"https:\/\/onedrone.com\/wp-content\/uploads\/2025\/09\/black.svg","contentUrl":"https:\/\/onedrone.com\/wp-content\/uploads\/2025\/09\/black.svg","width":1932,"height":464,"caption":"OneDrone"},"image":{"@id":"https:\/\/onedrone.com\/at\/#\/schema\/logo\/image\/"},"sameAs":["https:\/\/www.facebook.com\/onedrone.si\/"]}]}},"_links":{"self":[{"href":"https:\/\/onedrone.com\/at\/wp-json\/wp\/v2\/pages\/19525","targetHints":{"allow":["GET"]}}],"collection":[{"href":"https:\/\/onedrone.com\/at\/wp-json\/wp\/v2\/pages"}],"about":[{"href":"https:\/\/onedrone.com\/at\/wp-json\/wp\/v2\/types\/page"}],"author":[{"embeddable":true,"href":"https:\/\/onedrone.com\/at\/wp-json\/wp\/v2\/users\/2"}],"replies":[{"embeddable":true,"href":"https:\/\/onedrone.com\/at\/wp-json\/wp\/v2\/comments?post=19525"}],"version-history":[{"count":7,"href":"https:\/\/onedrone.com\/at\/wp-json\/wp\/v2\/pages\/19525\/revisions"}],"predecessor-version":[{"id":19639,"href":"https:\/\/onedrone.com\/at\/wp-json\/wp\/v2\/pages\/19525\/revisions\/19639"}],"wp:attachment":[{"href":"https:\/\/onedrone.com\/at\/wp-json\/wp\/v2\/media?parent=19525"}],"curies":[{"name":"wp","href":"https:\/\/api.w.org\/{rel}","templated":true}]}}