{"id":19506,"date":"2025-04-14T08:54:45","date_gmt":"2025-04-14T08:54:45","guid":{"rendered":"https:\/\/onedrone.com\/politika-zasebnosti\/"},"modified":"2026-01-15T10:46:20","modified_gmt":"2026-01-15T10:46:20","slug":"politika-zasebnosti","status":"publish","type":"page","link":"https:\/\/onedrone.com\/at\/politika-zasebnosti\/","title":{"rendered":"Datenschutzerkl\u00e4rung"},"content":{"rendered":"\t\t<div data-elementor-type=\"wp-page\" data-elementor-id=\"19506\" class=\"elementor elementor-19506 elementor-3\" data-elementor-post-type=\"page\">\n\t\t\t\t<div class=\"elementor-element elementor-element-669e8089 solutions-header e-flex e-con-boxed e-con e-parent\" data-id=\"669e8089\" data-element_type=\"container\" data-e-type=\"container\" data-settings=\"{&quot;background_background&quot;:&quot;classic&quot;}\">\n\t\t\t\t\t<div class=\"e-con-inner\">\n\t\t<div class=\"elementor-element elementor-element-21f59d94 e-con-full e-flex e-con e-child\" data-id=\"21f59d94\" data-element_type=\"container\" data-e-type=\"container\">\n\t\t\t\t<div class=\"elementor-element elementor-element-11e3901 elementor-widget elementor-widget-heading\" data-id=\"11e3901\" data-element_type=\"widget\" data-e-type=\"widget\" id=\"2line-title\" data-widget_type=\"heading.default\">\n\t\t\t\t<div class=\"elementor-widget-container\">\n\t\t\t\t\t<h1 class=\"elementor-heading-title elementor-size-default\">Datenschutzerkl\u00e4rung<\/h1>\t\t\t\t<\/div>\n\t\t\t\t<\/div>\n\t\t\t\t<\/div>\n\t\t\t\t\t<\/div>\n\t\t\t\t<\/div>\n\t\t<div class=\"elementor-element elementor-element-6d01aaee e-flex e-con-boxed e-con e-parent\" data-id=\"6d01aaee\" data-element_type=\"container\" data-e-type=\"container\">\n\t\t\t\t\t<div class=\"e-con-inner\">\n\t\t\t\t<div class=\"elementor-element elementor-element-78f15c7a elementor-widget elementor-widget-text-editor\" data-id=\"78f15c7a\" data-element_type=\"widget\" data-e-type=\"widget\" data-widget_type=\"text-editor.default\">\n\t\t\t\t<div class=\"elementor-widget-container\">\n\t\t\t\t\t\t\t\t\t<strong>G\u00fcltigkeit, Annahme und Anwendung der Datenschutzrichtlinie<\/strong>\n\nI.\nDiese Datenschutzrichtlinie gilt f\u00fcr alle Personen, die gem\u00e4\u00df den Allgemeinen Gesch\u00e4ftsbedingungen und Nutzungsbedingungen der Website onedrone.si als Nutzer gelten, sowie f\u00fcr die gesamte Website einschlie\u00dflich ihrer Unterseiten.\n\nEin Nutzer ist jede juristische oder nat\u00fcrliche Person, die die Website nutzt oder besucht (im Folgenden: Nutzer).\n\nDurch die Nutzung der Website best\u00e4tigt der Nutzer, dass er dieser Datenschutzrichtlinie zustimmt.\n\nDer Anbieter beh\u00e4lt sich das Recht vor, jederzeit und ohne vorherige Ank\u00fcndigung jede Bestimmung dieser Datenschutzrichtlinie zu \u00e4ndern. Durch die weitere Nutzung der Website erkl\u00e4rt sich der Nutzer mit den \u00c4nderungen einverstanden.\n\n<strong>Schutz personenbezogener Daten bzw. der Privatsph\u00e4re<\/strong>\n\nII.\nDer Nutzer stimmt zu, dass OneDrone f\u00fcr Zwecke seiner Gesch\u00e4ftst\u00e4tigkeit personenbezogene Daten erhebt und verarbeitet, die er bei der Anmeldung zum E-Newsletter und\/oder beim Ausf\u00fcllen des Kontaktformulars \u00fcbermittelt hat.\n\nVerantwortlich f\u00fcr die Verarbeitung der auf der Website erhobenen personenbezogenen Daten ist OneDrone d.o.o., Cesta Andreja Bitenca 36, 1210 Ljubljana \u2013 \u0160entvid.\n\nAlle auf der Website erhobenen Daten werden gem\u00e4\u00df dieser Datenschutzrichtlinie verarbeitet, die auf der Website \u00f6ffentlich zug\u00e4nglich ist und seit dem 1. 11. 2021 gilt.\n\n<strong>Zweck der Erhebung personenbezogener Daten<\/strong>\n\nIII.\nOneDrone erhebt und verarbeitet personenbezogene Daten der Nutzer zum Zweck der Information \u00fcber Neuigkeiten und zur Bearbeitung eingereichter Anfragen.\n\nIV.\nDie Daten werden in einer Datenbank gespeichert, die gem\u00e4\u00df der Unternehmensrichtlinien sowie gem\u00e4\u00df der Sicherheitsrichtlinie des Dienstleisters verwaltet wird \u2013 f\u00fcr die Dauer der Beziehung zwischen Nutzer und Anbieter und weitere 5 Jahre nach Beendigung dieser Beziehung.\n\nDer Nutzer kann jederzeit schriftlich die L\u00f6schung seiner Daten aus der Datenbank verlangen. Nach der L\u00f6schung werden die Daten nicht weiter gespeichert. OneDrone entscheidet \u00fcber den Antrag innerhalb von acht Arbeitstagen. Der Nutzer kann die L\u00f6schung seiner Daten beantragen, indem er in den erhaltenen Newslettern auf den Abmeldelink klickt oder eine L\u00f6schanfrage an die E-Mail-Adresse info@onedrone.si sendet.\n\nV.\nGem\u00e4\u00df den Bestimmungen des ZVOP-1 hat der Nutzer das Recht, beim Unternehmen die ordnungsgem\u00e4\u00dfe Sicherung und Verarbeitung personenbezogener Daten zu \u00fcberpr\u00fcfen. Der Nutzer muss die Besichtigung der R\u00e4umlichkeiten und der Ausr\u00fcstung mindestens f\u00fcnf Arbeitstage im Voraus ank\u00fcndigen. Zum Schutz von Gesch\u00e4ftsgeheimnissen und anderen sensiblen Daten des Anbieters erfolgt die Besichtigung in Anwesenheit einer bevollm\u00e4chtigten Person des Unternehmens.\n\n<strong>Sicherung personenbezogener Daten<\/strong>\n\nVI.\nDie Sicherung personenbezogener Daten erfolgt gem\u00e4\u00df Absatz 1 des Artikels 25 des ZVOP-1. Personenbezogene Daten werden durch rechtliche, organisatorische sowie angemessene logisch-technische Verfahren und Ma\u00dfnahmen gesch\u00fctzt, um eine zuf\u00e4llige oder vors\u00e4tzliche unbefugte Vernichtung, Ver\u00e4nderung oder den Verlust von Daten sowie eine unbefugte Verarbeitung zu verhindern, sodass:\n\u2013 R\u00e4umlichkeiten, Ger\u00e4te und Systemsoftware einschlie\u00dflich Ein- und Ausgabeeinheiten gesch\u00fctzt werden;\n\u2013 die Anwendungssoftware, mit der personenbezogene Daten verarbeitet werden, gesch\u00fctzt wird;\n\u2013 unbefugter Zugriff auf personenbezogene Daten bei deren \u00dcbertragung, einschlie\u00dflich der \u00dcbertragung \u00fcber Telekommunikationsmittel und Netzwerke, verhindert wird;\n\u2013 ein wirksamer Mechanismus zum Sperren, Vernichten, L\u00f6schen oder Anonymisieren personenbezogener Daten gew\u00e4hrleistet wird;\n\u2013 eine nachtr\u00e4gliche Feststellung erm\u00f6glicht wird, wann einzelne personenbezogene Daten verwendet und in die Datenbank eingegeben wurden und wer dies getan hat \u2013 und zwar f\u00fcr den Zeitraum, f\u00fcr den die jeweiligen Daten gespeichert werden.\n\n<strong>Schlussbestimmungen<\/strong>\n\nVII.\nDiese Datenschutzrichtlinie gilt ab dem 1. 11. 2021.\n\t\t\t\t\t\t\t\t<\/div>\n\t\t\t\t<\/div>\n\t\t\t\t\t<\/div>\n\t\t\t\t<\/div>\n\t\t\t\t<\/div>\n\t\t","protected":false},"excerpt":{"rendered":"<p>G\u00fcltigkeit, Annahme und Anwendung der Datenschutzrichtlinie I. Diese Datenschutzrichtlinie gilt f\u00fcr alle Personen, die gem\u00e4\u00df den Allgemeinen Gesch\u00e4ftsbedingungen und Nutzungsbedingungen der Website onedrone.si als Nutzer gelten, sowie f\u00fcr die gesamte Website einschlie\u00dflich ihrer Unterseiten. Ein Nutzer ist jede juristische oder nat\u00fcrliche Person, die die Website nutzt oder besucht (im Folgenden: Nutzer). Durch die Nutzung der [&hellip;]<\/p>\n","protected":false},"author":2,"featured_media":0,"parent":0,"menu_order":51,"comment_status":"closed","ping_status":"open","template":"","meta":{"_acf_changed":false,"footnotes":""},"class_list":["post-19506","page","type-page","status-publish","hentry"],"acf":[],"yoast_head":"<!-- This site is optimized with the Yoast SEO plugin v27.4 - https:\/\/yoast.com\/product\/yoast-seo-wordpress\/ -->\n<title>Datenschutzerkl\u00e4rung - OneDrone<\/title>\n<meta name=\"robots\" content=\"index, follow, max-snippet:-1, max-image-preview:large, max-video-preview:-1\" \/>\n<link rel=\"canonical\" href=\"https:\/\/onedrone.com\/at\/politika-zasebnosti\/\" \/>\n<meta property=\"og:locale\" content=\"de_DE\" \/>\n<meta property=\"og:type\" content=\"article\" \/>\n<meta property=\"og:title\" content=\"Datenschutzerkl\u00e4rung - OneDrone\" \/>\n<meta property=\"og:description\" content=\"G\u00fcltigkeit, Annahme und Anwendung der Datenschutzrichtlinie I. Diese Datenschutzrichtlinie gilt f\u00fcr alle Personen, die gem\u00e4\u00df den Allgemeinen Gesch\u00e4ftsbedingungen und Nutzungsbedingungen der Website onedrone.si als Nutzer gelten, sowie f\u00fcr die gesamte Website einschlie\u00dflich ihrer Unterseiten. Ein Nutzer ist jede juristische oder nat\u00fcrliche Person, die die Website nutzt oder besucht (im Folgenden: Nutzer). Durch die Nutzung der [&hellip;]\" \/>\n<meta property=\"og:url\" content=\"https:\/\/onedrone.com\/at\/politika-zasebnosti\/\" \/>\n<meta property=\"og:site_name\" content=\"OneDrone\" \/>\n<meta property=\"article:publisher\" content=\"https:\/\/www.facebook.com\/onedrone.si\/\" \/>\n<meta property=\"article:modified_time\" content=\"2026-01-15T10:46:20+00:00\" \/>\n<meta name=\"twitter:card\" content=\"summary_large_image\" \/>\n<meta name=\"twitter:label1\" content=\"Gesch\u00e4tzte Lesezeit\" \/>\n\t<meta name=\"twitter:data1\" content=\"3 Minuten\" \/>\n<script type=\"application\/ld+json\" class=\"yoast-schema-graph\">{\"@context\":\"https:\\\/\\\/schema.org\",\"@graph\":[{\"@type\":\"WebPage\",\"@id\":\"https:\\\/\\\/onedrone.com\\\/at\\\/politika-zasebnosti\\\/\",\"url\":\"https:\\\/\\\/onedrone.com\\\/at\\\/politika-zasebnosti\\\/\",\"name\":\"Datenschutzerkl\u00e4rung - OneDrone\",\"isPartOf\":{\"@id\":\"https:\\\/\\\/onedrone.com\\\/at\\\/#website\"},\"datePublished\":\"2025-04-14T08:54:45+00:00\",\"dateModified\":\"2026-01-15T10:46:20+00:00\",\"breadcrumb\":{\"@id\":\"https:\\\/\\\/onedrone.com\\\/at\\\/politika-zasebnosti\\\/#breadcrumb\"},\"inLanguage\":\"de-AT\",\"potentialAction\":[{\"@type\":\"ReadAction\",\"target\":[\"https:\\\/\\\/onedrone.com\\\/at\\\/politika-zasebnosti\\\/\"]}]},{\"@type\":\"BreadcrumbList\",\"@id\":\"https:\\\/\\\/onedrone.com\\\/at\\\/politika-zasebnosti\\\/#breadcrumb\",\"itemListElement\":[{\"@type\":\"ListItem\",\"position\":1,\"name\":\"Home\",\"item\":\"https:\\\/\\\/onedrone.com\\\/at\\\/\"},{\"@type\":\"ListItem\",\"position\":2,\"name\":\"Datenschutzerkl\u00e4rung\"}]},{\"@type\":\"WebSite\",\"@id\":\"https:\\\/\\\/onedrone.com\\\/at\\\/#website\",\"url\":\"https:\\\/\\\/onedrone.com\\\/at\\\/\",\"name\":\"OneDrone\",\"description\":\"Your Drone adventure starts here\",\"publisher\":{\"@id\":\"https:\\\/\\\/onedrone.com\\\/at\\\/#organization\"},\"potentialAction\":[{\"@type\":\"SearchAction\",\"target\":{\"@type\":\"EntryPoint\",\"urlTemplate\":\"https:\\\/\\\/onedrone.com\\\/at\\\/?s={search_term_string}\"},\"query-input\":{\"@type\":\"PropertyValueSpecification\",\"valueRequired\":true,\"valueName\":\"search_term_string\"}}],\"inLanguage\":\"de-AT\"},{\"@type\":\"Organization\",\"@id\":\"https:\\\/\\\/onedrone.com\\\/at\\\/#organization\",\"name\":\"OneDrone\",\"url\":\"https:\\\/\\\/onedrone.com\\\/at\\\/\",\"logo\":{\"@type\":\"ImageObject\",\"inLanguage\":\"de-AT\",\"@id\":\"https:\\\/\\\/onedrone.com\\\/at\\\/#\\\/schema\\\/logo\\\/image\\\/\",\"url\":\"https:\\\/\\\/onedrone.com\\\/wp-content\\\/uploads\\\/2025\\\/09\\\/black.svg\",\"contentUrl\":\"https:\\\/\\\/onedrone.com\\\/wp-content\\\/uploads\\\/2025\\\/09\\\/black.svg\",\"width\":1932,\"height\":464,\"caption\":\"OneDrone\"},\"image\":{\"@id\":\"https:\\\/\\\/onedrone.com\\\/at\\\/#\\\/schema\\\/logo\\\/image\\\/\"},\"sameAs\":[\"https:\\\/\\\/www.facebook.com\\\/onedrone.si\\\/\"]}]}<\/script>\n<!-- \/ Yoast SEO plugin. -->","yoast_head_json":{"title":"Datenschutzerkl\u00e4rung - OneDrone","robots":{"index":"index","follow":"follow","max-snippet":"max-snippet:-1","max-image-preview":"max-image-preview:large","max-video-preview":"max-video-preview:-1"},"canonical":"https:\/\/onedrone.com\/at\/politika-zasebnosti\/","og_locale":"de_DE","og_type":"article","og_title":"Datenschutzerkl\u00e4rung - OneDrone","og_description":"G\u00fcltigkeit, Annahme und Anwendung der Datenschutzrichtlinie I. Diese Datenschutzrichtlinie gilt f\u00fcr alle Personen, die gem\u00e4\u00df den Allgemeinen Gesch\u00e4ftsbedingungen und Nutzungsbedingungen der Website onedrone.si als Nutzer gelten, sowie f\u00fcr die gesamte Website einschlie\u00dflich ihrer Unterseiten. Ein Nutzer ist jede juristische oder nat\u00fcrliche Person, die die Website nutzt oder besucht (im Folgenden: Nutzer). Durch die Nutzung der [&hellip;]","og_url":"https:\/\/onedrone.com\/at\/politika-zasebnosti\/","og_site_name":"OneDrone","article_publisher":"https:\/\/www.facebook.com\/onedrone.si\/","article_modified_time":"2026-01-15T10:46:20+00:00","twitter_card":"summary_large_image","twitter_misc":{"Gesch\u00e4tzte Lesezeit":"3 Minuten"},"schema":{"@context":"https:\/\/schema.org","@graph":[{"@type":"WebPage","@id":"https:\/\/onedrone.com\/at\/politika-zasebnosti\/","url":"https:\/\/onedrone.com\/at\/politika-zasebnosti\/","name":"Datenschutzerkl\u00e4rung - OneDrone","isPartOf":{"@id":"https:\/\/onedrone.com\/at\/#website"},"datePublished":"2025-04-14T08:54:45+00:00","dateModified":"2026-01-15T10:46:20+00:00","breadcrumb":{"@id":"https:\/\/onedrone.com\/at\/politika-zasebnosti\/#breadcrumb"},"inLanguage":"de-AT","potentialAction":[{"@type":"ReadAction","target":["https:\/\/onedrone.com\/at\/politika-zasebnosti\/"]}]},{"@type":"BreadcrumbList","@id":"https:\/\/onedrone.com\/at\/politika-zasebnosti\/#breadcrumb","itemListElement":[{"@type":"ListItem","position":1,"name":"Home","item":"https:\/\/onedrone.com\/at\/"},{"@type":"ListItem","position":2,"name":"Datenschutzerkl\u00e4rung"}]},{"@type":"WebSite","@id":"https:\/\/onedrone.com\/at\/#website","url":"https:\/\/onedrone.com\/at\/","name":"OneDrone","description":"Your Drone adventure starts here","publisher":{"@id":"https:\/\/onedrone.com\/at\/#organization"},"potentialAction":[{"@type":"SearchAction","target":{"@type":"EntryPoint","urlTemplate":"https:\/\/onedrone.com\/at\/?s={search_term_string}"},"query-input":{"@type":"PropertyValueSpecification","valueRequired":true,"valueName":"search_term_string"}}],"inLanguage":"de-AT"},{"@type":"Organization","@id":"https:\/\/onedrone.com\/at\/#organization","name":"OneDrone","url":"https:\/\/onedrone.com\/at\/","logo":{"@type":"ImageObject","inLanguage":"de-AT","@id":"https:\/\/onedrone.com\/at\/#\/schema\/logo\/image\/","url":"https:\/\/onedrone.com\/wp-content\/uploads\/2025\/09\/black.svg","contentUrl":"https:\/\/onedrone.com\/wp-content\/uploads\/2025\/09\/black.svg","width":1932,"height":464,"caption":"OneDrone"},"image":{"@id":"https:\/\/onedrone.com\/at\/#\/schema\/logo\/image\/"},"sameAs":["https:\/\/www.facebook.com\/onedrone.si\/"]}]}},"_links":{"self":[{"href":"https:\/\/onedrone.com\/at\/wp-json\/wp\/v2\/pages\/19506","targetHints":{"allow":["GET"]}}],"collection":[{"href":"https:\/\/onedrone.com\/at\/wp-json\/wp\/v2\/pages"}],"about":[{"href":"https:\/\/onedrone.com\/at\/wp-json\/wp\/v2\/types\/page"}],"author":[{"embeddable":true,"href":"https:\/\/onedrone.com\/at\/wp-json\/wp\/v2\/users\/2"}],"replies":[{"embeddable":true,"href":"https:\/\/onedrone.com\/at\/wp-json\/wp\/v2\/comments?post=19506"}],"version-history":[{"count":4,"href":"https:\/\/onedrone.com\/at\/wp-json\/wp\/v2\/pages\/19506\/revisions"}],"predecessor-version":[{"id":19557,"href":"https:\/\/onedrone.com\/at\/wp-json\/wp\/v2\/pages\/19506\/revisions\/19557"}],"wp:attachment":[{"href":"https:\/\/onedrone.com\/at\/wp-json\/wp\/v2\/media?parent=19506"}],"curies":[{"name":"wp","href":"https:\/\/api.w.org\/{rel}","templated":true}]}}